{"id":5056,"date":"2022-09-15T17:28:31","date_gmt":"2022-09-15T15:28:31","guid":{"rendered":"https:\/\/gefaessmedizin.de\/aerzte\/"},"modified":"2025-07-10T11:00:32","modified_gmt":"2025-07-10T09:00:32","slug":"doctors","status":"publish","type":"page","link":"https:\/\/gefaessmedizin.de\/en\/doctors\/","title":{"rendered":"Doctors"},"content":{"rendered":"\n\n<div class=\"hero\">\n    <div class=\"hero__imgs\" data-delay=\"4\">\n                     \n                <div class=\"hero__img\" style=\"background-image:url(https:\/\/gefaessmedizin.de\/wp-content\/uploads\/2022\/09\/6-Gefaesszentrum-MuenchnerFreiheit-Aertzeteam-neu.jpg)\"><\/div>\n                        <\/div>\n    <div class=\"hero__overlay\">\n        <div class=\"container\">\n\n            \n                                            <h1 class=\"hero__title\">\n                    <span class=\"hero__title-line hero__title-line--1\"><\/span>\n                    <span class=\"hero__title-line hero__title-line--2\">Doctors<\/span>\n                <\/h1>\n            \n            \n            \n            \n        <\/div>\n    <\/div>\n<\/div>\n\n<div class=\"text-content\">\n    <div class=\"container\">\n\n                                                                    <h2>We treat them the way<br>as we like to be treated ourselves.<\/h2>\n                            \n                            <h3>Human. Empathic. Competent.<\/h3>\n                <img decoding=\"async\" class=\"text-content__logo\" width=\"30px\" height=\"30px\" alt=\"logo-gefaessmedizin-muenchen\" src=\"https:\/\/gefaessmedizin.de\/wp-content\/themes\/rankeffect\/images\/logos\/logo-gefaesszentrum-muenchen.svg\" loading=\"lazy\">\n                    \n        <div class=\"text-content__text\"><p>The team of doctors in our practice consists of internists and surgeons. We perform all minimally invasive and thus gentle treatment procedures on an outpatient basis. This form of treatment means that the intervention time is shorter and convalescence is also much quicker than with surgical operations.<\/p>\n<p><strong>Our team of doctors introduces itself to you:<\/strong><\/p><\/div>\n            <\/div>\n<\/div>\n\n<div class=\"doc-banners\">\r\n    <div class=\"container\">\r\n                    <div class=\"doc-banners__item\" style=\"background-image:url(https:\/\/gefaessmedizin.de\/wp-content\/uploads\/2022\/09\/6-Gefaesszentrum-MuenchnerFreiheit_Dr-Rauh.jpg)\">\r\n                <div class=\"doc-banners__item-overlay\">\r\n                    <h2 class=\"h1\">Prof. Dr. med.<br>G\u00fcnter Rauh<\/h2>\r\n                    \r\n                     \r\n                        <a class=\"btn\" href=\"https:\/\/gefaessmedizin.de\/en\/doctors\/prof-dr-med-guenter-rauh\/\">Learn more<\/a>\r\n                     \r\n\r\n                <\/div>\r\n            <\/div>\r\n                    <div class=\"doc-banners__item\" style=\"background-image:url(https:\/\/gefaessmedizin.de\/wp-content\/uploads\/2022\/09\/6-Gefaesszentrum-MuenchnerFreiheit_Dr-Mager.jpg)\">\r\n                <div class=\"doc-banners__item-overlay\">\r\n                    <h2 class=\"h1\">MD<br>Ulrike Mager<br><a href=\"https:\/\/gefaessmedizin.de\/aerzte\/dr-med-ulrike-mager\/\"><\/a><\/h2>\r\n                    \r\n                     \r\n                        <a class=\"btn\" href=\"https:\/\/gefaessmedizin.de\/en\/doctors\/ulrike-mager-md\/\">Learn more<\/a>\r\n                     \r\n\r\n                <\/div>\r\n            <\/div>\r\n                    <div class=\"doc-banners__item\" style=\"background-image:url(https:\/\/gefaessmedizin.de\/wp-content\/uploads\/2022\/09\/6-Gefaesszentrum-MuenchnerFreiheit_Dr-Berten.jpg)\">\r\n                <div class=\"doc-banners__item-overlay\">\r\n                    <h2 class=\"h1\">MD<br>Michaela Berten<\/h2>\r\n                    \r\n                     \r\n                        <a class=\"btn\" href=\"https:\/\/gefaessmedizin.de\/en\/doctors\/michaela-berten-md\/\">Learn more<\/a>\r\n                     \r\n\r\n                <\/div>\r\n            <\/div>\r\n                    <div class=\"doc-banners__item\" style=\"background-image:url(https:\/\/gefaessmedizin.de\/wp-content\/uploads\/2022\/09\/6-Gefaesszentrum-MuenchnerFreiheit_Dr-Eulenstein.jpg)\">\r\n                <div class=\"doc-banners__item-overlay\">\r\n                    <h2 class=\"h1\">MD<br>Cornelia Eulenstein<\/h2>\r\n                    \r\n                     \r\n                        <a class=\"btn\" href=\"https:\/\/gefaessmedizin.de\/en\/doctors\/cornelia-eulenstein-md\/\">Learn more<\/a>\r\n                     \r\n\r\n                <\/div>\r\n            <\/div>\r\n                    <div class=\"doc-banners__item\" style=\"background-image:url(https:\/\/gefaessmedizin.de\/wp-content\/uploads\/2022\/09\/6-Gefaesszentrum-MuenchnerFreiheit_Dr-Raab.jpg)\">\r\n                <div class=\"doc-banners__item-overlay\">\r\n                    <h2 class=\"h1\">MD<br>Vanessa Raab<\/h2>\r\n                    \r\n                     \r\n                        <a class=\"btn\" href=\"https:\/\/gefaessmedizin.de\/en\/doctors\/vanessa-raab-md\/\">Learn more<\/a>\r\n                     \r\n\r\n                <\/div>\r\n            <\/div>\r\n                    <div class=\"doc-banners__item\" style=\"background-image:url(https:\/\/gefaessmedizin.de\/wp-content\/uploads\/2022\/09\/6-Gefaesszentrum-MuenchnerFreiheit_Scheib_ret.jpg)\">\r\n                <div class=\"doc-banners__item-overlay\">\r\n                    <h2 class=\"h1\">Frieder<br>Scheib<\/h2>\r\n                    \r\n                     \r\n                        <a class=\"btn\" href=\"https:\/\/gefaessmedizin.de\/en\/doctors\/frieder-scheib\/\">Learn more<\/a>\r\n                     \r\n\r\n                <\/div>\r\n            <\/div>\r\n                    <div class=\"doc-banners__item\" style=\"background-image:url(https:\/\/gefaessmedizin.de\/wp-content\/uploads\/2022\/09\/6-Gefaesszentrum-MuenchnerFreiheit_Dr-Stiegler.jpg)\">\r\n                <div class=\"doc-banners__item-overlay\">\r\n                    <h2 class=\"h1\">MD<br>Hubert Stiegler<\/h2>\r\n                    \r\n                     \r\n                        <a class=\"btn\" href=\"https:\/\/gefaessmedizin.de\/en\/doctors\/hubert-stiegler-md\/\">Learn more<\/a>\r\n                     \r\n\r\n                <\/div>\r\n            <\/div>\r\n                    <div class=\"doc-banners__item\" style=\"background-image:url(https:\/\/gefaessmedizin.de\/wp-content\/uploads\/2022\/09\/6-Gefaesszentrum-MuenchnerFreiheit_Dr-Schmutterer.jpg)\">\r\n                <div class=\"doc-banners__item-overlay\">\r\n                    <h2 class=\"h1\">MD<br>Matthias Schmutterer<\/h2>\r\n                    \r\n                     \r\n                        <a class=\"btn\" href=\"https:\/\/gefaessmedizin.de\/en\/doctors\/matthias-schmutterer-md\/\">Learn more<\/a>\r\n                     \r\n\r\n                <\/div>\r\n            <\/div>\r\n                    <div class=\"doc-banners__item\" style=\"background-image:url(https:\/\/gefaessmedizin.de\/wp-content\/uploads\/2022\/09\/6-Gefaesszentrum-MuenchnerFreiheit_Dr-Singer-e1655193762550.jpg)\">\r\n                <div class=\"doc-banners__item-overlay\">\r\n                    <h2 class=\"h1\">MD<br>Julia Singer<\/h2>\r\n                    \r\n                     \r\n                        <a class=\"btn\" href=\"https:\/\/gefaessmedizin.de\/aerzte\/dr-med-julia-singer\/\">Learn more<\/a>\r\n                     \r\n\r\n                <\/div>\r\n            <\/div>\r\n                    <div class=\"doc-banners__item\" style=\"background-image:url(https:\/\/gefaessmedizin.de\/wp-content\/uploads\/2023\/05\/Dr.Argyriou-right.webp)\">\r\n                <div class=\"doc-banners__item-overlay\">\r\n                    <h2 class=\"h1\">MD<br>Angeliki Argyriou<\/h2>\r\n                    \r\n                     \r\n                        <a class=\"btn\" href=\"https:\/\/gefaessmedizin.de\/en\/doctors\/angeliki-argyriou-md\/\">Learn more<\/a>\r\n                     \r\n\r\n                <\/div>\r\n            <\/div>\r\n            <\/div>\r\n<\/div>","protected":false},"excerpt":{"rendered":"","protected":false},"author":1,"featured_media":0,"parent":0,"menu_order":0,"comment_status":"closed","ping_status":"closed","template":"","meta":{"seo-data":"%5B%7B%22title-tag%22:%22Doctors%20%7C%20Our%20Internists%20and%20Surgeons%22,%22meta-description%22:%22Internists%20and%20Surgeons%20in%20Munich%20%7C%20Specialized%20in%20Venous%20and%20Artery%20Diseases%20%E2%96%BA%20Learn%20More.%22,%22structured-data%22:%22%22%7D%5D","footnotes":""},"class_list":["post-5056","page","type-page","status-publish","hentry"],"yoast_head":"<!-- This site is optimized with the Yoast SEO plugin v25.9 - https:\/\/yoast.com\/wordpress\/plugins\/seo\/ -->\n<title>Doctors - Gef\u00e4\u00dfmedizin M\u00fcnchen<\/title>\n<meta name=\"robots\" content=\"index, follow, max-snippet:-1, max-image-preview:large, max-video-preview:-1\" \/>\n<link rel=\"canonical\" href=\"https:\/\/gefaessmedizin.de\/en\/doctors\/\" \/>\n<meta property=\"og:locale\" content=\"en_US\" \/>\n<meta property=\"og:type\" content=\"article\" \/>\n<meta property=\"og:title\" content=\"Doctors - Gef\u00e4\u00dfmedizin M\u00fcnchen\" \/>\n<meta property=\"og:url\" content=\"https:\/\/gefaessmedizin.de\/en\/doctors\/\" \/>\n<meta property=\"og:site_name\" content=\"Gef\u00e4\u00dfmedizin M\u00fcnchen\" \/>\n<meta property=\"article:modified_time\" content=\"2025-07-10T09:00:32+00:00\" \/>\n<meta name=\"twitter:card\" content=\"summary_large_image\" \/>\n<script type=\"application\/ld+json\" class=\"yoast-schema-graph\">{\"@context\":\"https:\/\/schema.org\",\"@graph\":[{\"@type\":\"WebPage\",\"@id\":\"https:\/\/gefaessmedizin.de\/en\/doctors\/\",\"url\":\"https:\/\/gefaessmedizin.de\/en\/doctors\/\",\"name\":\"Doctors - Gef\u00e4\u00dfmedizin M\u00fcnchen\",\"isPartOf\":{\"@id\":\"https:\/\/gefaessmedizin.de\/en\/#website\"},\"datePublished\":\"2022-09-15T15:28:31+00:00\",\"dateModified\":\"2025-07-10T09:00:32+00:00\",\"breadcrumb\":{\"@id\":\"https:\/\/gefaessmedizin.de\/en\/doctors\/#breadcrumb\"},\"inLanguage\":\"en-US\",\"potentialAction\":[{\"@type\":\"ReadAction\",\"target\":[\"https:\/\/gefaessmedizin.de\/en\/doctors\/\"]}]},{\"@type\":\"BreadcrumbList\",\"@id\":\"https:\/\/gefaessmedizin.de\/en\/doctors\/#breadcrumb\",\"itemListElement\":[{\"@type\":\"ListItem\",\"position\":1,\"name\":\"Startseite\",\"item\":\"https:\/\/gefaessmedizin.de\/en\/\"},{\"@type\":\"ListItem\",\"position\":2,\"name\":\"Doctors\"}]},{\"@type\":\"WebSite\",\"@id\":\"https:\/\/gefaessmedizin.de\/en\/#website\",\"url\":\"https:\/\/gefaessmedizin.de\/en\/\",\"name\":\"Gef\u00e4\u00dfmedizin M\u00fcnchen\",\"description\":\"Gef\u00e4\u00dfmedizin M\u00fcnchen | \u2713 Venen- und Arterienerkrankungen \u2713 Diagnostik \u2713 Therapie \u25ba Jetzt informieren.\",\"potentialAction\":[{\"@type\":\"SearchAction\",\"target\":{\"@type\":\"EntryPoint\",\"urlTemplate\":\"https:\/\/gefaessmedizin.de\/en\/?s={search_term_string}\"},\"query-input\":{\"@type\":\"PropertyValueSpecification\",\"valueRequired\":true,\"valueName\":\"search_term_string\"}}],\"inLanguage\":\"en-US\"}]}<\/script>\n<!-- \/ Yoast SEO plugin. -->","yoast_head_json":{"title":"Doctors - Gef\u00e4\u00dfmedizin M\u00fcnchen","robots":{"index":"index","follow":"follow","max-snippet":"max-snippet:-1","max-image-preview":"max-image-preview:large","max-video-preview":"max-video-preview:-1"},"canonical":"https:\/\/gefaessmedizin.de\/en\/doctors\/","og_locale":"en_US","og_type":"article","og_title":"Doctors - Gef\u00e4\u00dfmedizin M\u00fcnchen","og_url":"https:\/\/gefaessmedizin.de\/en\/doctors\/","og_site_name":"Gef\u00e4\u00dfmedizin M\u00fcnchen","article_modified_time":"2025-07-10T09:00:32+00:00","twitter_card":"summary_large_image","schema":{"@context":"https:\/\/schema.org","@graph":[{"@type":"WebPage","@id":"https:\/\/gefaessmedizin.de\/en\/doctors\/","url":"https:\/\/gefaessmedizin.de\/en\/doctors\/","name":"Doctors - Gef\u00e4\u00dfmedizin M\u00fcnchen","isPartOf":{"@id":"https:\/\/gefaessmedizin.de\/en\/#website"},"datePublished":"2022-09-15T15:28:31+00:00","dateModified":"2025-07-10T09:00:32+00:00","breadcrumb":{"@id":"https:\/\/gefaessmedizin.de\/en\/doctors\/#breadcrumb"},"inLanguage":"en-US","potentialAction":[{"@type":"ReadAction","target":["https:\/\/gefaessmedizin.de\/en\/doctors\/"]}]},{"@type":"BreadcrumbList","@id":"https:\/\/gefaessmedizin.de\/en\/doctors\/#breadcrumb","itemListElement":[{"@type":"ListItem","position":1,"name":"Startseite","item":"https:\/\/gefaessmedizin.de\/en\/"},{"@type":"ListItem","position":2,"name":"Doctors"}]},{"@type":"WebSite","@id":"https:\/\/gefaessmedizin.de\/en\/#website","url":"https:\/\/gefaessmedizin.de\/en\/","name":"Gef\u00e4\u00dfmedizin M\u00fcnchen","description":"Gef\u00e4\u00dfmedizin M\u00fcnchen | \u2713 Venen- und Arterienerkrankungen \u2713 Diagnostik \u2713 Therapie \u25ba Jetzt informieren.","potentialAction":[{"@type":"SearchAction","target":{"@type":"EntryPoint","urlTemplate":"https:\/\/gefaessmedizin.de\/en\/?s={search_term_string}"},"query-input":{"@type":"PropertyValueSpecification","valueRequired":true,"valueName":"search_term_string"}}],"inLanguage":"en-US"}]}},"_links":{"self":[{"href":"https:\/\/gefaessmedizin.de\/en\/wp-json\/wp\/v2\/pages\/5056","targetHints":{"allow":["GET"]}}],"collection":[{"href":"https:\/\/gefaessmedizin.de\/en\/wp-json\/wp\/v2\/pages"}],"about":[{"href":"https:\/\/gefaessmedizin.de\/en\/wp-json\/wp\/v2\/types\/page"}],"author":[{"embeddable":true,"href":"https:\/\/gefaessmedizin.de\/en\/wp-json\/wp\/v2\/users\/1"}],"replies":[{"embeddable":true,"href":"https:\/\/gefaessmedizin.de\/en\/wp-json\/wp\/v2\/comments?post=5056"}],"version-history":[{"count":10,"href":"https:\/\/gefaessmedizin.de\/en\/wp-json\/wp\/v2\/pages\/5056\/revisions"}],"predecessor-version":[{"id":6291,"href":"https:\/\/gefaessmedizin.de\/en\/wp-json\/wp\/v2\/pages\/5056\/revisions\/6291"}],"wp:attachment":[{"href":"https:\/\/gefaessmedizin.de\/en\/wp-json\/wp\/v2\/media?parent=5056"}],"curies":[{"name":"wp","href":"https:\/\/api.w.org\/{rel}","templated":true}]}}