{"id":5072,"date":"2022-09-23T17:54:06","date_gmt":"2022-09-23T15:54:06","guid":{"rendered":"https:\/\/gefaessmedizin.de\/aerzte\/dr-med-vanessa-raab\/"},"modified":"2025-07-10T11:19:15","modified_gmt":"2025-07-10T09:19:15","slug":"vanessa-raab-md","status":"publish","type":"page","link":"https:\/\/gefaessmedizin.de\/en\/doctors\/vanessa-raab-md\/","title":{"rendered":"Dr. med. Vanessa Raab"},"content":{"rendered":"\n\n<div class=\"hero\">\n    <div class=\"hero__imgs\" data-delay=\"4\">\n                     \n                <div class=\"hero__img\" style=\"background-image:url(https:\/\/gefaessmedizin.de\/wp-content\/uploads\/2022\/09\/6-Gefaesszentrum-MuenchnerFreiheit_Dr-Raab_CV.jpg)\"><\/div>\n                        <\/div>\n    <div class=\"hero__overlay\">\n        <div class=\"container\">\n\n            \n                                            <h1 class=\"hero__title\">\n                    <span class=\"hero__title-line hero__title-line--1\">Dr. med.<\/span>\n                    <span class=\"hero__title-line hero__title-line--2\">Vanessa Raab<\/span>\n                <\/h1>\n            \n            \n            \n            \n        <\/div>\n    <\/div>\n<\/div>\n\n<div class=\"text-content text-content--doc-1\">\n    <div class=\"container\">\n\n                                                                    <h2>Dr. med. Vanessa Raab<\/h2>\n                            \n                            <h3>Internistin, Angiologin, Phlebologin<\/h3>\n                <img decoding=\"async\" class=\"text-content__logo\" width=\"30px\" height=\"30px\" alt=\"logo-gefaessmedizin-muenchen\" src=\"https:\/\/gefaessmedizin.de\/wp-content\/themes\/rankeffect\/images\/logos\/logo-gefaesszentrum-muenchen.svg\" loading=\"lazy\">\n                    \n        <div class=\"text-content__text\"><p><strong>1997-2004:<\/strong> Studium der Humanmedizin, Universit\u00e4ten Heidelberg, Paris und Berlin<\/p>\n<p><strong>2004:<\/strong> Approbation<\/p>\n<p><strong>2007:<\/strong> Promotion<\/p>\n<p><strong>2004-2007:<\/strong> Charit\u00e9 Universit\u00e4tsklinik Berlin, Kardiologie und Angiologie<\/p>\n<p><strong>2007-2014:<\/strong> Klinikum Schwabing M\u00fcnchen, Kardiologie und Angiologie<\/p>\n<p><strong>seit 2014:<\/strong> Gef\u00e4sszentrum M\u00fcnchner Freiheit<\/p><\/div>\n            <\/div>\n<\/div>\n\n<div class=\"text-content text-content--doc-2\">\n    <div class=\"container\">\n\n                                \n                    \n        <div class=\"text-content__text\"><p><strong>Special qualifications:<\/strong><br \/>Phlebologie<\/p>\n<h4>Other physicians at the Vascular Medicine Center Munich<\/h4><\/div>\n            <\/div>\n<\/div>\n\n<div class=\"doc-galery\">\r\n    <div class=\"container\">\r\n        <div class=\"doc-galery__items\">\r\n                            <a class=\"doc-galery__item\" href=\"https:\/\/gefaessmedizin.de\/aerzte\/prof-dr-med-guenter-rauh\/\">\r\n                    <img fetchpriority=\"high\" decoding=\"async\" width=\"320\" height=\"320\" src=\"https:\/\/gefaessmedizin.de\/wp-content\/uploads\/2022\/09\/2-Gefaesszentrum-MuenchnerFreiheit_Dr-Rauh-320x320-3.jpg\" class=\"attachment-medium size-medium\" alt=\"Prof. Dr. med. G\u00fcnter Rauh\" onerror=\"this.srcset=&quot;&quot;\" srcset=\"https:\/\/gefaessmedizin.de\/wp-content\/uploads\/2022\/09\/2-Gefaesszentrum-MuenchnerFreiheit_Dr-Rauh-320x320-3.jpg 320w, https:\/\/gefaessmedizin.de\/wp-content\/uploads\/2022\/09\/2-Gefaesszentrum-MuenchnerFreiheit_Dr-Rauh-320x320-3-150x150.jpg 150w\" sizes=\"(max-width: 320px) 100vw, 320px\" \/>                    <span class=\"doc-galery__caption\">Prof. Dr. med.<br\/> G\u00fcnter Rauh<\/span>\r\n                <\/a>\r\n                            <a class=\"doc-galery__item\" href=\"https:\/\/gefaessmedizin.de\/aerzte\/dr-med-ulrike-mager\/\">\r\n                    <img decoding=\"async\" width=\"320\" height=\"320\" src=\"https:\/\/gefaessmedizin.de\/wp-content\/uploads\/2022\/09\/2-Gefaesszentrum-MuenchnerFreiheit_Dr-Mager-320x320-3.jpg\" class=\"attachment-medium size-medium\" alt=\"Dr. med. Ulrike Mager\" onerror=\"this.srcset=&quot;&quot;\" srcset=\"https:\/\/gefaessmedizin.de\/wp-content\/uploads\/2022\/09\/2-Gefaesszentrum-MuenchnerFreiheit_Dr-Mager-320x320-3.jpg 320w, https:\/\/gefaessmedizin.de\/wp-content\/uploads\/2022\/09\/2-Gefaesszentrum-MuenchnerFreiheit_Dr-Mager-320x320-3-150x150.jpg 150w\" sizes=\"(max-width: 320px) 100vw, 320px\" \/>                    <span class=\"doc-galery__caption\">Dr. med.<br\/> Ulrike Mager<\/span>\r\n                <\/a>\r\n                            <a class=\"doc-galery__item\" href=\"https:\/\/gefaessmedizin.de\/aerzte\/dr-med-michaela-berten\/\">\r\n                    <img decoding=\"async\" width=\"320\" height=\"320\" src=\"https:\/\/gefaessmedizin.de\/wp-content\/uploads\/2022\/09\/2-Gefaesszentrum-MuenchnerFreiheit_Dr-Berten-320x320-3.jpg\" class=\"attachment-medium size-medium\" alt=\"Dr. med. Michaela Berten\" onerror=\"this.srcset=&quot;&quot;\" srcset=\"https:\/\/gefaessmedizin.de\/wp-content\/uploads\/2022\/09\/2-Gefaesszentrum-MuenchnerFreiheit_Dr-Berten-320x320-3.jpg 320w, https:\/\/gefaessmedizin.de\/wp-content\/uploads\/2022\/09\/2-Gefaesszentrum-MuenchnerFreiheit_Dr-Berten-320x320-3-150x150.jpg 150w\" sizes=\"(max-width: 320px) 100vw, 320px\" \/>                    <span class=\"doc-galery__caption\">Dr. med.<br\/> Michaela Berten<\/span>\r\n                <\/a>\r\n                            <a class=\"doc-galery__item\" href=\"https:\/\/gefaessmedizin.de\/aerzte\/dr-med-cornelia-eulenstein\/\">\r\n                    <img loading=\"lazy\" decoding=\"async\" width=\"320\" height=\"320\" src=\"https:\/\/gefaessmedizin.de\/wp-content\/uploads\/2022\/09\/2-Gefaesszentrum-MuenchnerFreiheit_Dr-Eulenstein-320x320-3.jpg\" class=\"attachment-medium size-medium\" alt=\"Dr. med. Cornelia Eulenstein\" onerror=\"this.srcset=&quot;&quot;\" srcset=\"https:\/\/gefaessmedizin.de\/wp-content\/uploads\/2022\/09\/2-Gefaesszentrum-MuenchnerFreiheit_Dr-Eulenstein-320x320-3.jpg 320w, https:\/\/gefaessmedizin.de\/wp-content\/uploads\/2022\/09\/2-Gefaesszentrum-MuenchnerFreiheit_Dr-Eulenstein-320x320-3-150x150.jpg 150w\" sizes=\"(max-width: 320px) 100vw, 320px\" \/>                    <span class=\"doc-galery__caption\">Dr. med.<br\/> Cornelia Eulenstein<\/span>\r\n                <\/a>\r\n                            <a class=\"doc-galery__item\" href=\"https:\/\/gefaessmedizin.de\/aerzte\/frieder-scheib\/\">\r\n                    <img loading=\"lazy\" decoding=\"async\" width=\"320\" height=\"320\" src=\"https:\/\/gefaessmedizin.de\/wp-content\/uploads\/2022\/09\/2-Gefaesszentrum-MuenchnerFreiheit_Scheib-320x320-3.jpg\" class=\"attachment-medium size-medium\" alt=\"Frieder Scheib\" onerror=\"this.srcset=&quot;&quot;\" srcset=\"https:\/\/gefaessmedizin.de\/wp-content\/uploads\/2022\/09\/2-Gefaesszentrum-MuenchnerFreiheit_Scheib-320x320-3.jpg 320w, https:\/\/gefaessmedizin.de\/wp-content\/uploads\/2022\/09\/2-Gefaesszentrum-MuenchnerFreiheit_Scheib-320x320-3-150x150.jpg 150w\" sizes=\"(max-width: 320px) 100vw, 320px\" \/>                    <span class=\"doc-galery__caption\">Frieder Scheib<\/span>\r\n                <\/a>\r\n                            <a class=\"doc-galery__item\" href=\"https:\/\/gefaessmedizin.de\/aerzte\/dr-med-hubert-stiegler\/\">\r\n                    <img loading=\"lazy\" decoding=\"async\" width=\"320\" height=\"320\" src=\"https:\/\/gefaessmedizin.de\/wp-content\/uploads\/2022\/09\/2-Gefaesszentrum-MuenchnerFreiheit_Dr-Stiegler-320x320-3.jpg\" class=\"attachment-medium size-medium\" alt=\"Dr. med. Hubert Stiegler\" onerror=\"this.srcset=&quot;&quot;\" srcset=\"https:\/\/gefaessmedizin.de\/wp-content\/uploads\/2022\/09\/2-Gefaesszentrum-MuenchnerFreiheit_Dr-Stiegler-320x320-3.jpg 320w, https:\/\/gefaessmedizin.de\/wp-content\/uploads\/2022\/09\/2-Gefaesszentrum-MuenchnerFreiheit_Dr-Stiegler-320x320-3-150x150.jpg 150w\" sizes=\"(max-width: 320px) 100vw, 320px\" \/>                    <span class=\"doc-galery__caption\">Dr. med.<br\/> Hubert Stiegler<\/span>\r\n                <\/a>\r\n                            <a class=\"doc-galery__item\" href=\"https:\/\/gefaessmedizin.de\/aerzte\/dr-med-matthias-schmutterer\/\">\r\n                    <img loading=\"lazy\" decoding=\"async\" width=\"320\" height=\"320\" src=\"https:\/\/gefaessmedizin.de\/wp-content\/uploads\/2022\/09\/2-Gefaesszentrum-MuenchnerFreiheit_Dr-Schmutterer-320x320-3.jpg\" class=\"attachment-medium size-medium\" alt=\"Dr. med. Matthias Schmutterer\" onerror=\"this.srcset=&quot;&quot;\" srcset=\"https:\/\/gefaessmedizin.de\/wp-content\/uploads\/2022\/09\/2-Gefaesszentrum-MuenchnerFreiheit_Dr-Schmutterer-320x320-3.jpg 320w, https:\/\/gefaessmedizin.de\/wp-content\/uploads\/2022\/09\/2-Gefaesszentrum-MuenchnerFreiheit_Dr-Schmutterer-320x320-3-150x150.jpg 150w\" sizes=\"(max-width: 320px) 100vw, 320px\" \/>                    <span class=\"doc-galery__caption\">Dr. med.<br\/> Matthias Schmutterer<\/span>\r\n                <\/a>\r\n                            <a class=\"doc-galery__item\" href=\"https:\/\/gefaessmedizin.de\/aerzte\/dr-med-julia-singer\/\">\r\n                    <img loading=\"lazy\" decoding=\"async\" width=\"320\" height=\"320\" src=\"https:\/\/gefaessmedizin.de\/wp-content\/uploads\/2022\/09\/6-Gefaesszentrum-MuenchnerFreiheit_Dr-Singer-xs-2.jpg\" class=\"attachment-medium size-medium\" alt=\"\" onerror=\"this.srcset=&quot;&quot;\" srcset=\"https:\/\/gefaessmedizin.de\/wp-content\/uploads\/2022\/09\/6-Gefaesszentrum-MuenchnerFreiheit_Dr-Singer-xs-2.jpg 320w, https:\/\/gefaessmedizin.de\/wp-content\/uploads\/2022\/09\/6-Gefaesszentrum-MuenchnerFreiheit_Dr-Singer-xs-2-150x150.jpg 150w\" sizes=\"(max-width: 320px) 100vw, 320px\" \/>                    <span class=\"doc-galery__caption\">Dr. med.<br\/> Julia Singer<\/span>\r\n                <\/a>\r\n                    <\/div>\r\n            <\/div>\r\n<\/div>\n\n<div class=\"img-container\">\r\n    <div class=\"container\">\r\n        <img loading=\"lazy\" decoding=\"async\" width=\"1598\" height=\"300\" src=\"https:\/\/gefaessmedizin.de\/wp-content\/uploads\/2022\/09\/6-Gefaesszentrum-MuenchnerFreiheit_Dr-Rauh-Bildband.jpg\" class=\"attachment-full size-full\" alt=\"Gef\u00e4\u00dfzentrum M\u00fcnchner Freiheit Bildband von Prof. Dr. med. G\u00fcnther Rauh\" srcset=\"https:\/\/gefaessmedizin.de\/wp-content\/uploads\/2022\/09\/6-Gefaesszentrum-MuenchnerFreiheit_Dr-Rauh-Bildband.jpg 1598w, https:\/\/gefaessmedizin.de\/wp-content\/uploads\/2022\/09\/6-Gefaesszentrum-MuenchnerFreiheit_Dr-Rauh-Bildband-360x68.jpg 360w, https:\/\/gefaessmedizin.de\/wp-content\/uploads\/2022\/09\/6-Gefaesszentrum-MuenchnerFreiheit_Dr-Rauh-Bildband-1024x192.jpg 1024w, https:\/\/gefaessmedizin.de\/wp-content\/uploads\/2022\/09\/6-Gefaesszentrum-MuenchnerFreiheit_Dr-Rauh-Bildband-768x144.jpg 768w, https:\/\/gefaessmedizin.de\/wp-content\/uploads\/2022\/09\/6-Gefaesszentrum-MuenchnerFreiheit_Dr-Rauh-Bildband-1536x288.jpg 1536w\" sizes=\"(max-width: 1598px) 100vw, 1598px\" \/>    <\/div>\r\n<\/div>","protected":false},"excerpt":{"rendered":"","protected":false},"author":1,"featured_media":0,"parent":5056,"menu_order":0,"comment_status":"closed","ping_status":"closed","template":"","meta":{"seo-data":"%5B%7B%22title-tag%22:%22%20Vanessa%20Raab,%20MD%20%7C%20Gef%C3%A4%C3%9Fmedizin%20M%C3%BCnchen%22,%22meta-description%22:%22Our%20Doctors%20%7C%20%20Vanessa%20Raab,%20MD:%20Internist,%20Angiologist,%20Phlebologist%20%E2%9C%93%20Education%20and%20Curriculum%20Vitae%20%E2%96%BA%20Learn%20More.%22,%22structured-data%22:%22%22%7D%5D","footnotes":""},"class_list":["post-5072","page","type-page","status-publish","hentry"],"yoast_head":"<!-- This site is optimized with the Yoast SEO plugin v25.9 - https:\/\/yoast.com\/wordpress\/plugins\/seo\/ -->\n<title>Dr. med. Vanessa Raab - Gef\u00e4\u00dfmedizin M\u00fcnchen<\/title>\n<meta name=\"robots\" content=\"index, follow, max-snippet:-1, max-image-preview:large, max-video-preview:-1\" \/>\n<link rel=\"canonical\" href=\"https:\/\/gefaessmedizin.de\/en\/doctors\/vanessa-raab-md\/\" \/>\n<meta property=\"og:locale\" content=\"en_US\" \/>\n<meta property=\"og:type\" content=\"article\" \/>\n<meta property=\"og:title\" content=\"Dr. med. Vanessa Raab - Gef\u00e4\u00dfmedizin M\u00fcnchen\" \/>\n<meta property=\"og:url\" content=\"https:\/\/gefaessmedizin.de\/en\/doctors\/vanessa-raab-md\/\" \/>\n<meta property=\"og:site_name\" content=\"Gef\u00e4\u00dfmedizin M\u00fcnchen\" \/>\n<meta property=\"article:modified_time\" content=\"2025-07-10T09:19:15+00:00\" \/>\n<meta name=\"twitter:card\" content=\"summary_large_image\" \/>\n<script type=\"application\/ld+json\" class=\"yoast-schema-graph\">{\"@context\":\"https:\/\/schema.org\",\"@graph\":[{\"@type\":\"WebPage\",\"@id\":\"https:\/\/gefaessmedizin.de\/en\/doctors\/vanessa-raab-md\/\",\"url\":\"https:\/\/gefaessmedizin.de\/en\/doctors\/vanessa-raab-md\/\",\"name\":\"Dr. med. Vanessa Raab - Gef\u00e4\u00dfmedizin M\u00fcnchen\",\"isPartOf\":{\"@id\":\"https:\/\/gefaessmedizin.de\/en\/#website\"},\"datePublished\":\"2022-09-23T15:54:06+00:00\",\"dateModified\":\"2025-07-10T09:19:15+00:00\",\"breadcrumb\":{\"@id\":\"https:\/\/gefaessmedizin.de\/en\/doctors\/vanessa-raab-md\/#breadcrumb\"},\"inLanguage\":\"en-US\",\"potentialAction\":[{\"@type\":\"ReadAction\",\"target\":[\"https:\/\/gefaessmedizin.de\/en\/doctors\/vanessa-raab-md\/\"]}]},{\"@type\":\"BreadcrumbList\",\"@id\":\"https:\/\/gefaessmedizin.de\/en\/doctors\/vanessa-raab-md\/#breadcrumb\",\"itemListElement\":[{\"@type\":\"ListItem\",\"position\":1,\"name\":\"Startseite\",\"item\":\"https:\/\/gefaessmedizin.de\/en\/\"},{\"@type\":\"ListItem\",\"position\":2,\"name\":\"Doctors\",\"item\":\"https:\/\/gefaessmedizin.de\/en\/doctors\/\"},{\"@type\":\"ListItem\",\"position\":3,\"name\":\"Dr. med. Vanessa Raab\"}]},{\"@type\":\"WebSite\",\"@id\":\"https:\/\/gefaessmedizin.de\/en\/#website\",\"url\":\"https:\/\/gefaessmedizin.de\/en\/\",\"name\":\"Gef\u00e4\u00dfmedizin M\u00fcnchen\",\"description\":\"Gef\u00e4\u00dfmedizin M\u00fcnchen | \u2713 Venen- und Arterienerkrankungen \u2713 Diagnostik \u2713 Therapie \u25ba Jetzt informieren.\",\"potentialAction\":[{\"@type\":\"SearchAction\",\"target\":{\"@type\":\"EntryPoint\",\"urlTemplate\":\"https:\/\/gefaessmedizin.de\/en\/?s={search_term_string}\"},\"query-input\":{\"@type\":\"PropertyValueSpecification\",\"valueRequired\":true,\"valueName\":\"search_term_string\"}}],\"inLanguage\":\"en-US\"}]}<\/script>\n<!-- \/ Yoast SEO plugin. -->","yoast_head_json":{"title":"Dr. med. Vanessa Raab - Gef\u00e4\u00dfmedizin M\u00fcnchen","robots":{"index":"index","follow":"follow","max-snippet":"max-snippet:-1","max-image-preview":"max-image-preview:large","max-video-preview":"max-video-preview:-1"},"canonical":"https:\/\/gefaessmedizin.de\/en\/doctors\/vanessa-raab-md\/","og_locale":"en_US","og_type":"article","og_title":"Dr. med. Vanessa Raab - Gef\u00e4\u00dfmedizin M\u00fcnchen","og_url":"https:\/\/gefaessmedizin.de\/en\/doctors\/vanessa-raab-md\/","og_site_name":"Gef\u00e4\u00dfmedizin M\u00fcnchen","article_modified_time":"2025-07-10T09:19:15+00:00","twitter_card":"summary_large_image","schema":{"@context":"https:\/\/schema.org","@graph":[{"@type":"WebPage","@id":"https:\/\/gefaessmedizin.de\/en\/doctors\/vanessa-raab-md\/","url":"https:\/\/gefaessmedizin.de\/en\/doctors\/vanessa-raab-md\/","name":"Dr. med. Vanessa Raab - Gef\u00e4\u00dfmedizin M\u00fcnchen","isPartOf":{"@id":"https:\/\/gefaessmedizin.de\/en\/#website"},"datePublished":"2022-09-23T15:54:06+00:00","dateModified":"2025-07-10T09:19:15+00:00","breadcrumb":{"@id":"https:\/\/gefaessmedizin.de\/en\/doctors\/vanessa-raab-md\/#breadcrumb"},"inLanguage":"en-US","potentialAction":[{"@type":"ReadAction","target":["https:\/\/gefaessmedizin.de\/en\/doctors\/vanessa-raab-md\/"]}]},{"@type":"BreadcrumbList","@id":"https:\/\/gefaessmedizin.de\/en\/doctors\/vanessa-raab-md\/#breadcrumb","itemListElement":[{"@type":"ListItem","position":1,"name":"Startseite","item":"https:\/\/gefaessmedizin.de\/en\/"},{"@type":"ListItem","position":2,"name":"Doctors","item":"https:\/\/gefaessmedizin.de\/en\/doctors\/"},{"@type":"ListItem","position":3,"name":"Dr. med. Vanessa Raab"}]},{"@type":"WebSite","@id":"https:\/\/gefaessmedizin.de\/en\/#website","url":"https:\/\/gefaessmedizin.de\/en\/","name":"Gef\u00e4\u00dfmedizin M\u00fcnchen","description":"Gef\u00e4\u00dfmedizin M\u00fcnchen | \u2713 Venen- und Arterienerkrankungen \u2713 Diagnostik \u2713 Therapie \u25ba Jetzt informieren.","potentialAction":[{"@type":"SearchAction","target":{"@type":"EntryPoint","urlTemplate":"https:\/\/gefaessmedizin.de\/en\/?s={search_term_string}"},"query-input":{"@type":"PropertyValueSpecification","valueRequired":true,"valueName":"search_term_string"}}],"inLanguage":"en-US"}]}},"_links":{"self":[{"href":"https:\/\/gefaessmedizin.de\/en\/wp-json\/wp\/v2\/pages\/5072","targetHints":{"allow":["GET"]}}],"collection":[{"href":"https:\/\/gefaessmedizin.de\/en\/wp-json\/wp\/v2\/pages"}],"about":[{"href":"https:\/\/gefaessmedizin.de\/en\/wp-json\/wp\/v2\/types\/page"}],"author":[{"embeddable":true,"href":"https:\/\/gefaessmedizin.de\/en\/wp-json\/wp\/v2\/users\/1"}],"replies":[{"embeddable":true,"href":"https:\/\/gefaessmedizin.de\/en\/wp-json\/wp\/v2\/comments?post=5072"}],"version-history":[{"count":11,"href":"https:\/\/gefaessmedizin.de\/en\/wp-json\/wp\/v2\/pages\/5072\/revisions"}],"predecessor-version":[{"id":6278,"href":"https:\/\/gefaessmedizin.de\/en\/wp-json\/wp\/v2\/pages\/5072\/revisions\/6278"}],"up":[{"embeddable":true,"href":"https:\/\/gefaessmedizin.de\/en\/wp-json\/wp\/v2\/pages\/5056"}],"wp:attachment":[{"href":"https:\/\/gefaessmedizin.de\/en\/wp-json\/wp\/v2\/media?parent=5072"}],"curies":[{"name":"wp","href":"https:\/\/api.w.org\/{rel}","templated":true}]}}