{"id":5079,"date":"2020-11-06T12:15:18","date_gmt":"2020-11-06T10:15:18","guid":{"rendered":"https:\/\/gefaessmedizin.de\/datenschutz\/"},"modified":"2025-07-10T11:32:05","modified_gmt":"2025-07-10T09:32:05","slug":"privacy-policy","status":"publish","type":"page","link":"https:\/\/gefaessmedizin.de\/en\/privacy-policy\/","title":{"rendered":"Privacy Policy"},"content":{"rendered":"\n\n<div class=\"text-content text-content--2-cols\">\r\n    <div class=\"container\">\r\n        <h2>Privacy Policy<\/h2>\r\n        <h3>Everything at a glance.<\/h3>\r\n                    <img decoding=\"async\" class=\"text-content__logo\" width=\"30px\" height=\"30px\" alt=\"logo-gefaessmedizin-muenchen\" src=\"https:\/\/gefaessmedizin.de\/wp-content\/themes\/rankeffect\/images\/logos\/logo-gefaesszentrum-muenchen.svg\" loading=\"lazy\">\r\n                <div class=\"text-content__text\">\r\n            <div class=\"text-content__text-left\">\r\n                <p><strong>Duty to provide information in accordance with Art. 13 of the EU-GDPR (European General Data Protection Regulation) in order to collect personal data of data subjects.<\/strong><\/p>\n<p>As part of our job as the providers of medical services, we are legally obliged to collect and to store personal data. In accordance with Art. 13 of the EU-GDPR, the data subject is informed at the time of collecting the data. In the following paragraphs, you\u2019ll find further information on how we process personal data as part of our medical services.<\/p>\n<p><strong>1. Contact with the responsible body<\/strong><\/p>\n<p>Promenadeplatz Vascular Centre<br \/>Dr. med. Ulrike Mager<br \/>Prof. Dr. med. G\u00fcnter Rauh<br \/>Promenadeplatz 8<br \/>80333 Munich<\/p>\n<p>Telephone:\u00a0<a href=\"tel:00498921269090\">+49 (0)89 21 26 90 90<\/a><br \/>e-mail:\u00a0<a class=\"mail\" href=\"mailto: info(at)gefaesszentrum-promenadeplatz.de\">info(at)gefaesszentrum-promenadeplatz.de<\/a><\/p>\n<p><strong>2. Contact details of the data protection officer<\/strong><\/p>\n<p>Mr Dennis Feiler<br \/>Einsteinring 28<br \/>85609 Aschheim b. M\u00fcnchen<\/p>\n<p>Telephone:\u00a0<a href=\"tel:0049894614870\">089 461487-0<\/a><br \/>Fax: 089 461487-11<br \/>e-mail:\u00a0<a class=\"mail\" href=\"mailto: datenschutz(at)dfcsystems.de\">datenschutz(at)dfcsystems.de<\/a><\/p>\n<p><strong>3. Purposes and legal basis of the data processing<\/strong><\/p>\n<p>The purpose of storing, processing and collecting your personal data is to provide and to invoice our medical services, all in accordance with the legal regulations.<\/p>\n<p>The legal basis for the collection, documentation and the archiving obligations of data are build upon the code of ethics for doctors, the regulations of the Code of Social Law and in the case the provision of radiological services, upon the X-ray regulations.<\/p>\n<p><strong>4. Data storage duration<\/strong><\/p>\n<p>The Legal regulations listed in point 3 say, that collected data has to be saved for at least 10 years and for a maximum of 30 years.<\/p>            <\/div>\r\n            <div class=\"text-content__text-right\">\r\n                <p><strong>5. Information regarding your rights<\/strong><\/p>\n<p>a)\u00a0Information:<br \/>You are entitled to receive at any time information about which data are being stored.<\/p>\n<p>b)\u00a0Correction:<br \/>You are entitled to have your data corrected at any time.<\/p>\n<p>c)\u00a0Deletion:<br \/>You are entitled to have the data deleted at any time\u00a0provided this does not contradict any other legal regulations pertaining to its storage.<\/p>\n<p>d)\u00a0Objection:<br \/>You are entitled at any time to object to the processing, the use and the transferability of your data. As part of the provision of our medical services, however, we are legally obliged to document and save your personal data as well as medical services provided to you.<\/p>\n<p>e)\u00a0Complaint:<br \/>You can lodge a complaint at your data protection supervisory authority.<\/p>\n<p><strong>6. Why we need your data<\/strong><\/p>\n<p>The only purpose for the collection of data is to provide the best possible medical service possible, which is all for the good of your health. The lack of data may result in us not being able to provide treatment.<\/p>\n<p><strong>7. Data collection on our website<\/strong><\/p>\n<p>Our provider of the surgery website (www.gefaessmedizin.de) automatically collects and saves information in the so-called server log files which, depending on its configuration, your browser may automatically send to our providers. This information is:<\/p>\n<p>\u2013 Browser type and browser version<br \/>\u2013 Operating system used<br \/>\u2013 Querying URL<br \/>\u2013 Host name of the querying system<br \/>\u2013 Time of the query<br \/>\u2013 IP address of the querying computer<\/p>            <\/div>\r\n        <\/div>\r\n    <\/div>\r\n<\/div>","protected":false},"excerpt":{"rendered":"","protected":false},"author":1,"featured_media":0,"parent":0,"menu_order":0,"comment_status":"closed","ping_status":"closed","template":"","meta":{"seo-data":"%5B%7B%22title-tag%22:%22Privacy%20Policy%20%7C%20Gef%C3%A4%C3%9Fmedizin%20M%C3%BCnchen%22,%22meta-description%22:%22Gef%C3%A4%C3%9Fmedizin%20M%C3%BCnchen%20%7C%20Privacy%20Policy%20and%20General%20Information%20on%20Data%20Collection%20%E2%96%BA%20Learn%20More.%22,%22structured-data%22:%22%22%7D%5D","footnotes":""},"class_list":["post-5079","page","type-page","status-publish","hentry"],"yoast_head":"<!-- This site is optimized with the Yoast SEO plugin v25.9 - https:\/\/yoast.com\/wordpress\/plugins\/seo\/ -->\n<title>Privacy Policy - Gef\u00e4\u00dfmedizin M\u00fcnchen<\/title>\n<meta name=\"robots\" content=\"index, follow, max-snippet:-1, max-image-preview:large, max-video-preview:-1\" \/>\n<link rel=\"canonical\" href=\"https:\/\/gefaessmedizin.de\/en\/privacy-policy\/\" \/>\n<meta property=\"og:locale\" content=\"en_US\" \/>\n<meta property=\"og:type\" content=\"article\" \/>\n<meta property=\"og:title\" content=\"Privacy Policy - Gef\u00e4\u00dfmedizin M\u00fcnchen\" \/>\n<meta property=\"og:url\" content=\"https:\/\/gefaessmedizin.de\/en\/privacy-policy\/\" \/>\n<meta property=\"og:site_name\" content=\"Gef\u00e4\u00dfmedizin M\u00fcnchen\" \/>\n<meta property=\"article:modified_time\" content=\"2025-07-10T09:32:05+00:00\" \/>\n<meta name=\"twitter:card\" content=\"summary_large_image\" \/>\n<script type=\"application\/ld+json\" class=\"yoast-schema-graph\">{\"@context\":\"https:\/\/schema.org\",\"@graph\":[{\"@type\":\"WebPage\",\"@id\":\"https:\/\/gefaessmedizin.de\/en\/privacy-policy\/\",\"url\":\"https:\/\/gefaessmedizin.de\/en\/privacy-policy\/\",\"name\":\"Privacy Policy - Gef\u00e4\u00dfmedizin M\u00fcnchen\",\"isPartOf\":{\"@id\":\"https:\/\/gefaessmedizin.de\/en\/#website\"},\"datePublished\":\"2020-11-06T10:15:18+00:00\",\"dateModified\":\"2025-07-10T09:32:05+00:00\",\"breadcrumb\":{\"@id\":\"https:\/\/gefaessmedizin.de\/en\/privacy-policy\/#breadcrumb\"},\"inLanguage\":\"en-US\",\"potentialAction\":[{\"@type\":\"ReadAction\",\"target\":[\"https:\/\/gefaessmedizin.de\/en\/privacy-policy\/\"]}]},{\"@type\":\"BreadcrumbList\",\"@id\":\"https:\/\/gefaessmedizin.de\/en\/privacy-policy\/#breadcrumb\",\"itemListElement\":[{\"@type\":\"ListItem\",\"position\":1,\"name\":\"Startseite\",\"item\":\"https:\/\/gefaessmedizin.de\/en\/\"},{\"@type\":\"ListItem\",\"position\":2,\"name\":\"Privacy Policy\"}]},{\"@type\":\"WebSite\",\"@id\":\"https:\/\/gefaessmedizin.de\/en\/#website\",\"url\":\"https:\/\/gefaessmedizin.de\/en\/\",\"name\":\"Gef\u00e4\u00dfmedizin M\u00fcnchen\",\"description\":\"Gef\u00e4\u00dfmedizin M\u00fcnchen | \u2713 Venen- und Arterienerkrankungen \u2713 Diagnostik \u2713 Therapie \u25ba Jetzt informieren.\",\"potentialAction\":[{\"@type\":\"SearchAction\",\"target\":{\"@type\":\"EntryPoint\",\"urlTemplate\":\"https:\/\/gefaessmedizin.de\/en\/?s={search_term_string}\"},\"query-input\":{\"@type\":\"PropertyValueSpecification\",\"valueRequired\":true,\"valueName\":\"search_term_string\"}}],\"inLanguage\":\"en-US\"}]}<\/script>\n<!-- \/ Yoast SEO plugin. -->","yoast_head_json":{"title":"Privacy Policy - Gef\u00e4\u00dfmedizin M\u00fcnchen","robots":{"index":"index","follow":"follow","max-snippet":"max-snippet:-1","max-image-preview":"max-image-preview:large","max-video-preview":"max-video-preview:-1"},"canonical":"https:\/\/gefaessmedizin.de\/en\/privacy-policy\/","og_locale":"en_US","og_type":"article","og_title":"Privacy Policy - Gef\u00e4\u00dfmedizin M\u00fcnchen","og_url":"https:\/\/gefaessmedizin.de\/en\/privacy-policy\/","og_site_name":"Gef\u00e4\u00dfmedizin M\u00fcnchen","article_modified_time":"2025-07-10T09:32:05+00:00","twitter_card":"summary_large_image","schema":{"@context":"https:\/\/schema.org","@graph":[{"@type":"WebPage","@id":"https:\/\/gefaessmedizin.de\/en\/privacy-policy\/","url":"https:\/\/gefaessmedizin.de\/en\/privacy-policy\/","name":"Privacy Policy - Gef\u00e4\u00dfmedizin M\u00fcnchen","isPartOf":{"@id":"https:\/\/gefaessmedizin.de\/en\/#website"},"datePublished":"2020-11-06T10:15:18+00:00","dateModified":"2025-07-10T09:32:05+00:00","breadcrumb":{"@id":"https:\/\/gefaessmedizin.de\/en\/privacy-policy\/#breadcrumb"},"inLanguage":"en-US","potentialAction":[{"@type":"ReadAction","target":["https:\/\/gefaessmedizin.de\/en\/privacy-policy\/"]}]},{"@type":"BreadcrumbList","@id":"https:\/\/gefaessmedizin.de\/en\/privacy-policy\/#breadcrumb","itemListElement":[{"@type":"ListItem","position":1,"name":"Startseite","item":"https:\/\/gefaessmedizin.de\/en\/"},{"@type":"ListItem","position":2,"name":"Privacy Policy"}]},{"@type":"WebSite","@id":"https:\/\/gefaessmedizin.de\/en\/#website","url":"https:\/\/gefaessmedizin.de\/en\/","name":"Gef\u00e4\u00dfmedizin M\u00fcnchen","description":"Gef\u00e4\u00dfmedizin M\u00fcnchen | \u2713 Venen- und Arterienerkrankungen \u2713 Diagnostik \u2713 Therapie \u25ba Jetzt informieren.","potentialAction":[{"@type":"SearchAction","target":{"@type":"EntryPoint","urlTemplate":"https:\/\/gefaessmedizin.de\/en\/?s={search_term_string}"},"query-input":{"@type":"PropertyValueSpecification","valueRequired":true,"valueName":"search_term_string"}}],"inLanguage":"en-US"}]}},"_links":{"self":[{"href":"https:\/\/gefaessmedizin.de\/en\/wp-json\/wp\/v2\/pages\/5079","targetHints":{"allow":["GET"]}}],"collection":[{"href":"https:\/\/gefaessmedizin.de\/en\/wp-json\/wp\/v2\/pages"}],"about":[{"href":"https:\/\/gefaessmedizin.de\/en\/wp-json\/wp\/v2\/types\/page"}],"author":[{"embeddable":true,"href":"https:\/\/gefaessmedizin.de\/en\/wp-json\/wp\/v2\/users\/1"}],"replies":[{"embeddable":true,"href":"https:\/\/gefaessmedizin.de\/en\/wp-json\/wp\/v2\/comments?post=5079"}],"version-history":[{"count":6,"href":"https:\/\/gefaessmedizin.de\/en\/wp-json\/wp\/v2\/pages\/5079\/revisions"}],"predecessor-version":[{"id":7987,"href":"https:\/\/gefaessmedizin.de\/en\/wp-json\/wp\/v2\/pages\/5079\/revisions\/7987"}],"wp:attachment":[{"href":"https:\/\/gefaessmedizin.de\/en\/wp-json\/wp\/v2\/media?parent=5079"}],"curies":[{"name":"wp","href":"https:\/\/api.w.org\/{rel}","templated":true}]}}