{"id":5081,"date":"2022-09-15T17:28:04","date_gmt":"2022-09-15T15:28:04","guid":{"rendered":"https:\/\/gefaessmedizin.de\/diagnostik\/"},"modified":"2025-07-10T11:40:28","modified_gmt":"2025-07-10T09:40:28","slug":"diagnostics","status":"publish","type":"page","link":"https:\/\/gefaessmedizin.de\/en\/diagnostics\/","title":{"rendered":"Diagnostics"},"content":{"rendered":"\n\n<div class=\"hero\">\n    <div class=\"hero__imgs\" data-delay=\"4\">\n                     \n                <div class=\"hero__img\" style=\"background-image:url(https:\/\/gefaessmedizin.de\/wp-content\/uploads\/2022\/09\/4-Gefaesszentrum-MuenchnerFreiheit_Diagnostik1.jpg)\"><\/div>\n                                                <div class=\"hero__img\" data-bgimg=\"https:\/\/gefaessmedizin.de\/wp-content\/uploads\/2022\/09\/4-Gefaesszentrum-MuenchnerFreiheit_Diagnostik2.jpg\"><\/div>\n                                                <div class=\"hero__img\" data-bgimg=\"https:\/\/gefaessmedizin.de\/wp-content\/uploads\/2022\/09\/4-Gefaesszentrum-MuenchnerFreiheit_Diagnostik3.jpg\"><\/div>\n                        <\/div>\n    <div class=\"hero__overlay\">\n        <div class=\"container\">\n\n            \n                                            <h1 class=\"hero__title\">\n                    <span class=\"hero__title-line hero__title-line--1\"><\/span>\n                    <span class=\"hero__title-line hero__title-line--2\"> Diagnostic<\/span>\n                <\/h1>\n            \n            \n            \n            \n        <\/div>\n    <\/div>\n<\/div>\n\n<div class=\"text-content\">\n    <div class=\"container\">\n\n                                                                    <h2>Step by step to a consolidated finding.<\/h2>\n                            \n                            <h3>All of our experience for you.<\/h3>\n                <img decoding=\"async\" class=\"text-content__logo\" width=\"30px\" height=\"30px\" alt=\"logo-gefaessmedizin-muenchen\" src=\"https:\/\/gefaessmedizin.de\/wp-content\/themes\/rankeffect\/images\/logos\/logo-gefaesszentrum-muenchen.svg\" loading=\"lazy\">\n                    \n        <div class=\"text-content__text\"><p>The Basis of all Diagnoses is a well structured and comprehensive medical dialogue, to evaluate the ailment as well as the patient\u2019s medical history. For the medical examination, the doctor will pay attention to any skin alterations, pulse abnormalities and conspicuous murmurs.<\/p>\n<p>Other examinations for venous diseases\u00a0include color-coded duplex sonography, light reflection rheography, venous congestion plethysmography and venous pressure measurements.<\/p>\n<p>Further methods\u00a0to test the function of the arterial circulatory system are the ankle-brachial index measured with a Doppler ultrasonic probe, oscillography, treadmill ergometry and microscopic Capillary examination.<\/p><\/div>\n            <\/div>\n<\/div>\n\n<div class=\"img-container\">\r\n    <div class=\"container\">\r\n        <img fetchpriority=\"high\" decoding=\"async\" width=\"1598\" height=\"300\" src=\"https:\/\/gefaessmedizin.de\/wp-content\/uploads\/2022\/09\/4-Gefaesszentrum-MuenchnerFreiheit_Diagnostik-Bildband.jpg\" class=\"attachment-full size-full\" alt=\"Gef\u00e4\u00dfmedizin Diagnostik\" srcset=\"https:\/\/gefaessmedizin.de\/wp-content\/uploads\/2022\/09\/4-Gefaesszentrum-MuenchnerFreiheit_Diagnostik-Bildband.jpg 1598w, https:\/\/gefaessmedizin.de\/wp-content\/uploads\/2022\/09\/4-Gefaesszentrum-MuenchnerFreiheit_Diagnostik-Bildband-360x68.jpg 360w, https:\/\/gefaessmedizin.de\/wp-content\/uploads\/2022\/09\/4-Gefaesszentrum-MuenchnerFreiheit_Diagnostik-Bildband-1024x192.jpg 1024w, https:\/\/gefaessmedizin.de\/wp-content\/uploads\/2022\/09\/4-Gefaesszentrum-MuenchnerFreiheit_Diagnostik-Bildband-768x144.jpg 768w, https:\/\/gefaessmedizin.de\/wp-content\/uploads\/2022\/09\/4-Gefaesszentrum-MuenchnerFreiheit_Diagnostik-Bildband-1536x288.jpg 1536w\" sizes=\"(max-width: 1598px) 100vw, 1598px\" \/>    <\/div>\r\n<\/div>\n\n<div class=\"text-content text-content--diagnose\">\n    <div class=\"container\">\n\n                                \n                    \n        <div class=\"text-content__text\"><p>Apart from the provocation tests in case of load-dependent leg pain, compartment pressure measurements can be carried out. In the circumstance of congenital vascular diseases, the ultrasound examination will be complemented with a contrast agent. To complete the examinations from above, especially for special cases e.g., before catheter interventions, radiologic Examinations (MRI-angiography or CT-angiography) are conducted.<\/p>\n<p>The medical care of Patients with vascular diseases also includes the attendance of risk factors as for example high blood fat levels, high blood pressure and diabetes mellitus. Cigarette consumption should also be discontinued. All necessary blood examination can be carried out in the medical practice.<\/p><\/div>\n            <\/div>\n<\/div>\n\n<div class=\"img-and-text img-and-text--left\">\r\n    <div class=\"container\">\r\n        <div class=\"img-and-text__inner\">\r\n            <div class=\"img-and-text__item img-and-text__item--img\">\r\n                <img decoding=\"async\" width=\"800\" height=\"444\" src=\"https:\/\/gefaessmedizin.de\/wp-content\/uploads\/2022\/09\/MF_Leistungen_Erkrankungen.jpg\" class=\"attachment-full size-full\" alt=\"Querschnitt von Arterie und Vene\" onerror=\"this.srcset=&quot;&quot;\" srcset=\"https:\/\/gefaessmedizin.de\/wp-content\/uploads\/2022\/09\/MF_Leistungen_Erkrankungen.jpg 800w, https:\/\/gefaessmedizin.de\/wp-content\/uploads\/2022\/09\/MF_Leistungen_Erkrankungen-360x200.jpg 360w, https:\/\/gefaessmedizin.de\/wp-content\/uploads\/2022\/09\/MF_Leistungen_Erkrankungen-768x426.jpg 768w\" sizes=\"(max-width: 800px) 100vw, 800px\" \/>            <\/div>\r\n            <div class=\"img-and-text__item img-and-text__item--text\">\r\n                <div class=\"img-and-text__text\"><h4>Diseases<\/h4>\n<p>Vascular diseases can have any one of an array of causes. Our Vascular Centre combines the experience and competence of 13 doctors with decades of professional experience in their fields.<\/p><\/div>\r\n                                    <a class=\"btn\" href=\"https:\/\/gefaessmedizin.de\/en\/diseases\/\">Diseases<\/a>\r\n                            <\/div>\r\n        <\/div>\r\n    <\/div>\r\n<\/div>\n\n<div class=\"img-and-text img-and-text--right\">\r\n    <div class=\"container\">\r\n        <div class=\"img-and-text__inner\">\r\n            <div class=\"img-and-text__item img-and-text__item--img\">\r\n                <img decoding=\"async\" width=\"800\" height=\"560\" src=\"https:\/\/gefaessmedizin.de\/wp-content\/uploads\/2022\/09\/Gefaesszentrum-MuenchnerFreiheit-Therapie.jpg\" class=\"attachment-full size-full\" alt=\"Blaue und wei\u00dfe Bandagen\" onerror=\"this.srcset=&quot;&quot;\" srcset=\"https:\/\/gefaessmedizin.de\/wp-content\/uploads\/2022\/09\/Gefaesszentrum-MuenchnerFreiheit-Therapie.jpg 800w, https:\/\/gefaessmedizin.de\/wp-content\/uploads\/2022\/09\/Gefaesszentrum-MuenchnerFreiheit-Therapie-360x252.jpg 360w, https:\/\/gefaessmedizin.de\/wp-content\/uploads\/2022\/09\/Gefaesszentrum-MuenchnerFreiheit-Therapie-768x538.jpg 768w\" sizes=\"(max-width: 800px) 100vw, 800px\" \/>            <\/div>\r\n            <div class=\"img-and-text__item img-and-text__item--text\">\r\n                <div class=\"img-and-text__text\"><h4>Therapy<\/h4>\n<p>Our approach to therapy: \u201cMinimally invasive \u2013 maximally gentle\u201d. Thanks to the latest treatment methods, open surgery can be avoided in most cases.<\/p><\/div>\r\n                                    <a class=\"btn\" href=\"https:\/\/gefaessmedizin.de\/en\/therapy\/\">Therapy<\/a>\r\n                            <\/div>\r\n        <\/div>\r\n    <\/div>\r\n<\/div>","protected":false},"excerpt":{"rendered":"","protected":false},"author":1,"featured_media":0,"parent":0,"menu_order":0,"comment_status":"closed","ping_status":"closed","template":"","meta":{"seo-data":"%5B%7B%22title-tag%22:%22Vascular%20Medicine%20Diagnostics%20%7C%20Afflictions%20&%20Check-up%22,%22meta-description%22:%22Vascular%20Medicine%20Diagnostics%20in%20Munich%7C%20Venous%20diseases%20%E2%9C%93%20Arterial%20diseases%20%E2%9C%93%20Stroke%20diseases%20%E2%9C%93%20Special%20examinations%20%E2%96%BA%20Find%20out%20more.%22,%22structured-data%22:%22%22%7D%5D","footnotes":""},"class_list":["post-5081","page","type-page","status-publish","hentry"],"yoast_head":"<!-- This site is optimized with the Yoast SEO plugin v25.9 - https:\/\/yoast.com\/wordpress\/plugins\/seo\/ -->\n<title>Diagnostics - Gef\u00e4\u00dfmedizin M\u00fcnchen<\/title>\n<meta name=\"robots\" content=\"index, follow, max-snippet:-1, max-image-preview:large, max-video-preview:-1\" \/>\n<link rel=\"canonical\" href=\"https:\/\/gefaessmedizin.de\/en\/diagnostics\/\" \/>\n<meta property=\"og:locale\" content=\"en_US\" \/>\n<meta property=\"og:type\" content=\"article\" \/>\n<meta property=\"og:title\" content=\"Diagnostics - Gef\u00e4\u00dfmedizin M\u00fcnchen\" \/>\n<meta property=\"og:url\" content=\"https:\/\/gefaessmedizin.de\/en\/diagnostics\/\" \/>\n<meta property=\"og:site_name\" content=\"Gef\u00e4\u00dfmedizin M\u00fcnchen\" \/>\n<meta property=\"article:modified_time\" content=\"2025-07-10T09:40:28+00:00\" \/>\n<meta name=\"twitter:card\" content=\"summary_large_image\" \/>\n<script type=\"application\/ld+json\" class=\"yoast-schema-graph\">{\"@context\":\"https:\/\/schema.org\",\"@graph\":[{\"@type\":\"WebPage\",\"@id\":\"https:\/\/gefaessmedizin.de\/en\/diagnostics\/\",\"url\":\"https:\/\/gefaessmedizin.de\/en\/diagnostics\/\",\"name\":\"Diagnostics - Gef\u00e4\u00dfmedizin M\u00fcnchen\",\"isPartOf\":{\"@id\":\"https:\/\/gefaessmedizin.de\/en\/#website\"},\"datePublished\":\"2022-09-15T15:28:04+00:00\",\"dateModified\":\"2025-07-10T09:40:28+00:00\",\"breadcrumb\":{\"@id\":\"https:\/\/gefaessmedizin.de\/en\/diagnostics\/#breadcrumb\"},\"inLanguage\":\"en-US\",\"potentialAction\":[{\"@type\":\"ReadAction\",\"target\":[\"https:\/\/gefaessmedizin.de\/en\/diagnostics\/\"]}]},{\"@type\":\"BreadcrumbList\",\"@id\":\"https:\/\/gefaessmedizin.de\/en\/diagnostics\/#breadcrumb\",\"itemListElement\":[{\"@type\":\"ListItem\",\"position\":1,\"name\":\"Startseite\",\"item\":\"https:\/\/gefaessmedizin.de\/en\/\"},{\"@type\":\"ListItem\",\"position\":2,\"name\":\"Diagnostics\"}]},{\"@type\":\"WebSite\",\"@id\":\"https:\/\/gefaessmedizin.de\/en\/#website\",\"url\":\"https:\/\/gefaessmedizin.de\/en\/\",\"name\":\"Gef\u00e4\u00dfmedizin M\u00fcnchen\",\"description\":\"Gef\u00e4\u00dfmedizin M\u00fcnchen | \u2713 Venen- und Arterienerkrankungen \u2713 Diagnostik \u2713 Therapie \u25ba Jetzt informieren.\",\"potentialAction\":[{\"@type\":\"SearchAction\",\"target\":{\"@type\":\"EntryPoint\",\"urlTemplate\":\"https:\/\/gefaessmedizin.de\/en\/?s={search_term_string}\"},\"query-input\":{\"@type\":\"PropertyValueSpecification\",\"valueRequired\":true,\"valueName\":\"search_term_string\"}}],\"inLanguage\":\"en-US\"}]}<\/script>\n<!-- \/ Yoast SEO plugin. -->","yoast_head_json":{"title":"Diagnostics - Gef\u00e4\u00dfmedizin M\u00fcnchen","robots":{"index":"index","follow":"follow","max-snippet":"max-snippet:-1","max-image-preview":"max-image-preview:large","max-video-preview":"max-video-preview:-1"},"canonical":"https:\/\/gefaessmedizin.de\/en\/diagnostics\/","og_locale":"en_US","og_type":"article","og_title":"Diagnostics - Gef\u00e4\u00dfmedizin M\u00fcnchen","og_url":"https:\/\/gefaessmedizin.de\/en\/diagnostics\/","og_site_name":"Gef\u00e4\u00dfmedizin M\u00fcnchen","article_modified_time":"2025-07-10T09:40:28+00:00","twitter_card":"summary_large_image","schema":{"@context":"https:\/\/schema.org","@graph":[{"@type":"WebPage","@id":"https:\/\/gefaessmedizin.de\/en\/diagnostics\/","url":"https:\/\/gefaessmedizin.de\/en\/diagnostics\/","name":"Diagnostics - Gef\u00e4\u00dfmedizin M\u00fcnchen","isPartOf":{"@id":"https:\/\/gefaessmedizin.de\/en\/#website"},"datePublished":"2022-09-15T15:28:04+00:00","dateModified":"2025-07-10T09:40:28+00:00","breadcrumb":{"@id":"https:\/\/gefaessmedizin.de\/en\/diagnostics\/#breadcrumb"},"inLanguage":"en-US","potentialAction":[{"@type":"ReadAction","target":["https:\/\/gefaessmedizin.de\/en\/diagnostics\/"]}]},{"@type":"BreadcrumbList","@id":"https:\/\/gefaessmedizin.de\/en\/diagnostics\/#breadcrumb","itemListElement":[{"@type":"ListItem","position":1,"name":"Startseite","item":"https:\/\/gefaessmedizin.de\/en\/"},{"@type":"ListItem","position":2,"name":"Diagnostics"}]},{"@type":"WebSite","@id":"https:\/\/gefaessmedizin.de\/en\/#website","url":"https:\/\/gefaessmedizin.de\/en\/","name":"Gef\u00e4\u00dfmedizin M\u00fcnchen","description":"Gef\u00e4\u00dfmedizin M\u00fcnchen | \u2713 Venen- und Arterienerkrankungen \u2713 Diagnostik \u2713 Therapie \u25ba Jetzt informieren.","potentialAction":[{"@type":"SearchAction","target":{"@type":"EntryPoint","urlTemplate":"https:\/\/gefaessmedizin.de\/en\/?s={search_term_string}"},"query-input":{"@type":"PropertyValueSpecification","valueRequired":true,"valueName":"search_term_string"}}],"inLanguage":"en-US"}]}},"_links":{"self":[{"href":"https:\/\/gefaessmedizin.de\/en\/wp-json\/wp\/v2\/pages\/5081","targetHints":{"allow":["GET"]}}],"collection":[{"href":"https:\/\/gefaessmedizin.de\/en\/wp-json\/wp\/v2\/pages"}],"about":[{"href":"https:\/\/gefaessmedizin.de\/en\/wp-json\/wp\/v2\/types\/page"}],"author":[{"embeddable":true,"href":"https:\/\/gefaessmedizin.de\/en\/wp-json\/wp\/v2\/users\/1"}],"replies":[{"embeddable":true,"href":"https:\/\/gefaessmedizin.de\/en\/wp-json\/wp\/v2\/comments?post=5081"}],"version-history":[{"count":8,"href":"https:\/\/gefaessmedizin.de\/en\/wp-json\/wp\/v2\/pages\/5081\/revisions"}],"predecessor-version":[{"id":5535,"href":"https:\/\/gefaessmedizin.de\/en\/wp-json\/wp\/v2\/pages\/5081\/revisions\/5535"}],"wp:attachment":[{"href":"https:\/\/gefaessmedizin.de\/en\/wp-json\/wp\/v2\/media?parent=5081"}],"curies":[{"name":"wp","href":"https:\/\/api.w.org\/{rel}","templated":true}]}}