{"id":5085,"date":"2022-09-26T18:04:55","date_gmt":"2022-09-26T16:04:55","guid":{"rendered":"https:\/\/gefaessmedizin.de\/erkrankungen\/arterienverschluss\/"},"modified":"2025-07-10T11:27:38","modified_gmt":"2025-07-10T09:27:38","slug":"arterial-occlusion","status":"publish","type":"page","link":"https:\/\/gefaessmedizin.de\/en\/diseases\/arterial-occlusion\/","title":{"rendered":"Arterial Occlusion"},"content":{"rendered":"\n\n<div class=\"hero\">\n    <div class=\"hero__imgs\" data-delay=\"4\">\n                     \n                <div class=\"hero__img\" style=\"background-image:url(https:\/\/gefaessmedizin.de\/wp-content\/uploads\/2022\/09\/1-Gefaesszentrum-MuenchnerFreiheit_Home2_neu.jpg)\"><\/div>\n                                                <div class=\"hero__img\" data-bgimg=\"https:\/\/gefaessmedizin.de\/wp-content\/uploads\/2022\/09\/Arterienverschluss-2-e1655282844817.jpg\"><\/div>\n                                                <div class=\"hero__img\" data-bgimg=\"https:\/\/gefaessmedizin.de\/wp-content\/uploads\/2022\/09\/Krampfader-3-scaled-e1654074929739.jpg\"><\/div>\n                        <\/div>\n    <div class=\"hero__overlay\">\n        <div class=\"container\">\n\n            \n            \n            \n            \n            \n        <\/div>\n    <\/div>\n<\/div>\n\n<div class=\"text-content text-content--left-aligned\">\n    <div class=\"container\">\n\n                                                                    <h1>Artery occlusion<\/h1>\n                            \n                            <h3>An arterial occlusion is the final stage of a pronounced arteriosclerosis. In the case of the so-called smoker&#8217;s leg, this is an arterial occlusion in the leg. In the case of arterial occlusion in the leg, a distinction must always be made between chronic arterial occlusion and acute arterial occlusion. Depending on the course and cause of the arterial occlusion, there are different clinical manifestations:<\/h3>\n                <img decoding=\"async\" class=\"text-content__logo\" width=\"30px\" height=\"30px\" alt=\"logo-gefaessmedizin-muenchen\" src=\"https:\/\/gefaessmedizin.de\/wp-content\/themes\/rankeffect\/images\/logos\/logo-gefaesszentrum-muenchen.svg\" loading=\"lazy\">\n                    \n        <div class=\"text-content__text\"><p>Arterial occlusion symptoms in acute occlusion may include nocturnal pain when lying down in the area of the feet, acute cold sensation with paling of the extremity or sudden pain when walking, immobilizing after a few meters. In the case of acute arterial occlusion in the legs, there is usually a sudden onset of discomfort or already existing pain suddenly worsens. In the case of chronic arterial occlusion, the symptoms have often existed for a long time and the patient can usually cope with them in everyday life.<\/p>\n<p>The difference between an acute and a chronic arterial occlusion is usually collateralization: in a chronic occlusion, the body has often had enough time to form bypasses, collaterals. If a vessel is acutely occluded, there is no other route for the blood to travel, and the leg is suddenly deprived of adequate oxygen. If the oxygen debt is so great that the leg is in danger of being damaged, immediate action must be taken: the occluded vessel must be reopened. This can usually be done with a catheter intervention. Depending on the localization, however, an arterial occlusion may also have to be treated by surgery.<\/p>\n<p>Chronic occlusion can often remain clinically asymptomatic with good collateral formation. In this case, arteriosclerosis treatment is essential to maintain the status. Therefore, structured walking training also plays a major role in PAOD therapy: regular walks (3 x 30 min. per week) stimulate angiogenesis, i.e. new vessels sprout and surround the occluded vessel segment &#8211; similar to a bypass &#8211; so that blood flow to the periphery is maintained. The walking distance can thus be significantly improved. This is how circulatory disorders can be treated in the leg area. In stroke treatment, the therapy is primarily with medications in order to reduce the vascular risk factors and blood thinning medications, although collateral circulation can also form here.<\/p>\n<h4>What is meant by an arterial occlusion?<\/h4>\n<p>In the case of an arterial occlusion, a vessel segment is completely blocked and the blood flow is thus interrupted. Vascular occlusions can affect the entire vascular system. Either a local occlusion occurs on the basis of arteriosclerosis with mostly carry-over of material to the periphery, or the vessel occlusion is caused by an embolism: In chronic atrial fibrillation, small thrombi are formed in the heart and are washed further with the blood flow and become entangled in the vascular system. Depending on the localization, this can result in a stroke or acute limb ischemia.<\/p><\/div>\n            <\/div>\n<\/div>\n\n<div class=\"img-container img-container--small\">\r\n    <div class=\"container\">\r\n        <img fetchpriority=\"high\" decoding=\"async\" width=\"2500\" height=\"2000\" src=\"https:\/\/gefaessmedizin.de\/wp-content\/uploads\/2022\/09\/Arterienverschluss-3.jpg\" class=\"attachment-full size-full\" alt=\"Arteriosklerose-Plaque von vorne und von der Seite\" srcset=\"https:\/\/gefaessmedizin.de\/wp-content\/uploads\/2022\/09\/Arterienverschluss-3.jpg 2500w, https:\/\/gefaessmedizin.de\/wp-content\/uploads\/2022\/09\/Arterienverschluss-3-360x288.jpg 360w, https:\/\/gefaessmedizin.de\/wp-content\/uploads\/2022\/09\/Arterienverschluss-3-1024x819.jpg 1024w, https:\/\/gefaessmedizin.de\/wp-content\/uploads\/2022\/09\/Arterienverschluss-3-768x614.jpg 768w, https:\/\/gefaessmedizin.de\/wp-content\/uploads\/2022\/09\/Arterienverschluss-3-1536x1229.jpg 1536w, https:\/\/gefaessmedizin.de\/wp-content\/uploads\/2022\/09\/Arterienverschluss-3-2048x1638.jpg 2048w\" sizes=\"(max-width: 2500px) 100vw, 2500px\" \/>    <\/div>\r\n<\/div>\n\n<div class=\"text-content text-content--left-aligned\">\n    <div class=\"container\">\n\n                                \n                    \n        <div class=\"text-content__text\"><h4>How common are arterial occlusions?<\/h4>\n<p>Arteriosclerosis affects the majority of the population in the western world, especially in older age. As a result, arterial occlusions are a common clinical picture.<\/p>\n<h4>What are the symptoms of arterial occlusion?<\/h4>\n<p>Symptoms depend on the localization of the arterial occlusion and on the acuity. Arterial occlusion on the brain is accompanied by acute clink: visual disturbances, focal neurological deficits. In the extremities, there is often a sensation of cold and pain, accompanied by sensory disturbances or a loss of strength. Chronic occlusions that are well collateralized often cause fewer problems. Typical in this case is shop window disease. With good training, the symptoms can even improve and the walking distance becomes longer. If an arterial occlusion that is not sufficiently collateralized has existed for a long time, chronic wounds may develop that do not heal adequately.<\/p>\n<h4>How is an arterial occlusion treated?<\/h4>\n<p>Treatment is based on the acuity and symptoms. Arterial occlusions that are well collateralized and do not significantly restrict extremity supply can be left under medical control and can be treated conservatively. However, if it is an acute occlusion with reduced perfusion, immediate action must be taken or tissue damage will occur: the underlying arterial occlusion must be reopened.<\/p>\n<h4>Which doctors treat arterial occlusion?<\/h4>\n<p>As angiologists, we have catheter procedures to treat arterial occlusions in the leg area quickly and gently. However, not every localization is amenable to catheter-based intervention. Often, open vascular surgery must be performed.<\/p>\n<h4>Are there warning signs and risk factors for possible arterial occlusion?<\/h4>\n<p>All vascular risk factors must be mentioned as risk factors: in the first place nicotine consumption! Followed by diabetes mellitus, high blood pressure and hypercholesterolemia. In case of a familial predisposition, these risk factors have to be controlled closely and adjusted optimally. Here, prophylaxis is the best means of preventing arterial occlusion. If the damage is already present, there are typical &#8220;precursors&#8221;: visual disturbances in one eye, speech disorders, loss of sensitivity. In the area of the legs, the existence of PAOD is a risk for arterial occlusion in the further course.<\/p><\/div>\n            <\/div>\n<\/div>\n\n<div class=\"img-container img-container--small\">\r\n    <div class=\"container\">\r\n        <img decoding=\"async\" width=\"1598\" height=\"898\" src=\"https:\/\/gefaessmedizin.de\/wp-content\/uploads\/2022\/09\/3-Gefaesszentrum-MuenchnerFreiheit_Erkrankungen3.jpg\" class=\"attachment-full size-full\" alt=\"Arterienverschluss \u2013 H\u00e4nde, die eine Oberarm-Blutdruckmessung durchf\u00fchren\" srcset=\"https:\/\/gefaessmedizin.de\/wp-content\/uploads\/2022\/09\/3-Gefaesszentrum-MuenchnerFreiheit_Erkrankungen3.jpg 1598w, https:\/\/gefaessmedizin.de\/wp-content\/uploads\/2022\/09\/3-Gefaesszentrum-MuenchnerFreiheit_Erkrankungen3-360x202.jpg 360w, https:\/\/gefaessmedizin.de\/wp-content\/uploads\/2022\/09\/3-Gefaesszentrum-MuenchnerFreiheit_Erkrankungen3-1024x575.jpg 1024w, https:\/\/gefaessmedizin.de\/wp-content\/uploads\/2022\/09\/3-Gefaesszentrum-MuenchnerFreiheit_Erkrankungen3-768x432.jpg 768w, https:\/\/gefaessmedizin.de\/wp-content\/uploads\/2022\/09\/3-Gefaesszentrum-MuenchnerFreiheit_Erkrankungen3-1536x863.jpg 1536w\" sizes=\"(max-width: 1598px) 100vw, 1598px\" \/>    <\/div>\r\n<\/div>\n\n<div class=\"text-content text-content--left-aligned\">\n    <div class=\"container\">\n\n                                \n                    \n        <div class=\"text-content__text\"><h4>How can arterial occlusion be prevented?<\/h4>\n<p>Patients who are already being treated for a circulatory disorder or who are known to have arteriosclerosis require special medical checks: the vascular risk factors must be regularly controlled and consistently adjusted. An absolute renunciation of nicotine is essential! Arteriosclerosis is a chronic disease that tends to progress. Therefore, the best possible medical treatment of all vascular risk factors is required. With an additional platelet aggregation inhibitor, the tendency to local thromboembolism can be reduced. If high-grade narrowings can be detected by duplex sonography and cause corresponding clinical symptoms, stent implantation is an option to maintain the openness of the vessel.<\/p><\/div>\n            <\/div>\n<\/div>\n\n<div class=\"contact-form\">\n    <div class=\"container\">\n        <p class=\"contact-form__heading\">Contact now<\/p>\n        <img decoding=\"async\" class=\"contact-form__logo\" width=\"30px\" height=\"30px\" alt=\"logo-gefaessmedizin-muenchen\" src=\"https:\/\/gefaessmedizin.de\/wp-content\/themes\/rankeffect\/images\/logos\/logo-gefaesszentrum-muenchen.svg\" loading=\"lazy\">\n        <div class=\"contact-form__form-wrap\">\n            \n<div class=\"wpcf7 no-js\" id=\"wpcf7-f5582-o1\" lang=\"en-US\" dir=\"ltr\" data-wpcf7-id=\"5582\">\n<div class=\"screen-reader-response\"><p role=\"status\" aria-live=\"polite\" aria-atomic=\"true\"><\/p> <ul><\/ul><\/div>\n<form action=\"\/en\/wp-json\/wp\/v2\/pages\/5085#wpcf7-f5582-o1\" method=\"post\" class=\"wpcf7-form init wpcf7-acceptance-as-validation\" aria-label=\"Contact form\" novalidate=\"novalidate\" data-status=\"init\">\n<fieldset class=\"hidden-fields-container\"><input type=\"hidden\" name=\"_wpcf7\" value=\"5582\" \/><input type=\"hidden\" name=\"_wpcf7_version\" value=\"6.1.1\" \/><input type=\"hidden\" name=\"_wpcf7_locale\" value=\"en_US\" \/><input type=\"hidden\" name=\"_wpcf7_unit_tag\" value=\"wpcf7-f5582-o1\" \/><input type=\"hidden\" name=\"_wpcf7_container_post\" value=\"0\" \/><input type=\"hidden\" name=\"_wpcf7_posted_data_hash\" value=\"\" \/>\n<\/fieldset>\n<p><span id=\"wpcf7-69d68d8af14b2-wrapper\" class=\"wpcf7-form-control-wrap your-phone-1-wrap\" ><input id=\"wpcf7-69d68d8af14b2-field\"  placeholder=\"Phone number\"  class=\"wpcf7-form-control wpcf7-text\" type=\"text\" name=\"your-phone-1\" value=\"\" size=\"40\" tabindex=\"-1\" autocomplete=\"new-password\" \/><\/span>\n<\/p>\n<p><label> Name<br \/>\n<span class=\"wpcf7-form-control-wrap\" data-name=\"your-name\"><input size=\"40\" maxlength=\"400\" class=\"wpcf7-form-control wpcf7-text wpcf7-validates-as-required\" aria-required=\"true\" aria-invalid=\"false\" placeholder=\"John Doe\" value=\"\" type=\"text\" name=\"your-name\" \/><\/span> <\/label>\n<\/p>\n<p><label> E-mail address<br \/>\n<span class=\"wpcf7-form-control-wrap\" data-name=\"your-email\"><input size=\"40\" maxlength=\"400\" class=\"wpcf7-form-control wpcf7-email wpcf7-validates-as-required wpcf7-text wpcf7-validates-as-email\" aria-required=\"true\" aria-invalid=\"false\" placeholder=\"john.doe@gmail.com\" value=\"\" type=\"email\" name=\"your-email\" \/><\/span> <\/label>\n<\/p>\n<p><label> Phone number<br \/>\n<span class=\"wpcf7-form-control-wrap\" data-name=\"tel-513\"><input size=\"40\" maxlength=\"400\" class=\"wpcf7-form-control wpcf7-tel wpcf7-validates-as-required wpcf7-text wpcf7-validates-as-tel\" aria-required=\"true\" aria-invalid=\"false\" placeholder=\"+49 123 456 789\" value=\"\" type=\"tel\" name=\"tel-513\" \/><\/span> <\/label>\n<\/p>\n<p><label> Subject<br \/>\n<span class=\"wpcf7-form-control-wrap\" data-name=\"your-subject\"><input size=\"40\" maxlength=\"400\" class=\"wpcf7-form-control wpcf7-text wpcf7-validates-as-required\" aria-required=\"true\" aria-invalid=\"false\" value=\"\" type=\"text\" name=\"your-subject\" \/><\/span> <\/label>\n<\/p>\n<p><label> Message<br \/>\n<span class=\"wpcf7-form-control-wrap\" data-name=\"your-message\"><textarea cols=\"40\" rows=\"5\" maxlength=\"2000\" class=\"wpcf7-form-control wpcf7-textarea\" aria-invalid=\"false\" name=\"your-message\"><\/textarea><\/span> <\/label>\n<\/p>\n<p><span class=\"wpcf7-form-control-wrap\" data-name=\"acceptance-421\"><span class=\"wpcf7-form-control wpcf7-acceptance\"><span class=\"wpcf7-list-item\"><label><input type=\"checkbox\" name=\"acceptance-421\" value=\"1\" aria-invalid=\"false\" \/><span class=\"wpcf7-list-item-label\">I agree that my details from the contact form are collected and processed to answer my inquiry.<\/br>\n<span style=\"font-size:12px;display:inline-block;margin:10px 0\">Note: You can revoke your consent for the future at any time by sending an e-mail to <a style=\"color:#2B46D1\" href=\"mailto:info@gefaessmedizin.de\">info@gefaessmedizin.de<\/a> Detailed information on the handling of user data can be found in our <a style=\"color:#2B46D1\" href=\"\/privacy-policy\/\">Privacy Policy.<\/a><\/span><\/span><\/label><\/span><\/span><\/span>\n<\/p>\n<p><div class=\"h-captcha\" data-sitekey=\"256a75e2-b3e6-45ca-8c6a-ebc01cb4873e\" data-size=\"normal\" data-theme=\"light\"><\/div><span class=\"wpcf7-form-control-wrap cf7apps-hcaptcha\" data-name=\"cf7apps-hcaptcha\"><input type=\"hidden\" name=\"cf7apps-hcaptcha\" value=\"\" class=\"wpcf7-form-control\"><\/span>\n<\/p>\n<p><button type=\"submit\" class=\"wpcf7-form-control wpcf7-submit btn\">Send<\/button>\n<\/p><div class=\"wpcf7-response-output\" aria-hidden=\"true\"><\/div>\n<\/form>\n<\/div>\n        <\/div>\n    <\/div>\n<\/div>","protected":false},"excerpt":{"rendered":"","protected":false},"author":1,"featured_media":0,"parent":5083,"menu_order":0,"comment_status":"closed","ping_status":"closed","template":"","meta":{"seo-data":"%5B%7B%22title-tag%22:%22Arterial%20Occlusion%20%7C%20Causes,%20Symptoms%20&%20Treatment%22,%22meta-description%22:%22Effects%20of%20Arterial%20Occlusion%20%7C%20Frequency%20%E2%9C%93%20Warning%20Signs%20&%20Risk%20Factors%20%E2%9C%93%20Successful%20Prevention%20%E2%96%BA%20Find%20out%20now.%22,%22structured-data%22:%22%22%7D%5D","footnotes":""},"class_list":["post-5085","page","type-page","status-publish","hentry"],"yoast_head":"<!-- This site is optimized with the Yoast SEO plugin v25.9 - https:\/\/yoast.com\/wordpress\/plugins\/seo\/ -->\n<title>Arterial Occlusion - Gef\u00e4\u00dfmedizin M\u00fcnchen<\/title>\n<meta name=\"robots\" content=\"index, follow, max-snippet:-1, max-image-preview:large, max-video-preview:-1\" \/>\n<link rel=\"canonical\" href=\"https:\/\/gefaessmedizin.de\/en\/diseases\/arterial-occlusion\/\" \/>\n<meta property=\"og:locale\" content=\"en_US\" \/>\n<meta property=\"og:type\" content=\"article\" \/>\n<meta property=\"og:title\" content=\"Arterial Occlusion - Gef\u00e4\u00dfmedizin M\u00fcnchen\" \/>\n<meta property=\"og:url\" content=\"https:\/\/gefaessmedizin.de\/en\/diseases\/arterial-occlusion\/\" \/>\n<meta property=\"og:site_name\" content=\"Gef\u00e4\u00dfmedizin M\u00fcnchen\" \/>\n<meta property=\"article:modified_time\" content=\"2025-07-10T09:27:38+00:00\" \/>\n<meta name=\"twitter:card\" content=\"summary_large_image\" \/>\n<script type=\"application\/ld+json\" class=\"yoast-schema-graph\">{\"@context\":\"https:\/\/schema.org\",\"@graph\":[{\"@type\":\"WebPage\",\"@id\":\"https:\/\/gefaessmedizin.de\/en\/diseases\/arterial-occlusion\/\",\"url\":\"https:\/\/gefaessmedizin.de\/en\/diseases\/arterial-occlusion\/\",\"name\":\"Arterial Occlusion - Gef\u00e4\u00dfmedizin M\u00fcnchen\",\"isPartOf\":{\"@id\":\"https:\/\/gefaessmedizin.de\/en\/#website\"},\"datePublished\":\"2022-09-26T16:04:55+00:00\",\"dateModified\":\"2025-07-10T09:27:38+00:00\",\"breadcrumb\":{\"@id\":\"https:\/\/gefaessmedizin.de\/en\/diseases\/arterial-occlusion\/#breadcrumb\"},\"inLanguage\":\"en-US\",\"potentialAction\":[{\"@type\":\"ReadAction\",\"target\":[\"https:\/\/gefaessmedizin.de\/en\/diseases\/arterial-occlusion\/\"]}]},{\"@type\":\"BreadcrumbList\",\"@id\":\"https:\/\/gefaessmedizin.de\/en\/diseases\/arterial-occlusion\/#breadcrumb\",\"itemListElement\":[{\"@type\":\"ListItem\",\"position\":1,\"name\":\"Startseite\",\"item\":\"https:\/\/gefaessmedizin.de\/en\/\"},{\"@type\":\"ListItem\",\"position\":2,\"name\":\"Diseases\",\"item\":\"https:\/\/gefaessmedizin.de\/en\/diseases\/\"},{\"@type\":\"ListItem\",\"position\":3,\"name\":\"Arterial Occlusion\"}]},{\"@type\":\"WebSite\",\"@id\":\"https:\/\/gefaessmedizin.de\/en\/#website\",\"url\":\"https:\/\/gefaessmedizin.de\/en\/\",\"name\":\"Gef\u00e4\u00dfmedizin M\u00fcnchen\",\"description\":\"Gef\u00e4\u00dfmedizin M\u00fcnchen | \u2713 Venen- und Arterienerkrankungen \u2713 Diagnostik \u2713 Therapie \u25ba Jetzt informieren.\",\"potentialAction\":[{\"@type\":\"SearchAction\",\"target\":{\"@type\":\"EntryPoint\",\"urlTemplate\":\"https:\/\/gefaessmedizin.de\/en\/?s={search_term_string}\"},\"query-input\":{\"@type\":\"PropertyValueSpecification\",\"valueRequired\":true,\"valueName\":\"search_term_string\"}}],\"inLanguage\":\"en-US\"}]}<\/script>\n<!-- \/ Yoast SEO plugin. -->","yoast_head_json":{"title":"Arterial Occlusion - Gef\u00e4\u00dfmedizin M\u00fcnchen","robots":{"index":"index","follow":"follow","max-snippet":"max-snippet:-1","max-image-preview":"max-image-preview:large","max-video-preview":"max-video-preview:-1"},"canonical":"https:\/\/gefaessmedizin.de\/en\/diseases\/arterial-occlusion\/","og_locale":"en_US","og_type":"article","og_title":"Arterial Occlusion - Gef\u00e4\u00dfmedizin M\u00fcnchen","og_url":"https:\/\/gefaessmedizin.de\/en\/diseases\/arterial-occlusion\/","og_site_name":"Gef\u00e4\u00dfmedizin M\u00fcnchen","article_modified_time":"2025-07-10T09:27:38+00:00","twitter_card":"summary_large_image","schema":{"@context":"https:\/\/schema.org","@graph":[{"@type":"WebPage","@id":"https:\/\/gefaessmedizin.de\/en\/diseases\/arterial-occlusion\/","url":"https:\/\/gefaessmedizin.de\/en\/diseases\/arterial-occlusion\/","name":"Arterial Occlusion - Gef\u00e4\u00dfmedizin M\u00fcnchen","isPartOf":{"@id":"https:\/\/gefaessmedizin.de\/en\/#website"},"datePublished":"2022-09-26T16:04:55+00:00","dateModified":"2025-07-10T09:27:38+00:00","breadcrumb":{"@id":"https:\/\/gefaessmedizin.de\/en\/diseases\/arterial-occlusion\/#breadcrumb"},"inLanguage":"en-US","potentialAction":[{"@type":"ReadAction","target":["https:\/\/gefaessmedizin.de\/en\/diseases\/arterial-occlusion\/"]}]},{"@type":"BreadcrumbList","@id":"https:\/\/gefaessmedizin.de\/en\/diseases\/arterial-occlusion\/#breadcrumb","itemListElement":[{"@type":"ListItem","position":1,"name":"Startseite","item":"https:\/\/gefaessmedizin.de\/en\/"},{"@type":"ListItem","position":2,"name":"Diseases","item":"https:\/\/gefaessmedizin.de\/en\/diseases\/"},{"@type":"ListItem","position":3,"name":"Arterial Occlusion"}]},{"@type":"WebSite","@id":"https:\/\/gefaessmedizin.de\/en\/#website","url":"https:\/\/gefaessmedizin.de\/en\/","name":"Gef\u00e4\u00dfmedizin M\u00fcnchen","description":"Gef\u00e4\u00dfmedizin M\u00fcnchen | \u2713 Venen- und Arterienerkrankungen \u2713 Diagnostik \u2713 Therapie \u25ba Jetzt informieren.","potentialAction":[{"@type":"SearchAction","target":{"@type":"EntryPoint","urlTemplate":"https:\/\/gefaessmedizin.de\/en\/?s={search_term_string}"},"query-input":{"@type":"PropertyValueSpecification","valueRequired":true,"valueName":"search_term_string"}}],"inLanguage":"en-US"}]}},"_links":{"self":[{"href":"https:\/\/gefaessmedizin.de\/en\/wp-json\/wp\/v2\/pages\/5085","targetHints":{"allow":["GET"]}}],"collection":[{"href":"https:\/\/gefaessmedizin.de\/en\/wp-json\/wp\/v2\/pages"}],"about":[{"href":"https:\/\/gefaessmedizin.de\/en\/wp-json\/wp\/v2\/types\/page"}],"author":[{"embeddable":true,"href":"https:\/\/gefaessmedizin.de\/en\/wp-json\/wp\/v2\/users\/1"}],"replies":[{"embeddable":true,"href":"https:\/\/gefaessmedizin.de\/en\/wp-json\/wp\/v2\/comments?post=5085"}],"version-history":[{"count":8,"href":"https:\/\/gefaessmedizin.de\/en\/wp-json\/wp\/v2\/pages\/5085\/revisions"}],"predecessor-version":[{"id":5984,"href":"https:\/\/gefaessmedizin.de\/en\/wp-json\/wp\/v2\/pages\/5085\/revisions\/5984"}],"up":[{"embeddable":true,"href":"https:\/\/gefaessmedizin.de\/en\/wp-json\/wp\/v2\/pages\/5083"}],"wp:attachment":[{"href":"https:\/\/gefaessmedizin.de\/en\/wp-json\/wp\/v2\/media?parent=5085"}],"curies":[{"name":"wp","href":"https:\/\/api.w.org\/{rel}","templated":true}]}}