{"id":5113,"date":"2022-09-26T18:07:28","date_gmt":"2022-09-26T16:07:28","guid":{"rendered":"https:\/\/gefaessmedizin.de\/erkrankungen\/superficial-phlebitis\/"},"modified":"2025-07-10T11:49:19","modified_gmt":"2025-07-10T09:49:19","slug":"superficial-phlebitis","status":"publish","type":"page","link":"https:\/\/gefaessmedizin.de\/en\/diseases\/superficial-phlebitis\/","title":{"rendered":"Superficial Phlebitis"},"content":{"rendered":"\n\n<div class=\"hero\">\n    <div class=\"hero__imgs\" data-delay=\"4\">\n                     \n                <div class=\"hero__img\" style=\"background-image:url(https:\/\/gefaessmedizin.de\/wp-content\/uploads\/2022\/09\/2-Gefaesszentrum-MuenchnerFreiheit_2_neu.jpg)\"><\/div>\n                                                <div class=\"hero__img\" data-bgimg=\"https:\/\/gefaessmedizin.de\/wp-content\/uploads\/2022\/09\/Krampfadern-vorbeugen-2-e1654074568153.jpg\"><\/div>\n                                                <div class=\"hero__img\" data-bgimg=\"https:\/\/gefaessmedizin.de\/wp-content\/uploads\/2022\/09\/Krampfader-3-scaled-e1654074929739.jpg\"><\/div>\n                        <\/div>\n    <div class=\"hero__overlay\">\n        <div class=\"container\">\n\n            \n            \n            \n            \n            \n        <\/div>\n    <\/div>\n<\/div>\n\n<div class=\"text-content text-content--left-aligned\">\n    <div class=\"container\">\n\n                                                                    <h1>Superficial phlebitis<\/h1>\n                            \n                            <h3>Superficial phlebitis is a painful disease of the superficial veins, which normally heals quickly and without complications under timely outpatient treatment. However, there is a relatively high risk of deep vein thrombosis, so it is not a trivial disease but one that should be taken seriously. Rapid medical attention is urgently required.<\/h3>\n                <img decoding=\"async\" class=\"text-content__logo\" width=\"30px\" height=\"30px\" alt=\"logo-gefaessmedizin-muenchen\" src=\"https:\/\/gefaessmedizin.de\/wp-content\/themes\/rankeffect\/images\/logos\/logo-gefaesszentrum-muenchen.svg\" loading=\"lazy\">\n                    \n        <div class=\"text-content__text\"><h4>What is superficial phlebitis?<\/h4>\n<p>In the extremities there is a deep and superficial venous system. Superficial phlebitis is a local inflammation of a vein that runs superficially (phlebitis). The inflammation of the vein is usually accompanied by clot formation (thrombophlebitis), most often it occurs in a varicose vein (varicophlebitis). A blood clot in the deep veins, phlebothrombosis, must be distinguished from superficial phlebitis.<\/p>\n<h4>What are the causes of superficial phlebitis?<\/h4>\n<p>The main causes are slowed blood flow, e.g. in varicose veins, during bed confinement, limited mobility or immobilization of the extremities after accidents or operations. Increased blood clotting, such as during pregnancy, postpartum, or after surgery, further increases the risk. Sometimes an increased susceptibility to clotting is also genetically determined. Inflammatory autoimmune diseases, malignant tumor diseases or traumatic injury to the vein wall can also be the reason for superficial phlebitis. One of the most common causes of thrombophlebitis in the arm is an intravenous indwelling catheter (Braunlele), especially if it is left in place too long. The most common cause of superficial phlebitis in the leg is varicose vein disease (varicophlebitis).<\/p><\/div>\n            <\/div>\n<\/div>\n\n<div class=\"img-container img-container--small\">\r\n    <div class=\"container\">\r\n        <img fetchpriority=\"high\" decoding=\"async\" width=\"2500\" height=\"1225\" src=\"https:\/\/gefaessmedizin.de\/wp-content\/uploads\/2022\/09\/Venenentzu\u0308ndung-2.jpg\" class=\"attachment-full size-full\" alt=\"Artery disease and food causing Arteriosclerosis or clogged arteries or human vein as a hand fist with greasy fast food causing narrowing and blocking blood flow to the heart and organs with 3D illustration elements.\" srcset=\"https:\/\/gefaessmedizin.de\/wp-content\/uploads\/2022\/09\/Venenentzu\u0308ndung-2.jpg 2500w, https:\/\/gefaessmedizin.de\/wp-content\/uploads\/2022\/09\/Venenentzu\u0308ndung-2-360x176.jpg 360w, https:\/\/gefaessmedizin.de\/wp-content\/uploads\/2022\/09\/Venenentzu\u0308ndung-2-1024x502.jpg 1024w, https:\/\/gefaessmedizin.de\/wp-content\/uploads\/2022\/09\/Venenentzu\u0308ndung-2-768x376.jpg 768w, https:\/\/gefaessmedizin.de\/wp-content\/uploads\/2022\/09\/Venenentzu\u0308ndung-2-1536x753.jpg 1536w, https:\/\/gefaessmedizin.de\/wp-content\/uploads\/2022\/09\/Venenentzu\u0308ndung-2-2048x1004.jpg 2048w\" sizes=\"(max-width: 2500px) 100vw, 2500px\" \/>    <\/div>\r\n<\/div>\n\n<div class=\"text-content text-content--left-aligned\">\n    <div class=\"container\">\n\n                                \n                    \n        <div class=\"text-content__text\"><h4>What are typical symptoms of superficial phlebitis?<\/h4>\n<p>Typical signs of inflammation are redness and overheating of the skin with sometimes significant pain symptoms at this site, especially on pressure, but also on movement. The inflamed vein is palpable as a hard, red and painful cord. In contrast to deep vein thrombosis, swelling of the leg does not occur, since there is no relevant disturbance of blood flow in the deep veins. Rarely, bacterial inflammation of the veins, e.g. via skin lesions, also results in fever with the risk of blood poisoning.<\/p>\n<p>The extent of phlebitis varies greatly; sometimes only a small vein or a short stretch over a few centimeters is affected. Frequently, however, extensive inflammation occurs with extension over a long course of the vein in the upper or lower leg. Especially in larger varicose veins, one often sees pronounced findings in very vigorous dilated veins. Accordingly, the duration of superficial phlebitis varies from a few days to weeks.<\/p>\n<h4>What do I do if I suspect superficial phlebitis?<\/h4>\n<p>If thrombophlebitis is suspected, a doctor should be consulted immediately and a prompt ultrasound examination of the veins (duplex sonography) should be performed. Treatment of thrombophlebitis depends on the extent of the blood clot in the veins. First, duplex sonography must be used to rule out concomitant thrombosis in the deep veins or even ingrowth of the blood clot into the deep veins. This is because the treatment of venous thrombosis differs from the treatment of superficial phlebitis.<\/p>\n<h4>How to treat superficial phlebitis?<\/h4>\n<p>Treatment of superficial phlebitis without involvement of deep veins depends on the extent of inflammation. If it ends near the junction with the deep veins, temporary blood thinning should always be performed for 4-6 weeks because of the risk of progression and development of deep vein thrombosis. As a rule, blood thinning is carried out with the subcutaneous administration of heparin injections, which the patient can also give himself without any problems.<\/p>\n<p>The basic therapy for all phlebitis is always a correctly measured compression stocking or compression bandage. The compression stocking should be worn during the day for all activities and can be removed in the evening. Usually, a compression stocking of compression class II is prescribed. Bed rest is not usually necessary &#8211; on the contrary, normal everyday mobility prevents progression of thrombophlebitis by stimulating blood outflow.<\/p>\n<p>In addition, anti-inflammatory and analgesic drugs such as ibuprofen or diclofenac are used. Very painful clots in large varicose veins can be relieved at an early stage by a small stab incision. In cases of bacterial inflammation, an antibiotic may also be required. Local cooling and application of anti-inflammatory ointments are generally useful.<\/p>\n<p>In case of varicophlebitis due to varicose vein disease, treatment of varicose veins should be performed during the symptom-free interval. Depending on the type of varicose vein (truncal vein, side branches), minimally invasive catheter procedures, sclerotherapy or surgical stripping are available. Spider veins are very small varicose veins in the skin. They are not a cause of superficial phlebitis, and treatment of spider veins is not medically necessary but often cosmetically desirable.<\/p><\/div>\n            <\/div>\n<\/div>\n\n<div class=\"img-container img-container--small\">\r\n    <div class=\"container\">\r\n        <img decoding=\"async\" width=\"2500\" height=\"1800\" src=\"https:\/\/gefaessmedizin.de\/wp-content\/uploads\/2022\/09\/Venenentzu\u0308ndung-3.jpg\" class=\"attachment-full size-full\" alt=\"Oberfl\u00e4chliche Venenentz\u00fcndung im menschlichen Bein. Schmerzhafte, rote Entz\u00fcndung der Beinvenen.\" srcset=\"https:\/\/gefaessmedizin.de\/wp-content\/uploads\/2022\/09\/Venenentzu\u0308ndung-3.jpg 2500w, https:\/\/gefaessmedizin.de\/wp-content\/uploads\/2022\/09\/Venenentzu\u0308ndung-3-360x259.jpg 360w, https:\/\/gefaessmedizin.de\/wp-content\/uploads\/2022\/09\/Venenentzu\u0308ndung-3-1024x737.jpg 1024w, https:\/\/gefaessmedizin.de\/wp-content\/uploads\/2022\/09\/Venenentzu\u0308ndung-3-768x553.jpg 768w, https:\/\/gefaessmedizin.de\/wp-content\/uploads\/2022\/09\/Venenentzu\u0308ndung-3-1536x1106.jpg 1536w, https:\/\/gefaessmedizin.de\/wp-content\/uploads\/2022\/09\/Venenentzu\u0308ndung-3-2048x1475.jpg 2048w\" sizes=\"(max-width: 2500px) 100vw, 2500px\" \/>    <\/div>\r\n<\/div>\n\n<div class=\"text-content text-content--left-aligned\">\n    <div class=\"container\">\n\n                                \n                    \n        <div class=\"text-content__text\"><h4>What is the prognosis for superficial phlebitis?<\/h4>\n<p>With correct therapy, this usually heals completely after days to weeks, and the symptoms recede completely. The affected veins often become completely open again and the blood clot dissolves. Often, ultrasound also shows scarred remnants in the veins after the inflammation has healed. Occasionally, the vein remains permanently occluded after inflammation, but this does not result in disruption of blood flow as long as the deep veins are healthy. Occasionally, hyperpigmentation remains in the skin after large superficial thrombosed varicose veins. In the case of varicose veins, permanent closure of the vein after phlebitis would be desirable, as varicose vein intervention may then sometimes be unnecessary.<\/p>\n<p>A special form of superficial phlebitis is thrombophlebitis saltans or migrans. In this case, a frequently recurring phlebitis develops at short intervals in alternating sections of healthy small veins, i.e. not in varicose veins. This always requires further clarification and diagnosis, as it may be related to an infectious disease, autoimmune disease or tumor.<\/p>\n<p>Another special form is sclerosing superficial phlebitis ( Mondor&#8217;s disease or iron wire phlebitis) with typical localization on the lateral thoracic wall. As with thrombophlebitis saltans\/migrans, there may be a connection to other underlying diseases.<\/p>\n<h4>Conclusion<\/h4>\n<p>In summary, superficial phlebitis is a relatively common painful condition that occurs mainly on the leg in varicose veins (about 90% of cases). With correct outpatient treatment of superficial vein thrombosis with blood thinners, compression stockings and anti-inflammatory drugs, a rapid freedom from symptoms and healing without complications can be expected. A complication in the sense of deep vein thrombosis is observed in up to 20-30% of cases. In order to exclude this, a prompt ultrasound diagnosis (duplex sonography) should therefore always be performed by a specialist. Short-term duplex sonographic monitoring during therapy is also useful to rule out progression of superficial phlebitis. In the case of varicophlebits (in varicose veins), rehabilitation of the varicose veins should be performed after the inflammation has healed.<\/p><\/div>\n            <\/div>\n<\/div>\n\n<div class=\"contact-form\">\n    <div class=\"container\">\n        <p class=\"contact-form__heading\">Contact now<\/p>\n        <img decoding=\"async\" class=\"contact-form__logo\" width=\"30px\" height=\"30px\" alt=\"logo-gefaessmedizin-muenchen\" src=\"https:\/\/gefaessmedizin.de\/wp-content\/themes\/rankeffect\/images\/logos\/logo-gefaesszentrum-muenchen.svg\" loading=\"lazy\">\n        <div class=\"contact-form__form-wrap\">\n            \n<div class=\"wpcf7 no-js\" id=\"wpcf7-f5582-o1\" lang=\"en-US\" dir=\"ltr\" data-wpcf7-id=\"5582\">\n<div class=\"screen-reader-response\"><p role=\"status\" aria-live=\"polite\" aria-atomic=\"true\"><\/p> <ul><\/ul><\/div>\n<form action=\"\/en\/wp-json\/wp\/v2\/pages\/5113#wpcf7-f5582-o1\" method=\"post\" class=\"wpcf7-form init wpcf7-acceptance-as-validation\" aria-label=\"Contact form\" novalidate=\"novalidate\" data-status=\"init\">\n<fieldset class=\"hidden-fields-container\"><input type=\"hidden\" name=\"_wpcf7\" value=\"5582\" \/><input type=\"hidden\" name=\"_wpcf7_version\" value=\"6.1.1\" \/><input type=\"hidden\" name=\"_wpcf7_locale\" value=\"en_US\" \/><input type=\"hidden\" name=\"_wpcf7_unit_tag\" value=\"wpcf7-f5582-o1\" \/><input type=\"hidden\" name=\"_wpcf7_container_post\" value=\"0\" \/><input type=\"hidden\" name=\"_wpcf7_posted_data_hash\" value=\"\" \/>\n<\/fieldset>\n<p><span id=\"wpcf7-69dc3021b7804-wrapper\" class=\"wpcf7-form-control-wrap your-phone-1-wrap\" ><input id=\"wpcf7-69dc3021b7804-field\"  placeholder=\"Phone number\"  class=\"wpcf7-form-control wpcf7-text\" type=\"text\" name=\"your-phone-1\" value=\"\" size=\"40\" tabindex=\"-1\" autocomplete=\"new-password\" \/><\/span>\n<\/p>\n<p><label> Name<br \/>\n<span class=\"wpcf7-form-control-wrap\" data-name=\"your-name\"><input size=\"40\" maxlength=\"400\" class=\"wpcf7-form-control wpcf7-text wpcf7-validates-as-required\" aria-required=\"true\" aria-invalid=\"false\" placeholder=\"John Doe\" value=\"\" type=\"text\" name=\"your-name\" \/><\/span> <\/label>\n<\/p>\n<p><label> E-mail address<br \/>\n<span class=\"wpcf7-form-control-wrap\" data-name=\"your-email\"><input size=\"40\" maxlength=\"400\" class=\"wpcf7-form-control wpcf7-email wpcf7-validates-as-required wpcf7-text wpcf7-validates-as-email\" aria-required=\"true\" aria-invalid=\"false\" placeholder=\"john.doe@gmail.com\" value=\"\" type=\"email\" name=\"your-email\" \/><\/span> <\/label>\n<\/p>\n<p><label> Phone number<br \/>\n<span class=\"wpcf7-form-control-wrap\" data-name=\"tel-513\"><input size=\"40\" maxlength=\"400\" class=\"wpcf7-form-control wpcf7-tel wpcf7-validates-as-required wpcf7-text wpcf7-validates-as-tel\" aria-required=\"true\" aria-invalid=\"false\" placeholder=\"+49 123 456 789\" value=\"\" type=\"tel\" name=\"tel-513\" \/><\/span> <\/label>\n<\/p>\n<p><label> Subject<br \/>\n<span class=\"wpcf7-form-control-wrap\" data-name=\"your-subject\"><input size=\"40\" maxlength=\"400\" class=\"wpcf7-form-control wpcf7-text wpcf7-validates-as-required\" aria-required=\"true\" aria-invalid=\"false\" value=\"\" type=\"text\" name=\"your-subject\" \/><\/span> <\/label>\n<\/p>\n<p><label> Message<br \/>\n<span class=\"wpcf7-form-control-wrap\" data-name=\"your-message\"><textarea cols=\"40\" rows=\"5\" maxlength=\"2000\" class=\"wpcf7-form-control wpcf7-textarea\" aria-invalid=\"false\" name=\"your-message\"><\/textarea><\/span> <\/label>\n<\/p>\n<p><span class=\"wpcf7-form-control-wrap\" data-name=\"acceptance-421\"><span class=\"wpcf7-form-control wpcf7-acceptance\"><span class=\"wpcf7-list-item\"><label><input type=\"checkbox\" name=\"acceptance-421\" value=\"1\" aria-invalid=\"false\" \/><span class=\"wpcf7-list-item-label\">I agree that my details from the contact form are collected and processed to answer my inquiry.<\/br>\n<span style=\"font-size:12px;display:inline-block;margin:10px 0\">Note: You can revoke your consent for the future at any time by sending an e-mail to <a style=\"color:#2B46D1\" href=\"mailto:info@gefaessmedizin.de\">info@gefaessmedizin.de<\/a> Detailed information on the handling of user data can be found in our <a style=\"color:#2B46D1\" href=\"\/privacy-policy\/\">Privacy Policy.<\/a><\/span><\/span><\/label><\/span><\/span><\/span>\n<\/p>\n<p><div class=\"h-captcha\" data-sitekey=\"256a75e2-b3e6-45ca-8c6a-ebc01cb4873e\" data-size=\"normal\" data-theme=\"light\"><\/div><span class=\"wpcf7-form-control-wrap cf7apps-hcaptcha\" data-name=\"cf7apps-hcaptcha\"><input type=\"hidden\" name=\"cf7apps-hcaptcha\" value=\"\" class=\"wpcf7-form-control\"><\/span>\n<\/p>\n<p><button type=\"submit\" class=\"wpcf7-form-control wpcf7-submit btn\">Send<\/button>\n<\/p><div class=\"wpcf7-response-output\" aria-hidden=\"true\"><\/div>\n<\/form>\n<\/div>\n        <\/div>\n    <\/div>\n<\/div>","protected":false},"excerpt":{"rendered":"","protected":false},"author":1,"featured_media":0,"parent":5083,"menu_order":0,"comment_status":"closed","ping_status":"closed","template":"","meta":{"seo-data":"%5B%7B%22title-tag%22:%22Superficial%20Phlebitis%20%7C%20Treatment%20in%20Munich%22,%22meta-description%22:%22Treatment%20of%20Phlebitis%20%7C%20Causes%20&%20Symptoms%20%E2%9C%93%20Prognosis%20%E2%9C%93%20Therapy%20Options%20%E2%96%BA%20Find%20out%20now!%22,%22structured-data%22:%22%22%7D%5D","footnotes":""},"class_list":["post-5113","page","type-page","status-publish","hentry"],"yoast_head":"<!-- This site is optimized with the Yoast SEO plugin v25.9 - https:\/\/yoast.com\/wordpress\/plugins\/seo\/ -->\n<title>Superficial Phlebitis - Gef\u00e4\u00dfmedizin M\u00fcnchen<\/title>\n<meta name=\"robots\" content=\"index, follow, max-snippet:-1, max-image-preview:large, max-video-preview:-1\" \/>\n<link rel=\"canonical\" href=\"https:\/\/gefaessmedizin.de\/en\/diseases\/superficial-phlebitis\/\" \/>\n<meta property=\"og:locale\" content=\"en_US\" \/>\n<meta property=\"og:type\" content=\"article\" \/>\n<meta property=\"og:title\" content=\"Superficial Phlebitis - Gef\u00e4\u00dfmedizin M\u00fcnchen\" \/>\n<meta property=\"og:url\" content=\"https:\/\/gefaessmedizin.de\/en\/diseases\/superficial-phlebitis\/\" \/>\n<meta property=\"og:site_name\" content=\"Gef\u00e4\u00dfmedizin M\u00fcnchen\" \/>\n<meta property=\"article:modified_time\" content=\"2025-07-10T09:49:19+00:00\" \/>\n<meta name=\"twitter:card\" content=\"summary_large_image\" \/>\n<script type=\"application\/ld+json\" class=\"yoast-schema-graph\">{\"@context\":\"https:\/\/schema.org\",\"@graph\":[{\"@type\":\"WebPage\",\"@id\":\"https:\/\/gefaessmedizin.de\/en\/diseases\/superficial-phlebitis\/\",\"url\":\"https:\/\/gefaessmedizin.de\/en\/diseases\/superficial-phlebitis\/\",\"name\":\"Superficial Phlebitis - Gef\u00e4\u00dfmedizin M\u00fcnchen\",\"isPartOf\":{\"@id\":\"https:\/\/gefaessmedizin.de\/en\/#website\"},\"datePublished\":\"2022-09-26T16:07:28+00:00\",\"dateModified\":\"2025-07-10T09:49:19+00:00\",\"breadcrumb\":{\"@id\":\"https:\/\/gefaessmedizin.de\/en\/diseases\/superficial-phlebitis\/#breadcrumb\"},\"inLanguage\":\"en-US\",\"potentialAction\":[{\"@type\":\"ReadAction\",\"target\":[\"https:\/\/gefaessmedizin.de\/en\/diseases\/superficial-phlebitis\/\"]}]},{\"@type\":\"BreadcrumbList\",\"@id\":\"https:\/\/gefaessmedizin.de\/en\/diseases\/superficial-phlebitis\/#breadcrumb\",\"itemListElement\":[{\"@type\":\"ListItem\",\"position\":1,\"name\":\"Startseite\",\"item\":\"https:\/\/gefaessmedizin.de\/en\/\"},{\"@type\":\"ListItem\",\"position\":2,\"name\":\"Diseases\",\"item\":\"https:\/\/gefaessmedizin.de\/en\/diseases\/\"},{\"@type\":\"ListItem\",\"position\":3,\"name\":\"Superficial Phlebitis\"}]},{\"@type\":\"WebSite\",\"@id\":\"https:\/\/gefaessmedizin.de\/en\/#website\",\"url\":\"https:\/\/gefaessmedizin.de\/en\/\",\"name\":\"Gef\u00e4\u00dfmedizin M\u00fcnchen\",\"description\":\"Gef\u00e4\u00dfmedizin M\u00fcnchen | \u2713 Venen- und Arterienerkrankungen \u2713 Diagnostik \u2713 Therapie \u25ba Jetzt informieren.\",\"potentialAction\":[{\"@type\":\"SearchAction\",\"target\":{\"@type\":\"EntryPoint\",\"urlTemplate\":\"https:\/\/gefaessmedizin.de\/en\/?s={search_term_string}\"},\"query-input\":{\"@type\":\"PropertyValueSpecification\",\"valueRequired\":true,\"valueName\":\"search_term_string\"}}],\"inLanguage\":\"en-US\"}]}<\/script>\n<!-- \/ Yoast SEO plugin. -->","yoast_head_json":{"title":"Superficial Phlebitis - Gef\u00e4\u00dfmedizin M\u00fcnchen","robots":{"index":"index","follow":"follow","max-snippet":"max-snippet:-1","max-image-preview":"max-image-preview:large","max-video-preview":"max-video-preview:-1"},"canonical":"https:\/\/gefaessmedizin.de\/en\/diseases\/superficial-phlebitis\/","og_locale":"en_US","og_type":"article","og_title":"Superficial Phlebitis - Gef\u00e4\u00dfmedizin M\u00fcnchen","og_url":"https:\/\/gefaessmedizin.de\/en\/diseases\/superficial-phlebitis\/","og_site_name":"Gef\u00e4\u00dfmedizin M\u00fcnchen","article_modified_time":"2025-07-10T09:49:19+00:00","twitter_card":"summary_large_image","schema":{"@context":"https:\/\/schema.org","@graph":[{"@type":"WebPage","@id":"https:\/\/gefaessmedizin.de\/en\/diseases\/superficial-phlebitis\/","url":"https:\/\/gefaessmedizin.de\/en\/diseases\/superficial-phlebitis\/","name":"Superficial Phlebitis - Gef\u00e4\u00dfmedizin M\u00fcnchen","isPartOf":{"@id":"https:\/\/gefaessmedizin.de\/en\/#website"},"datePublished":"2022-09-26T16:07:28+00:00","dateModified":"2025-07-10T09:49:19+00:00","breadcrumb":{"@id":"https:\/\/gefaessmedizin.de\/en\/diseases\/superficial-phlebitis\/#breadcrumb"},"inLanguage":"en-US","potentialAction":[{"@type":"ReadAction","target":["https:\/\/gefaessmedizin.de\/en\/diseases\/superficial-phlebitis\/"]}]},{"@type":"BreadcrumbList","@id":"https:\/\/gefaessmedizin.de\/en\/diseases\/superficial-phlebitis\/#breadcrumb","itemListElement":[{"@type":"ListItem","position":1,"name":"Startseite","item":"https:\/\/gefaessmedizin.de\/en\/"},{"@type":"ListItem","position":2,"name":"Diseases","item":"https:\/\/gefaessmedizin.de\/en\/diseases\/"},{"@type":"ListItem","position":3,"name":"Superficial Phlebitis"}]},{"@type":"WebSite","@id":"https:\/\/gefaessmedizin.de\/en\/#website","url":"https:\/\/gefaessmedizin.de\/en\/","name":"Gef\u00e4\u00dfmedizin M\u00fcnchen","description":"Gef\u00e4\u00dfmedizin M\u00fcnchen | \u2713 Venen- und Arterienerkrankungen \u2713 Diagnostik \u2713 Therapie \u25ba Jetzt informieren.","potentialAction":[{"@type":"SearchAction","target":{"@type":"EntryPoint","urlTemplate":"https:\/\/gefaessmedizin.de\/en\/?s={search_term_string}"},"query-input":{"@type":"PropertyValueSpecification","valueRequired":true,"valueName":"search_term_string"}}],"inLanguage":"en-US"}]}},"_links":{"self":[{"href":"https:\/\/gefaessmedizin.de\/en\/wp-json\/wp\/v2\/pages\/5113","targetHints":{"allow":["GET"]}}],"collection":[{"href":"https:\/\/gefaessmedizin.de\/en\/wp-json\/wp\/v2\/pages"}],"about":[{"href":"https:\/\/gefaessmedizin.de\/en\/wp-json\/wp\/v2\/types\/page"}],"author":[{"embeddable":true,"href":"https:\/\/gefaessmedizin.de\/en\/wp-json\/wp\/v2\/users\/1"}],"replies":[{"embeddable":true,"href":"https:\/\/gefaessmedizin.de\/en\/wp-json\/wp\/v2\/comments?post=5113"}],"version-history":[{"count":5,"href":"https:\/\/gefaessmedizin.de\/en\/wp-json\/wp\/v2\/pages\/5113\/revisions"}],"predecessor-version":[{"id":6001,"href":"https:\/\/gefaessmedizin.de\/en\/wp-json\/wp\/v2\/pages\/5113\/revisions\/6001"}],"up":[{"embeddable":true,"href":"https:\/\/gefaessmedizin.de\/en\/wp-json\/wp\/v2\/pages\/5083"}],"wp:attachment":[{"href":"https:\/\/gefaessmedizin.de\/en\/wp-json\/wp\/v2\/media?parent=5113"}],"curies":[{"name":"wp","href":"https:\/\/api.w.org\/{rel}","templated":true}]}}