{"id":5125,"date":"2022-08-26T15:31:19","date_gmt":"2022-08-26T13:31:19","guid":{"rendered":"https:\/\/gefaessmedizin.de\/vascular-center\/"},"modified":"2026-02-26T12:33:45","modified_gmt":"2026-02-26T10:33:45","slug":"vascular-center","status":"publish","type":"page","link":"https:\/\/gefaessmedizin.de\/en\/vascular-center\/","title":{"rendered":"Vascular Center"},"content":{"rendered":"\n\n<div class=\"hero\">\n    <div class=\"hero__imgs\" data-delay=\"4\">\n                     \n                <div class=\"hero__img\" style=\"background-image:url(https:\/\/gefaessmedizin.de\/wp-content\/uploads\/2022\/09\/2-Gefaesszentrum-MuenchnerFreiheit_1.jpg)\"><\/div>\n                                                <div class=\"hero__img\" data-bgimg=\"https:\/\/gefaessmedizin.de\/wp-content\/uploads\/2022\/09\/2-Gefaesszentrum-MuenchnerFreiheit_2_neu.jpg\"><\/div>\n                                                <div class=\"hero__img\" data-bgimg=\"https:\/\/gefaessmedizin.de\/wp-content\/uploads\/2022\/09\/2-Gefaesszentrum-MuenchnerFreiheit_3.jpg\"><\/div>\n                        <\/div>\n    <div class=\"hero__overlay\">\n        <div class=\"container\">\n\n            \n                                            <h1 class=\"hero__title\">\n                    <span class=\"hero__title-line hero__title-line--1\"><\/span>\n                    <span class=\"hero__title-line hero__title-line--2\">Vascular Center<\/span>\n                <\/h1>\n            \n            \n            \n            \n        <\/div>\n    <\/div>\n<\/div>\n\n<div class=\"text-content\">\n    <div class=\"container\">\n\n                                                                    <h2>Your health is close to our heart.<\/h2>\n                            \n                            <h3>Listen \u2013 analyse \u2013 targeted therapy.<\/h3>\n                <img decoding=\"async\" class=\"text-content__logo\" width=\"30px\" height=\"30px\" alt=\"logo-gefaessmedizin-muenchen\" src=\"https:\/\/gefaessmedizin.de\/wp-content\/themes\/rankeffect\/images\/logos\/logo-gefaesszentrum-muenchen.svg\" loading=\"lazy\">\n                    \n        <div class=\"text-content__text\"><p><strong>What is vascular medicine?<\/strong><br \/>Vascular Medicine or Angiology is a part of internal medicine. It specializes in the detection of all circulatory diseases outside of your heart, which includes diseases of the arteries, meaning the vascular system leading away from the heart and of the veins and lymphatic vessels, the vascular system leading back to the heart.<\/p>\n<p>We favor non-invasive examination methods, for example ultrasound or sensor examination and minimal-invasive treatments which can be performed without anesthesia and on an out-patient basis.<\/p>\n<p>The Bayerische Landes\u00e4rztekammer has granted our vascular Centre permission to offer training in the fields of angiology (vascular medicine) and phlebology (vein medicine). Which is certified according to DIN EN SO 9001:2015.<\/p><\/div>\n            <\/div>\n<\/div>\n\n<div class=\"img-container\">\r\n    <div class=\"container\">\r\n        <img fetchpriority=\"high\" decoding=\"async\" width=\"1598\" height=\"300\" src=\"https:\/\/gefaessmedizin.de\/wp-content\/uploads\/2022\/09\/2-Gefaesszentrum-MuenchnerFreiheit_Bildband_ret.jpg\" class=\"attachment-full size-full\" alt=\"Gef\u00e4sszentrum M\u00fcnchen \u2013 3 Bilder nebeneinander, erstes zeigt die \u00c4rzte, 2. zeigt eine Arzthelferin, die einer anderen etwas auf einem Zettel zeigt, 3. zeigt das komplette Team\" srcset=\"https:\/\/gefaessmedizin.de\/wp-content\/uploads\/2022\/09\/2-Gefaesszentrum-MuenchnerFreiheit_Bildband_ret.jpg 1598w, https:\/\/gefaessmedizin.de\/wp-content\/uploads\/2022\/09\/2-Gefaesszentrum-MuenchnerFreiheit_Bildband_ret-360x68.jpg 360w, https:\/\/gefaessmedizin.de\/wp-content\/uploads\/2022\/09\/2-Gefaesszentrum-MuenchnerFreiheit_Bildband_ret-1024x192.jpg 1024w, https:\/\/gefaessmedizin.de\/wp-content\/uploads\/2022\/09\/2-Gefaesszentrum-MuenchnerFreiheit_Bildband_ret-768x144.jpg 768w, https:\/\/gefaessmedizin.de\/wp-content\/uploads\/2022\/09\/2-Gefaesszentrum-MuenchnerFreiheit_Bildband_ret-1536x288.jpg 1536w\" sizes=\"(max-width: 1598px) 100vw, 1598px\" \/>    <\/div>\r\n<\/div>\n\n<div class=\"text-content\">\n    <div class=\"container\">\n\n                                                                    <h2>Doctors and Nurses:<br>We\u2019ll look after your vessels.<\/h2>\n                            \n                            <h3>Care characterised by competence and warmth.<\/h3>\n                <img decoding=\"async\" class=\"text-content__logo\" width=\"30px\" height=\"30px\" alt=\"logo-gefaessmedizin-muenchen\" src=\"https:\/\/gefaessmedizin.de\/wp-content\/themes\/rankeffect\/images\/logos\/logo-gefaesszentrum-muenchen.svg\" loading=\"lazy\">\n                    \n        <div class=\"text-content__text\"><p>Every member of our team works with the best conscience and know how and share the principles of consulting patients with care and as minimal-invasively as possible.<\/p>\n<p>The doctors in our vascular center are specialized in vascular medicine and have the licenses to conduct advanced training in angiology.<\/p><\/div>\n            <\/div>\n<\/div>\n\n<div class=\"doc-galery\">\r\n    <div class=\"container\">\r\n        <div class=\"doc-galery__items\">\r\n                            <a class=\"doc-galery__item\" href=\"https:\/\/gefaessmedizin.de\/en\/doctors\/prof-dr-med-guenter-rauh\/\">\r\n                    <img decoding=\"async\" width=\"320\" height=\"320\" src=\"https:\/\/gefaessmedizin.de\/wp-content\/uploads\/2022\/09\/2-Gefaesszentrum-MuenchnerFreiheit_Dr-Rauh-320x320-3.jpg\" class=\"attachment-medium size-medium\" alt=\"Prof. Dr. med. G\u00fcnter Rauh\" onerror=\"this.srcset=&quot;&quot;\" srcset=\"https:\/\/gefaessmedizin.de\/wp-content\/uploads\/2022\/09\/2-Gefaesszentrum-MuenchnerFreiheit_Dr-Rauh-320x320-3.jpg 320w, https:\/\/gefaessmedizin.de\/wp-content\/uploads\/2022\/09\/2-Gefaesszentrum-MuenchnerFreiheit_Dr-Rauh-320x320-3-150x150.jpg 150w\" sizes=\"(max-width: 320px) 100vw, 320px\" \/>                    <span class=\"doc-galery__caption\">Prof. Dr. med.<br\/> G\u00fcnter Rauh<\/span>\r\n                <\/a>\r\n                            <a class=\"doc-galery__item\" href=\"https:\/\/gefaessmedizin.de\/en\/doctors\/ulrike-mager-md\/\">\r\n                    <img decoding=\"async\" width=\"320\" height=\"320\" src=\"https:\/\/gefaessmedizin.de\/wp-content\/uploads\/2022\/09\/2-Gefaesszentrum-MuenchnerFreiheit_Dr-Mager-320x320-3.jpg\" class=\"attachment-medium size-medium\" alt=\"Dr. med. Ulrike Mager\" onerror=\"this.srcset=&quot;&quot;\" srcset=\"https:\/\/gefaessmedizin.de\/wp-content\/uploads\/2022\/09\/2-Gefaesszentrum-MuenchnerFreiheit_Dr-Mager-320x320-3.jpg 320w, https:\/\/gefaessmedizin.de\/wp-content\/uploads\/2022\/09\/2-Gefaesszentrum-MuenchnerFreiheit_Dr-Mager-320x320-3-150x150.jpg 150w\" sizes=\"(max-width: 320px) 100vw, 320px\" \/>                    <span class=\"doc-galery__caption\">MD Ulrike Mager<\/span>\r\n                <\/a>\r\n                            <a class=\"doc-galery__item\" href=\"https:\/\/gefaessmedizin.de\/en\/doctors\/michaela-berten-md\/\">\r\n                    <img loading=\"lazy\" decoding=\"async\" width=\"320\" height=\"320\" src=\"https:\/\/gefaessmedizin.de\/wp-content\/uploads\/2022\/09\/2-Gefaesszentrum-MuenchnerFreiheit_Dr-Berten-320x320-3.jpg\" class=\"attachment-medium size-medium\" alt=\"Dr. med. Michaela Berten\" onerror=\"this.srcset=&quot;&quot;\" srcset=\"https:\/\/gefaessmedizin.de\/wp-content\/uploads\/2022\/09\/2-Gefaesszentrum-MuenchnerFreiheit_Dr-Berten-320x320-3.jpg 320w, https:\/\/gefaessmedizin.de\/wp-content\/uploads\/2022\/09\/2-Gefaesszentrum-MuenchnerFreiheit_Dr-Berten-320x320-3-150x150.jpg 150w\" sizes=\"(max-width: 320px) 100vw, 320px\" \/>                    <span class=\"doc-galery__caption\">MD Michaela Berten<\/span>\r\n                <\/a>\r\n                            <a class=\"doc-galery__item\" href=\"https:\/\/gefaessmedizin.de\/en\/doctors\/cornelia-eulenstein-md\/\">\r\n                    <img loading=\"lazy\" decoding=\"async\" width=\"320\" height=\"320\" src=\"https:\/\/gefaessmedizin.de\/wp-content\/uploads\/2022\/09\/2-Gefaesszentrum-MuenchnerFreiheit_Dr-Eulenstein-320x320-3.jpg\" class=\"attachment-medium size-medium\" alt=\"Dr. med. Cornelia Eulenstein\" onerror=\"this.srcset=&quot;&quot;\" srcset=\"https:\/\/gefaessmedizin.de\/wp-content\/uploads\/2022\/09\/2-Gefaesszentrum-MuenchnerFreiheit_Dr-Eulenstein-320x320-3.jpg 320w, https:\/\/gefaessmedizin.de\/wp-content\/uploads\/2022\/09\/2-Gefaesszentrum-MuenchnerFreiheit_Dr-Eulenstein-320x320-3-150x150.jpg 150w\" sizes=\"(max-width: 320px) 100vw, 320px\" \/>                    <span class=\"doc-galery__caption\">MD Cornelia Eulenstein<\/span>\r\n                <\/a>\r\n                            <a class=\"doc-galery__item\" href=\"https:\/\/gefaessmedizin.de\/en\/doctors\/frieder-scheib\/\">\r\n                    <img loading=\"lazy\" decoding=\"async\" width=\"320\" height=\"320\" src=\"https:\/\/gefaessmedizin.de\/wp-content\/uploads\/2022\/09\/2-Gefaesszentrum-MuenchnerFreiheit_Scheib-320x320-3.jpg\" class=\"attachment-medium size-medium\" alt=\"Frieder Scheib\" onerror=\"this.srcset=&quot;&quot;\" srcset=\"https:\/\/gefaessmedizin.de\/wp-content\/uploads\/2022\/09\/2-Gefaesszentrum-MuenchnerFreiheit_Scheib-320x320-3.jpg 320w, https:\/\/gefaessmedizin.de\/wp-content\/uploads\/2022\/09\/2-Gefaesszentrum-MuenchnerFreiheit_Scheib-320x320-3-150x150.jpg 150w\" sizes=\"(max-width: 320px) 100vw, 320px\" \/>                    <span class=\"doc-galery__caption\">Frieder Scheib<\/span>\r\n                <\/a>\r\n                            <a class=\"doc-galery__item\" href=\"https:\/\/gefaessmedizin.de\/en\/doctors\/vanessa-raab-md\/\">\r\n                    <img loading=\"lazy\" decoding=\"async\" width=\"320\" height=\"320\" src=\"https:\/\/gefaessmedizin.de\/wp-content\/uploads\/2022\/09\/2-Gefaesszentrum-MuenchnerFreiheit_Dr-Raab-320x320-3.jpg\" class=\"attachment-medium size-medium\" alt=\"Dr. med. Vanessa Raab\" onerror=\"this.srcset=&quot;&quot;\" srcset=\"https:\/\/gefaessmedizin.de\/wp-content\/uploads\/2022\/09\/2-Gefaesszentrum-MuenchnerFreiheit_Dr-Raab-320x320-3.jpg 320w, https:\/\/gefaessmedizin.de\/wp-content\/uploads\/2022\/09\/2-Gefaesszentrum-MuenchnerFreiheit_Dr-Raab-320x320-3-150x150.jpg 150w\" sizes=\"(max-width: 320px) 100vw, 320px\" \/>                    <span class=\"doc-galery__caption\">MD Vanessa Raab<\/span>\r\n                <\/a>\r\n                            <a class=\"doc-galery__item\" href=\"https:\/\/gefaessmedizin.de\/en\/doctors\/hubert-stiegler-md\/\">\r\n                    <img loading=\"lazy\" decoding=\"async\" width=\"320\" height=\"320\" src=\"https:\/\/gefaessmedizin.de\/wp-content\/uploads\/2022\/09\/2-Gefaesszentrum-MuenchnerFreiheit_Dr-Stiegler-320x320-3.jpg\" class=\"attachment-medium size-medium\" alt=\"Dr. med. Hubert Stiegler\" onerror=\"this.srcset=&quot;&quot;\" srcset=\"https:\/\/gefaessmedizin.de\/wp-content\/uploads\/2022\/09\/2-Gefaesszentrum-MuenchnerFreiheit_Dr-Stiegler-320x320-3.jpg 320w, https:\/\/gefaessmedizin.de\/wp-content\/uploads\/2022\/09\/2-Gefaesszentrum-MuenchnerFreiheit_Dr-Stiegler-320x320-3-150x150.jpg 150w\" sizes=\"(max-width: 320px) 100vw, 320px\" \/>                    <span class=\"doc-galery__caption\">MD Hubert Stiegler<\/span>\r\n                <\/a>\r\n                            <a class=\"doc-galery__item\" href=\"https:\/\/gefaessmedizin.de\/en\/doctors\/matthias-schmutterer-md\/\">\r\n                    <img loading=\"lazy\" decoding=\"async\" width=\"320\" height=\"320\" src=\"https:\/\/gefaessmedizin.de\/wp-content\/uploads\/2022\/09\/2-Gefaesszentrum-MuenchnerFreiheit_Dr-Schmutterer-320x320-3.jpg\" class=\"attachment-medium size-medium\" alt=\"Dr. med. Matthias Schmutterer\" onerror=\"this.srcset=&quot;&quot;\" srcset=\"https:\/\/gefaessmedizin.de\/wp-content\/uploads\/2022\/09\/2-Gefaesszentrum-MuenchnerFreiheit_Dr-Schmutterer-320x320-3.jpg 320w, https:\/\/gefaessmedizin.de\/wp-content\/uploads\/2022\/09\/2-Gefaesszentrum-MuenchnerFreiheit_Dr-Schmutterer-320x320-3-150x150.jpg 150w\" sizes=\"(max-width: 320px) 100vw, 320px\" \/>                    <span class=\"doc-galery__caption\">MD Matthias Schmutterer<\/span>\r\n                <\/a>\r\n                            <a class=\"doc-galery__item\" href=\"https:\/\/gefaessmedizin.de\/en\/doctors\/julia-singer-md\/\">\r\n                    <img loading=\"lazy\" decoding=\"async\" width=\"320\" height=\"320\" src=\"https:\/\/gefaessmedizin.de\/wp-content\/uploads\/2022\/09\/6-Gefaesszentrum-MuenchnerFreiheit_Dr-Singer-xs-2.jpg\" class=\"attachment-medium size-medium\" alt=\"\" onerror=\"this.srcset=&quot;&quot;\" srcset=\"https:\/\/gefaessmedizin.de\/wp-content\/uploads\/2022\/09\/6-Gefaesszentrum-MuenchnerFreiheit_Dr-Singer-xs-2.jpg 320w, https:\/\/gefaessmedizin.de\/wp-content\/uploads\/2022\/09\/6-Gefaesszentrum-MuenchnerFreiheit_Dr-Singer-xs-2-150x150.jpg 150w\" sizes=\"(max-width: 320px) 100vw, 320px\" \/>                    <span class=\"doc-galery__caption\">MD Julia Singer<\/span>\r\n                <\/a>\r\n                    <\/div>\r\n                    <a class=\"btn\" href=\"https:\/\/gefaessmedizin.de\/aerzte\/\">The doctors<\/a>\r\n            <\/div>\r\n<\/div>\n\n<div class=\"text-content\">\n    <div class=\"container\">\n\n                                                                    <h2>The goal is your quick recovery.<\/h2>\n                            \n                            <h3>You are our focus.<\/h3>\n                <img decoding=\"async\" class=\"text-content__logo\" width=\"30px\" height=\"30px\" alt=\"logo-gefaessmedizin-muenchen\" src=\"https:\/\/gefaessmedizin.de\/wp-content\/themes\/rankeffect\/images\/logos\/logo-gefaesszentrum-muenchen.svg\" loading=\"lazy\">\n                    \n        <div class=\"text-content__text\"><p>The causes of vascular diseases can be very different. We\u2019ll list the most common diseases here. If any symptoms apply to you: you should go and clarify it with a vascular specialist.<\/p>\n<a class=\"btn\" href=\"https:\/\/gefaessmedizin.de\/en\/\/diseases\/\">Diseases<\/a>\n<p>Because the following steps will result in a successful therapy:<\/p>\n<p>&nbsp;<\/p>\n<p><strong>Step 1: Diagnostics<\/strong><\/p>\n<p>Before every examination, the patient portrays their medical condition.<\/p>\n<a class=\"btn\" href=\"https:\/\/gefaessmedizin.de\/en\/\/diagnostics\/\">Diagnostics<\/a>\n<p>&nbsp;<\/p>\n<p><strong>Step 2: Therapy<\/strong><\/p>\n<p>The medical condition of the patient and the connected troubles to the quality of life as well as the degree and the kind of disease will affect further the approach and the therapy.<\/p>\n<a class=\"btn\" href=\"https:\/\/gefaessmedizin.de\/en\/\/therapy\/\">Therapy<\/a>\n<p>&nbsp;<\/p>\n<p><strong>Step 3: Follow-up care<\/strong><\/p>\n<p>To ensure an effective therapy, follow-up examinations are essential.<\/p><\/div>\n            <\/div>\n<\/div>\n\n<div class=\"img-container\">\r\n    <div class=\"container\">\r\n        <img loading=\"lazy\" decoding=\"async\" width=\"1598\" height=\"300\" src=\"https:\/\/gefaessmedizin.de\/wp-content\/uploads\/2022\/09\/2-Gefaesszentrum-MuenchnerFreiheit_Bildband2.jpg\" class=\"attachment-full size-full\" alt=\"Gef\u00e4sszentrum M\u00fcnchen \u2013 3 Bilder nebeneinander. Erstes zeigt Venenuntersuchung am Fu\u00df einer Patientin, Zweites zeigt Untersuchungsbesteck. Drittes zeigt 2 \u00c4rzte, die sich das Foto einer Katheteruntersuchung anschauen\" srcset=\"https:\/\/gefaessmedizin.de\/wp-content\/uploads\/2022\/09\/2-Gefaesszentrum-MuenchnerFreiheit_Bildband2.jpg 1598w, https:\/\/gefaessmedizin.de\/wp-content\/uploads\/2022\/09\/2-Gefaesszentrum-MuenchnerFreiheit_Bildband2-360x68.jpg 360w, https:\/\/gefaessmedizin.de\/wp-content\/uploads\/2022\/09\/2-Gefaesszentrum-MuenchnerFreiheit_Bildband2-1024x192.jpg 1024w, https:\/\/gefaessmedizin.de\/wp-content\/uploads\/2022\/09\/2-Gefaesszentrum-MuenchnerFreiheit_Bildband2-768x144.jpg 768w, https:\/\/gefaessmedizin.de\/wp-content\/uploads\/2022\/09\/2-Gefaesszentrum-MuenchnerFreiheit_Bildband2-1536x288.jpg 1536w\" sizes=\"(max-width: 1598px) 100vw, 1598px\" \/>    <\/div>\r\n<\/div>\n\n<div class=\"text-content\">\n    <div class=\"container\">\n\n                                                                    <h2>Just play it safe<\/h2>\n                            \n                            <h3>Get a check up!<\/h3>\n                <img decoding=\"async\" class=\"text-content__logo\" width=\"30px\" height=\"30px\" alt=\"logo-gefaessmedizin-muenchen\" src=\"https:\/\/gefaessmedizin.de\/wp-content\/themes\/rankeffect\/images\/logos\/logo-gefaesszentrum-muenchen.svg\" loading=\"lazy\">\n                    \n        <div class=\"text-content__text\"><p>As cardiovascular diseases are the most common cause of death, we suggest a checkup examination, particularly if you have risk factors. Even if these already are being treated, it would still be useful.<\/p><\/div>\n            <\/div>\n<\/div>","protected":false},"excerpt":{"rendered":"","protected":false},"author":1,"featured_media":0,"parent":0,"menu_order":0,"comment_status":"closed","ping_status":"closed","template":"","meta":{"seo-data":"%5B%7B%22title-tag%22:%22Vascular%20Center%20Munich%20%7C%20Gef%C3%A4%C3%9Fmedizin%20M%C3%BCnchen%22,%22meta-description%22:%22Vascular%20Center%20in%20Munich%20%7C%20Specialized%20in%20Venous%20and%20Artery%20Diseases%20%E2%9C%93%20Diagnosis%20and%20Therapy%20%E2%96%BA%20Learn%20More.%22,%22structured-data%22:%22%22%7D%5D","footnotes":""},"class_list":["post-5125","page","type-page","status-publish","hentry"],"yoast_head":"<!-- This site is optimized with the Yoast SEO plugin v25.9 - https:\/\/yoast.com\/wordpress\/plugins\/seo\/ -->\n<title>Vascular Center - Gef\u00e4\u00dfmedizin M\u00fcnchen<\/title>\n<meta name=\"robots\" content=\"index, follow, max-snippet:-1, max-image-preview:large, max-video-preview:-1\" \/>\n<link rel=\"canonical\" href=\"https:\/\/gefaessmedizin.de\/en\/vascular-center\/\" \/>\n<meta property=\"og:locale\" content=\"en_US\" \/>\n<meta property=\"og:type\" content=\"article\" \/>\n<meta property=\"og:title\" content=\"Vascular Center - Gef\u00e4\u00dfmedizin M\u00fcnchen\" \/>\n<meta property=\"og:url\" content=\"https:\/\/gefaessmedizin.de\/en\/vascular-center\/\" \/>\n<meta property=\"og:site_name\" content=\"Gef\u00e4\u00dfmedizin M\u00fcnchen\" \/>\n<meta property=\"article:modified_time\" content=\"2026-02-26T10:33:45+00:00\" \/>\n<meta name=\"twitter:card\" content=\"summary_large_image\" \/>\n<script type=\"application\/ld+json\" class=\"yoast-schema-graph\">{\"@context\":\"https:\/\/schema.org\",\"@graph\":[{\"@type\":\"WebPage\",\"@id\":\"https:\/\/gefaessmedizin.de\/en\/vascular-center\/\",\"url\":\"https:\/\/gefaessmedizin.de\/en\/vascular-center\/\",\"name\":\"Vascular Center - Gef\u00e4\u00dfmedizin M\u00fcnchen\",\"isPartOf\":{\"@id\":\"https:\/\/gefaessmedizin.de\/en\/#website\"},\"datePublished\":\"2022-08-26T13:31:19+00:00\",\"dateModified\":\"2026-02-26T10:33:45+00:00\",\"breadcrumb\":{\"@id\":\"https:\/\/gefaessmedizin.de\/en\/vascular-center\/#breadcrumb\"},\"inLanguage\":\"en-US\",\"potentialAction\":[{\"@type\":\"ReadAction\",\"target\":[\"https:\/\/gefaessmedizin.de\/en\/vascular-center\/\"]}]},{\"@type\":\"BreadcrumbList\",\"@id\":\"https:\/\/gefaessmedizin.de\/en\/vascular-center\/#breadcrumb\",\"itemListElement\":[{\"@type\":\"ListItem\",\"position\":1,\"name\":\"Startseite\",\"item\":\"https:\/\/gefaessmedizin.de\/en\/\"},{\"@type\":\"ListItem\",\"position\":2,\"name\":\"Vascular Center\"}]},{\"@type\":\"WebSite\",\"@id\":\"https:\/\/gefaessmedizin.de\/en\/#website\",\"url\":\"https:\/\/gefaessmedizin.de\/en\/\",\"name\":\"Gef\u00e4\u00dfmedizin M\u00fcnchen\",\"description\":\"Gef\u00e4\u00dfmedizin M\u00fcnchen | \u2713 Venen- und Arterienerkrankungen \u2713 Diagnostik \u2713 Therapie \u25ba Jetzt informieren.\",\"potentialAction\":[{\"@type\":\"SearchAction\",\"target\":{\"@type\":\"EntryPoint\",\"urlTemplate\":\"https:\/\/gefaessmedizin.de\/en\/?s={search_term_string}\"},\"query-input\":{\"@type\":\"PropertyValueSpecification\",\"valueRequired\":true,\"valueName\":\"search_term_string\"}}],\"inLanguage\":\"en-US\"}]}<\/script>\n<!-- \/ Yoast SEO plugin. -->","yoast_head_json":{"title":"Vascular Center - Gef\u00e4\u00dfmedizin M\u00fcnchen","robots":{"index":"index","follow":"follow","max-snippet":"max-snippet:-1","max-image-preview":"max-image-preview:large","max-video-preview":"max-video-preview:-1"},"canonical":"https:\/\/gefaessmedizin.de\/en\/vascular-center\/","og_locale":"en_US","og_type":"article","og_title":"Vascular Center - Gef\u00e4\u00dfmedizin M\u00fcnchen","og_url":"https:\/\/gefaessmedizin.de\/en\/vascular-center\/","og_site_name":"Gef\u00e4\u00dfmedizin M\u00fcnchen","article_modified_time":"2026-02-26T10:33:45+00:00","twitter_card":"summary_large_image","schema":{"@context":"https:\/\/schema.org","@graph":[{"@type":"WebPage","@id":"https:\/\/gefaessmedizin.de\/en\/vascular-center\/","url":"https:\/\/gefaessmedizin.de\/en\/vascular-center\/","name":"Vascular Center - Gef\u00e4\u00dfmedizin M\u00fcnchen","isPartOf":{"@id":"https:\/\/gefaessmedizin.de\/en\/#website"},"datePublished":"2022-08-26T13:31:19+00:00","dateModified":"2026-02-26T10:33:45+00:00","breadcrumb":{"@id":"https:\/\/gefaessmedizin.de\/en\/vascular-center\/#breadcrumb"},"inLanguage":"en-US","potentialAction":[{"@type":"ReadAction","target":["https:\/\/gefaessmedizin.de\/en\/vascular-center\/"]}]},{"@type":"BreadcrumbList","@id":"https:\/\/gefaessmedizin.de\/en\/vascular-center\/#breadcrumb","itemListElement":[{"@type":"ListItem","position":1,"name":"Startseite","item":"https:\/\/gefaessmedizin.de\/en\/"},{"@type":"ListItem","position":2,"name":"Vascular Center"}]},{"@type":"WebSite","@id":"https:\/\/gefaessmedizin.de\/en\/#website","url":"https:\/\/gefaessmedizin.de\/en\/","name":"Gef\u00e4\u00dfmedizin M\u00fcnchen","description":"Gef\u00e4\u00dfmedizin M\u00fcnchen | \u2713 Venen- und Arterienerkrankungen \u2713 Diagnostik \u2713 Therapie \u25ba Jetzt informieren.","potentialAction":[{"@type":"SearchAction","target":{"@type":"EntryPoint","urlTemplate":"https:\/\/gefaessmedizin.de\/en\/?s={search_term_string}"},"query-input":{"@type":"PropertyValueSpecification","valueRequired":true,"valueName":"search_term_string"}}],"inLanguage":"en-US"}]}},"_links":{"self":[{"href":"https:\/\/gefaessmedizin.de\/en\/wp-json\/wp\/v2\/pages\/5125","targetHints":{"allow":["GET"]}}],"collection":[{"href":"https:\/\/gefaessmedizin.de\/en\/wp-json\/wp\/v2\/pages"}],"about":[{"href":"https:\/\/gefaessmedizin.de\/en\/wp-json\/wp\/v2\/types\/page"}],"author":[{"embeddable":true,"href":"https:\/\/gefaessmedizin.de\/en\/wp-json\/wp\/v2\/users\/1"}],"replies":[{"embeddable":true,"href":"https:\/\/gefaessmedizin.de\/en\/wp-json\/wp\/v2\/comments?post=5125"}],"version-history":[{"count":11,"href":"https:\/\/gefaessmedizin.de\/en\/wp-json\/wp\/v2\/pages\/5125\/revisions"}],"predecessor-version":[{"id":8447,"href":"https:\/\/gefaessmedizin.de\/en\/wp-json\/wp\/v2\/pages\/5125\/revisions\/8447"}],"wp:attachment":[{"href":"https:\/\/gefaessmedizin.de\/en\/wp-json\/wp\/v2\/media?parent=5125"}],"curies":[{"name":"wp","href":"https:\/\/api.w.org\/{rel}","templated":true}]}}