{"id":5133,"date":"2022-09-15T17:29:01","date_gmt":"2022-09-15T15:29:01","guid":{"rendered":"https:\/\/gefaessmedizin.de\/legal-notice\/"},"modified":"2026-02-26T12:40:06","modified_gmt":"2026-02-26T10:40:06","slug":"legal-notice","status":"publish","type":"page","link":"https:\/\/gefaessmedizin.de\/en\/legal-notice\/","title":{"rendered":"Legal Notice"},"content":{"rendered":"\n\n<div class=\"text-content text-content--2-cols\">\r\n    <div class=\"container\">\r\n        <h2>Impressum<\/h2>\r\n        <h3>und Disclaimer auf einen Blick.<\/h3>\r\n                    <img decoding=\"async\" class=\"text-content__logo\" width=\"30px\" height=\"30px\" alt=\"logo-gefaessmedizin-muenchen\" src=\"https:\/\/gefaessmedizin.de\/wp-content\/themes\/rankeffect\/images\/logos\/logo-gefaesszentrum-muenchen.svg\" loading=\"lazy\">\r\n                <div class=\"text-content__text\">\r\n            <div class=\"text-content__text-left\">\r\n                <p><strong>Angaben gem\u00e4\u00df \u00a7 5 TMG:<\/strong><\/p>\n<p><strong>Gef\u00e4ssmedizin M\u00fcnchen GmbH (MVZ GmbH)<\/strong><br \/>Prof. Dr. med. G\u00fcnter Rauh<br \/>Dr. med. Ulrike Mager<br \/>Haimhauserstra\u00dfe 4<br \/>80802 M\u00fcnchen<\/p>\n<p>Telefon:\u00a0<a href=\"tel:004989337666\">+49 (0)89 33 76 66<\/a><br \/>Telefax: +49 (0)89 33 76 25<br \/>E-Mail:\u00a0<a class=\"mail\" href=\"mailto:info@gefaessmedizin.de\">info(at)gefaessmedizin.de<\/a><\/p>\n<p>Prof. Dr. med. G\u00fcnter Rauh:<br \/>Arzt, Bundesrepublik Deutschland<br \/>Dr. med. Ulrike Mager:<br \/>\u00c4rztin, Bundesrepublik Deutschland<\/p>\n<p><strong>Zust\u00e4ndige \u00c4rztekammer:<\/strong><br \/>Bayerische Landes\u00e4rztekammer<br \/>M\u00fchlbaurstra\u00dfe 16<br \/>81677 M\u00fcnchen<br \/>Telefon: 089 4147-0<br \/>Fax: 089 4147-280<br \/>E-Mail:\u00a0<a class=\"mail\" href=\"https:\/\/gefaessmedizin.de\/\">blaek(at)blaek.de<\/a><br \/>Web:\u00a0<a href=\"https:\/\/www.blaek.de\/\" target=\"_blank\" rel=\"noopener noreferrer\">www.blaek.de<\/a><\/p>\n<p><strong>Kassen\u00e4rztliche Vereinigung:<\/strong><br \/>Kassen\u00e4rztliche Vereinigung Bayerns<br \/><a href=\"https:\/\/www.kvb.de\/\" target=\"_blank\" rel=\"noopener noreferrer\">www.kvb.de<\/a><\/p>\n<p><strong>Berufsordnung f\u00fcr die \u00c4rzte Bayerns:<\/strong><br \/>Die berufsrechtlichen Regelungen sind \u00fcber die Internetseiten der Bayerischen Landes\u00e4rztekammer zug\u00e4nglich:\u00a0<a href=\"https:\/\/www.blaek.de\/\" target=\"_blank\" rel=\"noopener noreferrer\">www.blaek.de<\/a><\/p>\n<p><strong>Verantworlich f\u00fcr den Inhalt:<\/strong><br \/>Prof. Dr. med. Rauh \/ Dr. med. Mager<\/p>\n<p><strong>Concept \/ Design \/ Production:<\/strong><br \/>PURPUR2 + BOLD concept<br \/>FOTOS: Margret Paal<\/p>\n<p><strong>Streitschlichtung:<\/strong><br \/>Die Europ\u00e4ische Kommission stellt eine Plattform zur Online-Streitbeilegung (OS) bereit:\u00a0<a href=\"https:\/\/consumer-redress.ec.europa.eu\/site-relocation_en\" target=\"_blank\" rel=\"noopener noreferrer\">https:\/\/ec.europa.eu\/consumers\/odr<\/a>. Unsere E-Mail-Adresse finden Sie oben im Impressum.<\/p>\n<p>[dropdown title=&#8217;Bildverzeichnis ansehen&#8217;]<\/p>\n<ul>\n<li>Copyright Hinweis: Adobe Stock\/crevis<\/li>\n<li>Copyright Hinweis: Adobe Stock\/Henrie<\/li>\n<li>Copyright Hinweis: Adobe Stock\/zlikovec<\/li>\n<li>Copyright Hinweis: Adobe Stock\/YURII MASLAK<\/li>\n<li>Copyright Hinweis: Adobe Stock\/dream@do<\/li>\n<li>Copyright Hinweis: Adobe Stock\/Axel Kock<\/li>\n<li>Copyright Hinweis: Adobe Stock\/jayzynism<\/li>\n<li>Copyright Hinweis: Adobe Stock\/tibanna79<\/li>\n<li>Copyright Hinweis: Adobe Stock\/yavdat<\/li>\n<li>Copyright Hinweis: Adobe Stock\/freshidea<\/li>\n<li>Copyright Hinweis: Adobe Stock\/hriana<\/li>\n<li>Copyright Hinweis: Adobe Stock\/Andrey Popov<\/li>\n<li>Copyright Hinweis: Adobe Stock\/Blue<\/li>\n<li>Copyright Hinweis: Adobe Stock\/_KUBE_<\/li>\n<li>Copyright Hinweis: Adobe Stock\/Alessandro Grandini<\/li>\n<li>Copyright Hinweis: Adobe Stock\/peterschreiber.media<\/li>\n<li>Copyright Hinweis: Adobe Stock\/bilderzwerg<\/li>\n<li>Copyright Hinweis: Adobe Stock\/Julia<\/li>\n<li>Copyright Hinweis: Adobe Stock\/vchalup<\/li>\n<li>Copyright Hinweis: Adobe Stock\/Microgen<\/li>\n<li>Copyright Hinweis: Adobe Stock\/Sarun<\/li>\n<li>Copyright Hinweis: Adobe Stock\/lordn<\/li>\n<li>Copyright Hinweis: Adobe Stock\/piyaphat<\/li>\n<li>Copyright Hinweis: Adobe Stock\/Aleksey Khripunkov<\/li>\n<li>Copyright Hinweis: Adobe Stock\/Julia<\/li>\n<li>Copyright Hinweis: Adobe Stock\/Angelov<\/li>\n<li>Copyright Hinweis: WikiCommons<\/li>\n<\/ul>\n<p>[\/dropdown]<\/p>            <\/div>\r\n            <div class=\"text-content__text-right\">\r\n                <p><strong>Haftung f\u00fcr Inhalte<\/strong><\/p>\n<p>Als Diensteanbieter sind wir gem\u00e4\u00df \u00a7 7 Abs.1 TMG f\u00fcr eigene Inhalte auf diesen Seiten nach den allgemeinen Gesetzen verantwortlich. Nach \u00a7\u00a7 8 bis 10 TMG sind wir als Diensteanbieter jedoch nicht verpflichtet, \u00fcbermittelte oder gespeicherte fremde Informationen zu \u00fcberwachen oder nach Umst\u00e4nden zu forschen, die auf eine rechtswidrige T\u00e4tigkeit hinweisen.<\/p>\n<p>Verpflichtungen zur Entfernung oder Sperrung der Nutzung von Informationen nach den allgemeinen Gesetzen bleiben hiervon unber\u00fchrt. Eine diesbez\u00fcgliche Haftung ist jedoch erst ab dem Zeitpunkt der Kenntnis einer konkreten Rechtsverletzung m\u00f6glich. Bei Bekanntwerden von entsprechenden Rechtsverletzungen werden wir diese Inhalte umgehend entfernen.<\/p>\n<p><strong>Haftung f\u00fcr Links<\/strong><\/p>\n<p>Unser Angebot enth\u00e4lt Links zu externen Websites Dritter, auf deren Inhalte wir keinen Einfluss haben. Deshalb k\u00f6nnen wir f\u00fcr diese fremden Inhalte auch keine Gew\u00e4hr \u00fcbernehmen. F\u00fcr die Inhalte der verlinkten Seiten ist stets der jeweilige Anbieter oder Betreiber der Seiten verantwortlich. Die verlinkten Seiten wurden zum Zeitpunkt der Verlinkung auf m\u00f6gliche Rechtsverst\u00f6\u00dfe \u00fcberpr\u00fcft. Rechtswidrige Inhalte waren zum Zeitpunkt der Verlinkung nicht erkennbar.<\/p>\n<p>Eine permanente inhaltliche Kontrolle der verlinkten Seiten ist jedoch ohne konkrete Anhaltspunkte einer Rechtsverletzung nicht zumutbar. Bei Bekanntwerden von Rechtsverletzungen werden wir derartige Links umgehend entfernen.<\/p>\n<p><strong>Urheberrecht<\/strong><\/p>\n<p>Die durch die Seitenbetreiber erstellten Inhalte und Werke auf diesen Seiten unterliegen dem deutschen Urheberrecht. Die Vervielf\u00e4ltigung, Bearbeitung, Verbreitung und jede Art der Verwertung au\u00dferhalb der Grenzen des Urheberrechtes bed\u00fcrfen der schriftlichen Zustimmung des jeweiligen Autors bzw. Erstellers. Downloads und Kopien dieser Seite sind nur f\u00fcr den privaten, nicht kommerziellen Gebrauch gestattet.<\/p>\n<p>Soweit die Inhalte auf dieser Seite nicht vom Betreiber erstellt wurden, werden die Urheberrechte Dritter beachtet. Insbesondere werden Inhalte Dritter als solche gekennzeichnet. Sollten Sie trotzdem auf eine Urheberrechtsverletzung aufmerksam werden, bitten wir um einen entsprechenden Hinweis. Bei Bekanntwerden von Rechtsverletzungen werden wir derartige Inhalte umgehend entfernen.<\/p>            <\/div>\r\n        <\/div>\r\n    <\/div>\r\n<\/div>","protected":false},"excerpt":{"rendered":"","protected":false},"author":1,"featured_media":0,"parent":0,"menu_order":0,"comment_status":"closed","ping_status":"closed","template":"","meta":{"seo-data":"%5B%7B%22title-tag%22:%22Legal%20Notice%20%7C%20Gef%C3%A4%C3%9Fmedizin%20M%C3%BCnchen%22,%22meta-description%22:%22Gef%C3%A4%C3%9Fmedizin%20M%C3%BCnchen%20%7C%20Imprint%20and%20Disclaimer%20on%20Liability%20and%20Copyright%20%E2%96%BA%20Learn%20More.%22,%22structured-data%22:%22%22%7D%5D","footnotes":""},"class_list":["post-5133","page","type-page","status-publish","hentry"],"yoast_head":"<!-- This site is optimized with the Yoast SEO plugin v25.9 - https:\/\/yoast.com\/wordpress\/plugins\/seo\/ -->\n<title>Legal Notice - Gef\u00e4\u00dfmedizin M\u00fcnchen<\/title>\n<meta name=\"robots\" content=\"index, follow, max-snippet:-1, max-image-preview:large, max-video-preview:-1\" \/>\n<link rel=\"canonical\" href=\"https:\/\/gefaessmedizin.de\/en\/legal-notice\/\" \/>\n<meta property=\"og:locale\" content=\"en_US\" \/>\n<meta property=\"og:type\" content=\"article\" \/>\n<meta property=\"og:title\" content=\"Legal Notice - Gef\u00e4\u00dfmedizin M\u00fcnchen\" \/>\n<meta property=\"og:url\" content=\"https:\/\/gefaessmedizin.de\/en\/legal-notice\/\" \/>\n<meta property=\"og:site_name\" content=\"Gef\u00e4\u00dfmedizin M\u00fcnchen\" \/>\n<meta property=\"article:modified_time\" content=\"2026-02-26T10:40:06+00:00\" \/>\n<meta name=\"twitter:card\" content=\"summary_large_image\" \/>\n<script type=\"application\/ld+json\" class=\"yoast-schema-graph\">{\"@context\":\"https:\/\/schema.org\",\"@graph\":[{\"@type\":\"WebPage\",\"@id\":\"https:\/\/gefaessmedizin.de\/en\/legal-notice\/\",\"url\":\"https:\/\/gefaessmedizin.de\/en\/legal-notice\/\",\"name\":\"Legal Notice - Gef\u00e4\u00dfmedizin M\u00fcnchen\",\"isPartOf\":{\"@id\":\"https:\/\/gefaessmedizin.de\/en\/#website\"},\"datePublished\":\"2022-09-15T15:29:01+00:00\",\"dateModified\":\"2026-02-26T10:40:06+00:00\",\"breadcrumb\":{\"@id\":\"https:\/\/gefaessmedizin.de\/en\/legal-notice\/#breadcrumb\"},\"inLanguage\":\"en-US\",\"potentialAction\":[{\"@type\":\"ReadAction\",\"target\":[\"https:\/\/gefaessmedizin.de\/en\/legal-notice\/\"]}]},{\"@type\":\"BreadcrumbList\",\"@id\":\"https:\/\/gefaessmedizin.de\/en\/legal-notice\/#breadcrumb\",\"itemListElement\":[{\"@type\":\"ListItem\",\"position\":1,\"name\":\"Startseite\",\"item\":\"https:\/\/gefaessmedizin.de\/en\/\"},{\"@type\":\"ListItem\",\"position\":2,\"name\":\"Legal Notice\"}]},{\"@type\":\"WebSite\",\"@id\":\"https:\/\/gefaessmedizin.de\/en\/#website\",\"url\":\"https:\/\/gefaessmedizin.de\/en\/\",\"name\":\"Gef\u00e4\u00dfmedizin M\u00fcnchen\",\"description\":\"Gef\u00e4\u00dfmedizin M\u00fcnchen | \u2713 Venen- und Arterienerkrankungen \u2713 Diagnostik \u2713 Therapie \u25ba Jetzt informieren.\",\"potentialAction\":[{\"@type\":\"SearchAction\",\"target\":{\"@type\":\"EntryPoint\",\"urlTemplate\":\"https:\/\/gefaessmedizin.de\/en\/?s={search_term_string}\"},\"query-input\":{\"@type\":\"PropertyValueSpecification\",\"valueRequired\":true,\"valueName\":\"search_term_string\"}}],\"inLanguage\":\"en-US\"}]}<\/script>\n<!-- \/ Yoast SEO plugin. -->","yoast_head_json":{"title":"Legal Notice - Gef\u00e4\u00dfmedizin M\u00fcnchen","robots":{"index":"index","follow":"follow","max-snippet":"max-snippet:-1","max-image-preview":"max-image-preview:large","max-video-preview":"max-video-preview:-1"},"canonical":"https:\/\/gefaessmedizin.de\/en\/legal-notice\/","og_locale":"en_US","og_type":"article","og_title":"Legal Notice - Gef\u00e4\u00dfmedizin M\u00fcnchen","og_url":"https:\/\/gefaessmedizin.de\/en\/legal-notice\/","og_site_name":"Gef\u00e4\u00dfmedizin M\u00fcnchen","article_modified_time":"2026-02-26T10:40:06+00:00","twitter_card":"summary_large_image","schema":{"@context":"https:\/\/schema.org","@graph":[{"@type":"WebPage","@id":"https:\/\/gefaessmedizin.de\/en\/legal-notice\/","url":"https:\/\/gefaessmedizin.de\/en\/legal-notice\/","name":"Legal Notice - Gef\u00e4\u00dfmedizin M\u00fcnchen","isPartOf":{"@id":"https:\/\/gefaessmedizin.de\/en\/#website"},"datePublished":"2022-09-15T15:29:01+00:00","dateModified":"2026-02-26T10:40:06+00:00","breadcrumb":{"@id":"https:\/\/gefaessmedizin.de\/en\/legal-notice\/#breadcrumb"},"inLanguage":"en-US","potentialAction":[{"@type":"ReadAction","target":["https:\/\/gefaessmedizin.de\/en\/legal-notice\/"]}]},{"@type":"BreadcrumbList","@id":"https:\/\/gefaessmedizin.de\/en\/legal-notice\/#breadcrumb","itemListElement":[{"@type":"ListItem","position":1,"name":"Startseite","item":"https:\/\/gefaessmedizin.de\/en\/"},{"@type":"ListItem","position":2,"name":"Legal Notice"}]},{"@type":"WebSite","@id":"https:\/\/gefaessmedizin.de\/en\/#website","url":"https:\/\/gefaessmedizin.de\/en\/","name":"Gef\u00e4\u00dfmedizin M\u00fcnchen","description":"Gef\u00e4\u00dfmedizin M\u00fcnchen | \u2713 Venen- und Arterienerkrankungen \u2713 Diagnostik \u2713 Therapie \u25ba Jetzt informieren.","potentialAction":[{"@type":"SearchAction","target":{"@type":"EntryPoint","urlTemplate":"https:\/\/gefaessmedizin.de\/en\/?s={search_term_string}"},"query-input":{"@type":"PropertyValueSpecification","valueRequired":true,"valueName":"search_term_string"}}],"inLanguage":"en-US"}]}},"_links":{"self":[{"href":"https:\/\/gefaessmedizin.de\/en\/wp-json\/wp\/v2\/pages\/5133","targetHints":{"allow":["GET"]}}],"collection":[{"href":"https:\/\/gefaessmedizin.de\/en\/wp-json\/wp\/v2\/pages"}],"about":[{"href":"https:\/\/gefaessmedizin.de\/en\/wp-json\/wp\/v2\/types\/page"}],"author":[{"embeddable":true,"href":"https:\/\/gefaessmedizin.de\/en\/wp-json\/wp\/v2\/users\/1"}],"replies":[{"embeddable":true,"href":"https:\/\/gefaessmedizin.de\/en\/wp-json\/wp\/v2\/comments?post=5133"}],"version-history":[{"count":13,"href":"https:\/\/gefaessmedizin.de\/en\/wp-json\/wp\/v2\/pages\/5133\/revisions"}],"predecessor-version":[{"id":8452,"href":"https:\/\/gefaessmedizin.de\/en\/wp-json\/wp\/v2\/pages\/5133\/revisions\/8452"}],"wp:attachment":[{"href":"https:\/\/gefaessmedizin.de\/en\/wp-json\/wp\/v2\/media?parent=5133"}],"curies":[{"name":"wp","href":"https:\/\/api.w.org\/{rel}","templated":true}]}}