{"id":5135,"date":"2022-09-15T17:28:42","date_gmt":"2022-09-15T15:28:42","guid":{"rendered":"https:\/\/gefaessmedizin.de\/contact\/"},"modified":"2025-07-10T11:29:59","modified_gmt":"2025-07-10T09:29:59","slug":"contact","status":"publish","type":"page","link":"https:\/\/gefaessmedizin.de\/en\/contact\/","title":{"rendered":"Contact"},"content":{"rendered":"\n\n<div class=\"hero\">\n    <div class=\"hero__imgs\" data-delay=\"4\">\n                     \n                <div class=\"hero__img\" style=\"background-image:url(https:\/\/gefaessmedizin.de\/wp-content\/uploads\/2022\/09\/7-Gefaesszentrum-MuenchnerFreiheit_Kontakt.jpg)\"><\/div>\n                        <\/div>\n    <div class=\"hero__overlay\">\n        <div class=\"container\">\n\n            \n                                            <h1 class=\"hero__title\">\n                    <span class=\"hero__title-line hero__title-line--1\">Easy to get in touch:<\/span>\n                    <span class=\"hero__title-line hero__title-line--2\">contact us personally<\/span>\n                <\/h1>\n            \n            \n            \n            \n        <\/div>\n    <\/div>\n<\/div>\n\n<div class=\"text-content\">\n    <div class=\"container\">\n\n                                                                    <h2>We are looking forward to helping you.<\/h2>\n                            \n                            <h3>Book an appointment now.<\/h3>\n                <img decoding=\"async\" class=\"text-content__logo\" width=\"30px\" height=\"30px\" alt=\"logo-gefaessmedizin-muenchen\" src=\"https:\/\/gefaessmedizin.de\/wp-content\/themes\/rankeffect\/images\/logos\/logo-gefaesszentrum-muenchen.svg\" loading=\"lazy\">\n                    \n        <div class=\"text-content__text\"><p>We are at the disposal of privately insured and self-paying patients here:<\/p>\n<p><strong>M\u00fcnchner Freiheit Vascular Centre<\/strong><br \/>Haimhauserstra\u00dfe 4<br \/>80802 Munich<\/p>\n<p>Telephone:\u00a0<a href=\"tel:004989337666\"><span class=\"desk\">089 33 76 66<\/span><\/a><br \/>Fax: +49 (0)89 33 76 25<br \/>e-mail:\u00a0<a class=\"mail\" href=\"mailto: info(at).gefaesszentrum-muenchner-freiheit.de\">info(at)gefaesszentrum-muenchner-freiheit.de<\/a><\/p>\n<p><strong>Consultation hours:<\/strong><br \/>Monday, Tuesday, Thursday:<br \/>8 a.m. to 6 p.m.<br \/>Wednesday and Friday:<br \/>8 a.m. to 4 p.m.<\/p><\/div>\n            <\/div>\n<\/div>\n\n<div class=\"contact-form\">\n    <div class=\"container\">\n        <p class=\"contact-form__heading\">Contact now<\/p>\n        <img decoding=\"async\" class=\"contact-form__logo\" width=\"30px\" height=\"30px\" alt=\"logo-gefaessmedizin-muenchen\" src=\"https:\/\/gefaessmedizin.de\/wp-content\/themes\/rankeffect\/images\/logos\/logo-gefaesszentrum-muenchen.svg\" loading=\"lazy\">\n        <div class=\"contact-form__form-wrap\">\n            \n<div class=\"wpcf7 no-js\" id=\"wpcf7-f5582-o1\" lang=\"en-US\" dir=\"ltr\" data-wpcf7-id=\"5582\">\n<div class=\"screen-reader-response\"><p role=\"status\" aria-live=\"polite\" aria-atomic=\"true\"><\/p> <ul><\/ul><\/div>\n<form action=\"\/en\/wp-json\/wp\/v2\/pages\/5135#wpcf7-f5582-o1\" method=\"post\" class=\"wpcf7-form init wpcf7-acceptance-as-validation\" aria-label=\"Contact form\" novalidate=\"novalidate\" data-status=\"init\">\n<fieldset class=\"hidden-fields-container\"><input type=\"hidden\" name=\"_wpcf7\" value=\"5582\" \/><input type=\"hidden\" name=\"_wpcf7_version\" value=\"6.1.1\" \/><input type=\"hidden\" name=\"_wpcf7_locale\" value=\"en_US\" \/><input type=\"hidden\" name=\"_wpcf7_unit_tag\" value=\"wpcf7-f5582-o1\" \/><input type=\"hidden\" name=\"_wpcf7_container_post\" value=\"0\" \/><input type=\"hidden\" name=\"_wpcf7_posted_data_hash\" value=\"\" \/>\n<\/fieldset>\n<p><span id=\"wpcf7-69d6893021419-wrapper\" class=\"wpcf7-form-control-wrap your-phone-1-wrap\" ><input id=\"wpcf7-69d6893021419-field\"  placeholder=\"Phone number\"  class=\"wpcf7-form-control wpcf7-text\" type=\"text\" name=\"your-phone-1\" value=\"\" size=\"40\" tabindex=\"-1\" autocomplete=\"new-password\" \/><\/span>\n<\/p>\n<p><label> Name<br \/>\n<span class=\"wpcf7-form-control-wrap\" data-name=\"your-name\"><input size=\"40\" maxlength=\"400\" class=\"wpcf7-form-control wpcf7-text wpcf7-validates-as-required\" aria-required=\"true\" aria-invalid=\"false\" placeholder=\"John Doe\" value=\"\" type=\"text\" name=\"your-name\" \/><\/span> <\/label>\n<\/p>\n<p><label> E-mail address<br \/>\n<span class=\"wpcf7-form-control-wrap\" data-name=\"your-email\"><input size=\"40\" maxlength=\"400\" class=\"wpcf7-form-control wpcf7-email wpcf7-validates-as-required wpcf7-text wpcf7-validates-as-email\" aria-required=\"true\" aria-invalid=\"false\" placeholder=\"john.doe@gmail.com\" value=\"\" type=\"email\" name=\"your-email\" \/><\/span> <\/label>\n<\/p>\n<p><label> Phone number<br \/>\n<span class=\"wpcf7-form-control-wrap\" data-name=\"tel-513\"><input size=\"40\" maxlength=\"400\" class=\"wpcf7-form-control wpcf7-tel wpcf7-validates-as-required wpcf7-text wpcf7-validates-as-tel\" aria-required=\"true\" aria-invalid=\"false\" placeholder=\"+49 123 456 789\" value=\"\" type=\"tel\" name=\"tel-513\" \/><\/span> <\/label>\n<\/p>\n<p><label> Subject<br \/>\n<span class=\"wpcf7-form-control-wrap\" data-name=\"your-subject\"><input size=\"40\" maxlength=\"400\" class=\"wpcf7-form-control wpcf7-text wpcf7-validates-as-required\" aria-required=\"true\" aria-invalid=\"false\" value=\"\" type=\"text\" name=\"your-subject\" \/><\/span> <\/label>\n<\/p>\n<p><label> Message<br \/>\n<span class=\"wpcf7-form-control-wrap\" data-name=\"your-message\"><textarea cols=\"40\" rows=\"5\" maxlength=\"2000\" class=\"wpcf7-form-control wpcf7-textarea\" aria-invalid=\"false\" name=\"your-message\"><\/textarea><\/span> <\/label>\n<\/p>\n<p><span class=\"wpcf7-form-control-wrap\" data-name=\"acceptance-421\"><span class=\"wpcf7-form-control wpcf7-acceptance\"><span class=\"wpcf7-list-item\"><label><input type=\"checkbox\" name=\"acceptance-421\" value=\"1\" aria-invalid=\"false\" \/><span class=\"wpcf7-list-item-label\">I agree that my details from the contact form are collected and processed to answer my inquiry.<\/br>\n<span style=\"font-size:12px;display:inline-block;margin:10px 0\">Note: You can revoke your consent for the future at any time by sending an e-mail to <a style=\"color:#2B46D1\" href=\"mailto:info@gefaessmedizin.de\">info@gefaessmedizin.de<\/a> Detailed information on the handling of user data can be found in our <a style=\"color:#2B46D1\" href=\"\/privacy-policy\/\">Privacy Policy.<\/a><\/span><\/span><\/label><\/span><\/span><\/span>\n<\/p>\n<p><div class=\"h-captcha\" data-sitekey=\"256a75e2-b3e6-45ca-8c6a-ebc01cb4873e\" data-size=\"normal\" data-theme=\"light\"><\/div><span class=\"wpcf7-form-control-wrap cf7apps-hcaptcha\" data-name=\"cf7apps-hcaptcha\"><input type=\"hidden\" name=\"cf7apps-hcaptcha\" value=\"\" class=\"wpcf7-form-control\"><\/span>\n<\/p>\n<p><button type=\"submit\" class=\"wpcf7-form-control wpcf7-submit btn\">Send<\/button>\n<\/p><div class=\"wpcf7-response-output\" aria-hidden=\"true\"><\/div>\n<\/form>\n<\/div>\n        <\/div>\n    <\/div>\n<\/div>\n\n<div class=\"img-and-text img-and-text--right\">\r\n    <div class=\"container\">\r\n        <div class=\"img-and-text__inner\">\r\n            <div class=\"img-and-text__item img-and-text__item--img\">\r\n                <img fetchpriority=\"high\" decoding=\"async\" width=\"640\" height=\"465\" src=\"https:\/\/gefaessmedizin.de\/wp-content\/uploads\/2022\/09\/7-Gefaesszentrum-MuenchnerFreiheit_Anfahrt-640x465-1.jpg\" class=\"attachment-full size-full\" alt=\"\" onerror=\"this.srcset=&quot;&quot;\" srcset=\"https:\/\/gefaessmedizin.de\/wp-content\/uploads\/2022\/09\/7-Gefaesszentrum-MuenchnerFreiheit_Anfahrt-640x465-1.jpg 640w, https:\/\/gefaessmedizin.de\/wp-content\/uploads\/2022\/09\/7-Gefaesszentrum-MuenchnerFreiheit_Anfahrt-640x465-1-360x262.jpg 360w\" sizes=\"(max-width: 640px) 100vw, 640px\" \/>            <\/div>\r\n            <div class=\"img-and-text__item img-and-text__item--text\">\r\n                <div class=\"img-and-text__text\"><p><strong>Traveling by public transport:<\/strong><\/p>\n<p><em>U-Bahn:<\/em>\u00a0nos. U3 and U6, alight at the \u201cM\u00fcnchner Freiheit\u201d station<br \/><em>Bus:<\/em>\u00a0no. 53, 54, 123, 140, 141, N40, N41 alight at the \u201cM\u00fcnchner Freiheit\u201d bus stop<\/p>\n<p>When leaving the U-Bahn station, follow the signs to the bus station.<\/p>\n<p>Directly at the bus station you\u2019ll find the beginning of the \u201cHaimhauserstra\u00dfe\u201d street. Follow the street for about 100 meters and you\u2019ll find the building with the number 4 and the vascular center \u201cM\u00fcnchner Freiheit\u201d, on your right hand side.<\/p>\n<p><strong>By car:<\/strong><\/p>\n<p>In the area you\u2019ll find metered parking spaces or an underground car park near by.<\/p><\/div>\r\n                            <\/div>\r\n        <\/div>\r\n    <\/div>\r\n<\/div>\n\n<div class=\"img-container map\">\r\n    <div class=\"container\">\r\n        <img decoding=\"async\" width=\"1440\" height=\"800\" src=\"https:\/\/gefaessmedizin.de\/wp-content\/uploads\/2022\/09\/mf-google-map.jpg\" class=\"attachment-full size-full\" alt=\"\" srcset=\"https:\/\/gefaessmedizin.de\/wp-content\/uploads\/2022\/09\/mf-google-map.jpg 1440w, https:\/\/gefaessmedizin.de\/wp-content\/uploads\/2022\/09\/mf-google-map-360x200.jpg 360w, https:\/\/gefaessmedizin.de\/wp-content\/uploads\/2022\/09\/mf-google-map-1024x569.jpg 1024w, https:\/\/gefaessmedizin.de\/wp-content\/uploads\/2022\/09\/mf-google-map-768x427.jpg 768w\" sizes=\"(max-width: 1440px) 100vw, 1440px\" \/>    <\/div>\r\n<\/div>\n\n<div class=\"diagonal-tiles\">\r\n    <div class=\"container\">\r\n        <div class=\"diagonal-tiles__tiles\">\r\n            <div class=\"diagonal-tiles__tile diagonal-tiles__tile--blue\">\r\n                <div class=\"diagonal-tiles__tile-inner\">\r\n                    <h4>For a first conversation<br \/>please contact us<br \/>by phone or email.<\/h4>                <\/div>\r\n            <\/div>\r\n            <div class=\"diagonal-tiles__tile diagonal-tiles__tile--red\">\r\n                <div class=\"diagonal-tiles__tile-inner\">\r\n                    <p>You are interested in joining our team as a doctor\u2019s assistant, nurse or trainee medical assistant? We would be happy to take a look at your targeted application,<br \/>preferably by e-mail:\u00a0<a class=\"mail\" href=\"mailto:bewerbung@gefaessmedizin.de\">Apply now<\/a><\/p>                <\/div>\r\n            <\/div>\r\n        <\/div>\r\n    <\/div>\r\n<\/div>","protected":false},"excerpt":{"rendered":"","protected":false},"author":1,"featured_media":0,"parent":0,"menu_order":0,"comment_status":"closed","ping_status":"closed","template":"","meta":{"seo-data":"%5B%7B%22title-tag%22:%22Contact%20%7C%20Gef%C3%A4%C3%9Fmedizin%20M%C3%BCnchen%22,%22meta-description%22:%22Contact%20Gef%C3%A4%C3%9Fmedizin%20M%C3%BCnchen%20%7C%20%E2%9C%93%20General%20Information%20&%20Things%20to%20Know%20%E2%9C%93%20Contact%20Person%20%E2%96%BA%20Get%20in%20touch%20now!%22,%22structured-data%22:%22%22%7D%5D","footnotes":""},"class_list":["post-5135","page","type-page","status-publish","hentry"],"yoast_head":"<!-- This site is optimized with the Yoast SEO plugin v25.9 - https:\/\/yoast.com\/wordpress\/plugins\/seo\/ -->\n<title>Contact - Gef\u00e4\u00dfmedizin M\u00fcnchen<\/title>\n<meta name=\"robots\" content=\"index, follow, max-snippet:-1, max-image-preview:large, max-video-preview:-1\" \/>\n<link rel=\"canonical\" href=\"https:\/\/gefaessmedizin.de\/en\/contact\/\" \/>\n<meta property=\"og:locale\" content=\"en_US\" \/>\n<meta property=\"og:type\" content=\"article\" \/>\n<meta property=\"og:title\" content=\"Contact - Gef\u00e4\u00dfmedizin M\u00fcnchen\" \/>\n<meta property=\"og:url\" content=\"https:\/\/gefaessmedizin.de\/en\/contact\/\" \/>\n<meta property=\"og:site_name\" content=\"Gef\u00e4\u00dfmedizin M\u00fcnchen\" \/>\n<meta property=\"article:modified_time\" content=\"2025-07-10T09:29:59+00:00\" \/>\n<meta name=\"twitter:card\" content=\"summary_large_image\" \/>\n<script type=\"application\/ld+json\" class=\"yoast-schema-graph\">{\"@context\":\"https:\/\/schema.org\",\"@graph\":[{\"@type\":\"WebPage\",\"@id\":\"https:\/\/gefaessmedizin.de\/en\/contact\/\",\"url\":\"https:\/\/gefaessmedizin.de\/en\/contact\/\",\"name\":\"Contact - Gef\u00e4\u00dfmedizin M\u00fcnchen\",\"isPartOf\":{\"@id\":\"https:\/\/gefaessmedizin.de\/en\/#website\"},\"datePublished\":\"2022-09-15T15:28:42+00:00\",\"dateModified\":\"2025-07-10T09:29:59+00:00\",\"breadcrumb\":{\"@id\":\"https:\/\/gefaessmedizin.de\/en\/contact\/#breadcrumb\"},\"inLanguage\":\"en-US\",\"potentialAction\":[{\"@type\":\"ReadAction\",\"target\":[\"https:\/\/gefaessmedizin.de\/en\/contact\/\"]}]},{\"@type\":\"BreadcrumbList\",\"@id\":\"https:\/\/gefaessmedizin.de\/en\/contact\/#breadcrumb\",\"itemListElement\":[{\"@type\":\"ListItem\",\"position\":1,\"name\":\"Startseite\",\"item\":\"https:\/\/gefaessmedizin.de\/en\/\"},{\"@type\":\"ListItem\",\"position\":2,\"name\":\"Contact\"}]},{\"@type\":\"WebSite\",\"@id\":\"https:\/\/gefaessmedizin.de\/en\/#website\",\"url\":\"https:\/\/gefaessmedizin.de\/en\/\",\"name\":\"Gef\u00e4\u00dfmedizin M\u00fcnchen\",\"description\":\"Gef\u00e4\u00dfmedizin M\u00fcnchen | \u2713 Venen- und Arterienerkrankungen \u2713 Diagnostik \u2713 Therapie \u25ba Jetzt informieren.\",\"potentialAction\":[{\"@type\":\"SearchAction\",\"target\":{\"@type\":\"EntryPoint\",\"urlTemplate\":\"https:\/\/gefaessmedizin.de\/en\/?s={search_term_string}\"},\"query-input\":{\"@type\":\"PropertyValueSpecification\",\"valueRequired\":true,\"valueName\":\"search_term_string\"}}],\"inLanguage\":\"en-US\"}]}<\/script>\n<!-- \/ Yoast SEO plugin. -->","yoast_head_json":{"title":"Contact - Gef\u00e4\u00dfmedizin M\u00fcnchen","robots":{"index":"index","follow":"follow","max-snippet":"max-snippet:-1","max-image-preview":"max-image-preview:large","max-video-preview":"max-video-preview:-1"},"canonical":"https:\/\/gefaessmedizin.de\/en\/contact\/","og_locale":"en_US","og_type":"article","og_title":"Contact - Gef\u00e4\u00dfmedizin M\u00fcnchen","og_url":"https:\/\/gefaessmedizin.de\/en\/contact\/","og_site_name":"Gef\u00e4\u00dfmedizin M\u00fcnchen","article_modified_time":"2025-07-10T09:29:59+00:00","twitter_card":"summary_large_image","schema":{"@context":"https:\/\/schema.org","@graph":[{"@type":"WebPage","@id":"https:\/\/gefaessmedizin.de\/en\/contact\/","url":"https:\/\/gefaessmedizin.de\/en\/contact\/","name":"Contact - Gef\u00e4\u00dfmedizin M\u00fcnchen","isPartOf":{"@id":"https:\/\/gefaessmedizin.de\/en\/#website"},"datePublished":"2022-09-15T15:28:42+00:00","dateModified":"2025-07-10T09:29:59+00:00","breadcrumb":{"@id":"https:\/\/gefaessmedizin.de\/en\/contact\/#breadcrumb"},"inLanguage":"en-US","potentialAction":[{"@type":"ReadAction","target":["https:\/\/gefaessmedizin.de\/en\/contact\/"]}]},{"@type":"BreadcrumbList","@id":"https:\/\/gefaessmedizin.de\/en\/contact\/#breadcrumb","itemListElement":[{"@type":"ListItem","position":1,"name":"Startseite","item":"https:\/\/gefaessmedizin.de\/en\/"},{"@type":"ListItem","position":2,"name":"Contact"}]},{"@type":"WebSite","@id":"https:\/\/gefaessmedizin.de\/en\/#website","url":"https:\/\/gefaessmedizin.de\/en\/","name":"Gef\u00e4\u00dfmedizin M\u00fcnchen","description":"Gef\u00e4\u00dfmedizin M\u00fcnchen | \u2713 Venen- und Arterienerkrankungen \u2713 Diagnostik \u2713 Therapie \u25ba Jetzt informieren.","potentialAction":[{"@type":"SearchAction","target":{"@type":"EntryPoint","urlTemplate":"https:\/\/gefaessmedizin.de\/en\/?s={search_term_string}"},"query-input":{"@type":"PropertyValueSpecification","valueRequired":true,"valueName":"search_term_string"}}],"inLanguage":"en-US"}]}},"_links":{"self":[{"href":"https:\/\/gefaessmedizin.de\/en\/wp-json\/wp\/v2\/pages\/5135","targetHints":{"allow":["GET"]}}],"collection":[{"href":"https:\/\/gefaessmedizin.de\/en\/wp-json\/wp\/v2\/pages"}],"about":[{"href":"https:\/\/gefaessmedizin.de\/en\/wp-json\/wp\/v2\/types\/page"}],"author":[{"embeddable":true,"href":"https:\/\/gefaessmedizin.de\/en\/wp-json\/wp\/v2\/users\/1"}],"replies":[{"embeddable":true,"href":"https:\/\/gefaessmedizin.de\/en\/wp-json\/wp\/v2\/comments?post=5135"}],"version-history":[{"count":6,"href":"https:\/\/gefaessmedizin.de\/en\/wp-json\/wp\/v2\/pages\/5135\/revisions"}],"predecessor-version":[{"id":6144,"href":"https:\/\/gefaessmedizin.de\/en\/wp-json\/wp\/v2\/pages\/5135\/revisions\/6144"}],"wp:attachment":[{"href":"https:\/\/gefaessmedizin.de\/en\/wp-json\/wp\/v2\/media?parent=5135"}],"curies":[{"name":"wp","href":"https:\/\/api.w.org\/{rel}","templated":true}]}}