{"id":5137,"date":"2022-09-15T17:29:45","date_gmt":"2022-09-15T15:29:45","guid":{"rendered":"https:\/\/gefaessmedizin.de\/memberships\/"},"modified":"2026-02-26T11:37:12","modified_gmt":"2026-02-26T09:37:12","slug":"memberships","status":"publish","type":"page","link":"https:\/\/gefaessmedizin.de\/en\/memberships\/","title":{"rendered":"Memberships"},"content":{"rendered":"\n\n<div class=\"text-content text-content--memberships\">\n    <div class=\"container\">\n\n                                                                    <h2>Memberships<\/h2>\n                            \n                            <h3>What can I find in this section?<\/h3>\n                <img decoding=\"async\" class=\"text-content__logo\" width=\"30px\" height=\"30px\" alt=\"logo-gefaessmedizin-muenchen\" src=\"https:\/\/gefaessmedizin.de\/wp-content\/themes\/rankeffect\/images\/logos\/logo-gefaesszentrum-muenchen.svg\" loading=\"lazy\">\n                    \n        <div class=\"text-content__text\"><p>Our Vascular Centre is a member of acclaimed medical associations. The constant exchange about the newest treatment methods, for instance, is guaranteed in this way.<\/p>\n<p><a href=\"https:\/\/www.dga-gefaessmedizin.de\/\" target=\"_blank\" rel=\"noopener\">www.dga-gefaessmedizin.de<\/a> Deutsche Gesellschaft f\u00fcr Angiologie (DGA)<\/p>\n<p><a href=\"https:\/\/www.phlebology.de\/\" target=\"_blank\" rel=\"noopener\">www.phlebology.de<\/a> Deutsche Gesellschaft f\u00fcr Phlebologie (DGP)<\/p>\n<p><a href=\"https:\/\/www.degum.de\/\" target=\"_blank\" rel=\"noopener\">www.degum.de<\/a> DEGUM, Arbeitskreis vaskul\u00e4rer Ultraschall<\/p>\n<p><a href=\"https:\/\/eas-society.org\/\" target=\"_blank\" rel=\"noopener\">www.eas-society.org<\/a> European Atherosclerosis Society (EAS)<\/p>\n<p><a href=\"https:\/\/www.dgim.de\/\" target=\"_blank\" rel=\"noopener\">www.dgim.de<\/a> Deutsche Gesellschaft f\u00fcr Innere Medizin (DGIM)<\/p>\n<p><a href=\"https:\/\/www.acc.org\/\" target=\"_blank\" rel=\"noopener\">www.acc.org<\/a> American College of Cardiology (ACC)<\/p>\n<p><a href=\"https:\/\/www.bdi.de\/\" target=\"_blank\" rel=\"noopener\">www.bdi.de<\/a> Bund Deutscher Internisten (BDI)<\/p>\n<p><a href=\"https:\/\/www.dgem.de\/\" target=\"_blank\" rel=\"noopener\">www.dgem.de<\/a> Deutsche Gesellschaft f\u00fcr Ern\u00e4hrungsmedizin (DGE)<\/p>\n<p><a href=\"https:\/\/www.blaek.de\/\" target=\"_blank\" rel=\"noopener\">www.blaek.de<\/a> Bayerische Landes\u00e4rztekammer<\/p><\/div>\n            <\/div>\n<\/div>","protected":false},"excerpt":{"rendered":"","protected":false},"author":1,"featured_media":0,"parent":0,"menu_order":0,"comment_status":"closed","ping_status":"closed","template":"","meta":{"seo-data":"%5B%7B%22title-tag%22:%22Memberships%20%7C%20Gef%C3%A4%C3%9Fmedizin%20M%C3%BCnchen%22,%22meta-description%22:%22Medical%20Associations%20Memberships%20%7C%20Europe,%20US%20and%20Germany%20%7C%20Gef%C3%A4%C3%9Fmedizin%20M%C3%BCnchen%22,%22structured-data%22:%22%22%7D%5D","footnotes":""},"class_list":["post-5137","page","type-page","status-publish","hentry"],"yoast_head":"<!-- This site is optimized with the Yoast SEO plugin v25.9 - https:\/\/yoast.com\/wordpress\/plugins\/seo\/ -->\n<title>Memberships - Gef\u00e4\u00dfmedizin M\u00fcnchen<\/title>\n<meta name=\"robots\" content=\"index, follow, max-snippet:-1, max-image-preview:large, max-video-preview:-1\" \/>\n<link rel=\"canonical\" href=\"https:\/\/gefaessmedizin.de\/en\/memberships\/\" \/>\n<meta property=\"og:locale\" content=\"en_US\" \/>\n<meta property=\"og:type\" content=\"article\" \/>\n<meta property=\"og:title\" content=\"Memberships - Gef\u00e4\u00dfmedizin M\u00fcnchen\" \/>\n<meta property=\"og:url\" content=\"https:\/\/gefaessmedizin.de\/en\/memberships\/\" \/>\n<meta property=\"og:site_name\" content=\"Gef\u00e4\u00dfmedizin M\u00fcnchen\" \/>\n<meta property=\"article:modified_time\" content=\"2026-02-26T09:37:12+00:00\" \/>\n<meta name=\"twitter:card\" content=\"summary_large_image\" \/>\n<script type=\"application\/ld+json\" class=\"yoast-schema-graph\">{\"@context\":\"https:\/\/schema.org\",\"@graph\":[{\"@type\":\"WebPage\",\"@id\":\"https:\/\/gefaessmedizin.de\/en\/memberships\/\",\"url\":\"https:\/\/gefaessmedizin.de\/en\/memberships\/\",\"name\":\"Memberships - Gef\u00e4\u00dfmedizin M\u00fcnchen\",\"isPartOf\":{\"@id\":\"https:\/\/gefaessmedizin.de\/en\/#website\"},\"datePublished\":\"2022-09-15T15:29:45+00:00\",\"dateModified\":\"2026-02-26T09:37:12+00:00\",\"breadcrumb\":{\"@id\":\"https:\/\/gefaessmedizin.de\/en\/memberships\/#breadcrumb\"},\"inLanguage\":\"en-US\",\"potentialAction\":[{\"@type\":\"ReadAction\",\"target\":[\"https:\/\/gefaessmedizin.de\/en\/memberships\/\"]}]},{\"@type\":\"BreadcrumbList\",\"@id\":\"https:\/\/gefaessmedizin.de\/en\/memberships\/#breadcrumb\",\"itemListElement\":[{\"@type\":\"ListItem\",\"position\":1,\"name\":\"Startseite\",\"item\":\"https:\/\/gefaessmedizin.de\/en\/\"},{\"@type\":\"ListItem\",\"position\":2,\"name\":\"Memberships\"}]},{\"@type\":\"WebSite\",\"@id\":\"https:\/\/gefaessmedizin.de\/en\/#website\",\"url\":\"https:\/\/gefaessmedizin.de\/en\/\",\"name\":\"Gef\u00e4\u00dfmedizin M\u00fcnchen\",\"description\":\"Gef\u00e4\u00dfmedizin M\u00fcnchen | \u2713 Venen- und Arterienerkrankungen \u2713 Diagnostik \u2713 Therapie \u25ba Jetzt informieren.\",\"potentialAction\":[{\"@type\":\"SearchAction\",\"target\":{\"@type\":\"EntryPoint\",\"urlTemplate\":\"https:\/\/gefaessmedizin.de\/en\/?s={search_term_string}\"},\"query-input\":{\"@type\":\"PropertyValueSpecification\",\"valueRequired\":true,\"valueName\":\"search_term_string\"}}],\"inLanguage\":\"en-US\"}]}<\/script>\n<!-- \/ Yoast SEO plugin. -->","yoast_head_json":{"title":"Memberships - Gef\u00e4\u00dfmedizin M\u00fcnchen","robots":{"index":"index","follow":"follow","max-snippet":"max-snippet:-1","max-image-preview":"max-image-preview:large","max-video-preview":"max-video-preview:-1"},"canonical":"https:\/\/gefaessmedizin.de\/en\/memberships\/","og_locale":"en_US","og_type":"article","og_title":"Memberships - Gef\u00e4\u00dfmedizin M\u00fcnchen","og_url":"https:\/\/gefaessmedizin.de\/en\/memberships\/","og_site_name":"Gef\u00e4\u00dfmedizin M\u00fcnchen","article_modified_time":"2026-02-26T09:37:12+00:00","twitter_card":"summary_large_image","schema":{"@context":"https:\/\/schema.org","@graph":[{"@type":"WebPage","@id":"https:\/\/gefaessmedizin.de\/en\/memberships\/","url":"https:\/\/gefaessmedizin.de\/en\/memberships\/","name":"Memberships - Gef\u00e4\u00dfmedizin M\u00fcnchen","isPartOf":{"@id":"https:\/\/gefaessmedizin.de\/en\/#website"},"datePublished":"2022-09-15T15:29:45+00:00","dateModified":"2026-02-26T09:37:12+00:00","breadcrumb":{"@id":"https:\/\/gefaessmedizin.de\/en\/memberships\/#breadcrumb"},"inLanguage":"en-US","potentialAction":[{"@type":"ReadAction","target":["https:\/\/gefaessmedizin.de\/en\/memberships\/"]}]},{"@type":"BreadcrumbList","@id":"https:\/\/gefaessmedizin.de\/en\/memberships\/#breadcrumb","itemListElement":[{"@type":"ListItem","position":1,"name":"Startseite","item":"https:\/\/gefaessmedizin.de\/en\/"},{"@type":"ListItem","position":2,"name":"Memberships"}]},{"@type":"WebSite","@id":"https:\/\/gefaessmedizin.de\/en\/#website","url":"https:\/\/gefaessmedizin.de\/en\/","name":"Gef\u00e4\u00dfmedizin M\u00fcnchen","description":"Gef\u00e4\u00dfmedizin M\u00fcnchen | \u2713 Venen- und Arterienerkrankungen \u2713 Diagnostik \u2713 Therapie \u25ba Jetzt informieren.","potentialAction":[{"@type":"SearchAction","target":{"@type":"EntryPoint","urlTemplate":"https:\/\/gefaessmedizin.de\/en\/?s={search_term_string}"},"query-input":{"@type":"PropertyValueSpecification","valueRequired":true,"valueName":"search_term_string"}}],"inLanguage":"en-US"}]}},"_links":{"self":[{"href":"https:\/\/gefaessmedizin.de\/en\/wp-json\/wp\/v2\/pages\/5137","targetHints":{"allow":["GET"]}}],"collection":[{"href":"https:\/\/gefaessmedizin.de\/en\/wp-json\/wp\/v2\/pages"}],"about":[{"href":"https:\/\/gefaessmedizin.de\/en\/wp-json\/wp\/v2\/types\/page"}],"author":[{"embeddable":true,"href":"https:\/\/gefaessmedizin.de\/en\/wp-json\/wp\/v2\/users\/1"}],"replies":[{"embeddable":true,"href":"https:\/\/gefaessmedizin.de\/en\/wp-json\/wp\/v2\/comments?post=5137"}],"version-history":[{"count":5,"href":"https:\/\/gefaessmedizin.de\/en\/wp-json\/wp\/v2\/pages\/5137\/revisions"}],"predecessor-version":[{"id":8438,"href":"https:\/\/gefaessmedizin.de\/en\/wp-json\/wp\/v2\/pages\/5137\/revisions\/8438"}],"wp:attachment":[{"href":"https:\/\/gefaessmedizin.de\/en\/wp-json\/wp\/v2\/media?parent=5137"}],"curies":[{"name":"wp","href":"https:\/\/api.w.org\/{rel}","templated":true}]}}