{"id":5139,"date":"2022-09-15T17:28:17","date_gmt":"2022-09-15T15:28:17","guid":{"rendered":"https:\/\/gefaessmedizin.de\/therapy\/"},"modified":"2025-07-10T12:07:17","modified_gmt":"2025-07-10T10:07:17","slug":"therapy","status":"publish","type":"page","link":"https:\/\/gefaessmedizin.de\/en\/therapy\/","title":{"rendered":"Therapy"},"content":{"rendered":"\n\n<div class=\"hero\">\n    <div class=\"hero__imgs\" data-delay=\"4\">\n                     \n                <div class=\"hero__img\" style=\"background-image:url(https:\/\/gefaessmedizin.de\/wp-content\/uploads\/2022\/09\/5-Gefaesszentrum-MuenchnerFreiheit_Therapie2_neu.jpg)\"><\/div>\n                                                <div class=\"hero__img\" data-bgimg=\"https:\/\/gefaessmedizin.de\/wp-content\/uploads\/2022\/09\/5-Gefaesszentrum-MuenchnerFreiheit_Therapie1neu.jpg\"><\/div>\n                                                <div class=\"hero__img\" data-bgimg=\"https:\/\/gefaessmedizin.de\/wp-content\/uploads\/2022\/09\/5-Gefaesszentrum-MuenchnerFreiheit_Therapie3.jpg\"><\/div>\n                        <\/div>\n    <div class=\"hero__overlay\">\n        <div class=\"container\">\n\n            \n                                            <h1 class=\"hero__title\">\n                    <span class=\"hero__title-line hero__title-line--1\"><\/span>\n                    <span class=\"hero__title-line hero__title-line--2\">Therapy<\/span>\n                <\/h1>\n            \n            \n            \n            \n        <\/div>\n    <\/div>\n<\/div>\n\n<div class=\"text-content\">\n    <div class=\"container\">\n\n                                                                    <h2>Our philosophy: as gentle and minimally invasive as possible.<\/h2>\n                            \n                            <h3>To ensure you are quickly back on your feet.<\/h3>\n                <img decoding=\"async\" class=\"text-content__logo\" width=\"30px\" height=\"30px\" alt=\"logo-gefaessmedizin-muenchen\" src=\"https:\/\/gefaessmedizin.de\/wp-content\/themes\/rankeffect\/images\/logos\/logo-gefaesszentrum-muenchen.svg\" loading=\"lazy\">\n                    \n        <div class=\"text-content__text\"><p>As always in medicine, the sooner you are treated the better the outcome. Contact us as soon as possible with your symptoms, especially if you experience sudden pain in your leg (typically one-sided) and swelling of the leg.<\/p><\/div>\n            <\/div>\n<\/div>\n\n<div class=\"img-container\">\r\n    <div class=\"container\">\r\n        <img fetchpriority=\"high\" decoding=\"async\" width=\"1598\" height=\"300\" src=\"https:\/\/gefaessmedizin.de\/wp-content\/uploads\/2022\/09\/5-Gefaesszentrum-MuenchnerFreiheit_Therapie-Bildband.jpg\" class=\"attachment-full size-full\" alt=\"3 Bilder nebeneinander. Erstes zeigt Arzt mit wei\u00dfem Handschuh, der eine Besenreiser Behandlung bei einer Patientin vornimmt. Zweites zeigt Untersuchungsbesteck. Drittes zeigt 2 \u00c4rzte, die sich das Foto einer Katheteruntersuchung anschauen\" srcset=\"https:\/\/gefaessmedizin.de\/wp-content\/uploads\/2022\/09\/5-Gefaesszentrum-MuenchnerFreiheit_Therapie-Bildband.jpg 1598w, https:\/\/gefaessmedizin.de\/wp-content\/uploads\/2022\/09\/5-Gefaesszentrum-MuenchnerFreiheit_Therapie-Bildband-360x68.jpg 360w, https:\/\/gefaessmedizin.de\/wp-content\/uploads\/2022\/09\/5-Gefaesszentrum-MuenchnerFreiheit_Therapie-Bildband-1024x192.jpg 1024w, https:\/\/gefaessmedizin.de\/wp-content\/uploads\/2022\/09\/5-Gefaesszentrum-MuenchnerFreiheit_Therapie-Bildband-768x144.jpg 768w, https:\/\/gefaessmedizin.de\/wp-content\/uploads\/2022\/09\/5-Gefaesszentrum-MuenchnerFreiheit_Therapie-Bildband-1536x288.jpg 1536w\" sizes=\"(max-width: 1598px) 100vw, 1598px\" \/>    <\/div>\r\n<\/div>\n\n<div class=\"ia-tiles\">\r\n    <div class=\"container\">\r\n        <h4 class=\"ia-tiles__heading\">Treatment methods for venous diseases<\/h4>\r\n        <div class=\"ia-tiles__tiles\">\r\n                            <div class=\"ia-tiles__tile\" data-idx=\"0\">\r\n                    <div class=\"ia-tiles__tile-img\" style=\"background-image:url(https:\/\/gefaessmedizin.de\/wp-content\/uploads\/2022\/09\/Behandlung-Bein-Venenthrombose.png)\"><\/div>\r\n                    <span class=\"ia-tiles__tile-label\">Treatment of a vein thrombosis in the leg<\/span>\r\n                <\/div>\r\n                            <div class=\"ia-tiles__tile\" data-idx=\"1\">\r\n                    <div class=\"ia-tiles__tile-img\" style=\"background-image:url(https:\/\/gefaessmedizin.de\/wp-content\/uploads\/2022\/09\/Behandlung-Venenentzuendung-2.png)\"><\/div>\r\n                    <span class=\"ia-tiles__tile-label\">Treatment of an inflammation of a vein<\/span>\r\n                <\/div>\r\n                            <div class=\"ia-tiles__tile\" data-idx=\"2\">\r\n                    <div class=\"ia-tiles__tile-img\" style=\"background-image:url(https:\/\/gefaessmedizin.de\/wp-content\/uploads\/2022\/09\/Behandlung-Krampfadern.png)\"><\/div>\r\n                    <span class=\"ia-tiles__tile-label\">Treatment of the great saphenous veins (saphenous varicosis)Treatment of the great saphenous veins (saphenous varicosis)<\/span>\r\n                <\/div>\r\n                            <div class=\"ia-tiles__tile\" data-idx=\"3\">\r\n                    <div class=\"ia-tiles__tile-img\" style=\"background-image:url(https:\/\/gefaessmedizin.de\/wp-content\/uploads\/2022\/09\/Behandlung-Beinschwellungen.png)\"><\/div>\r\n                    <span class=\"ia-tiles__tile-label\">Treatment of chronic swelling of the leg and of the open leg (ulcus cruris)<\/span>\r\n                <\/div>\r\n                            <div class=\"ia-tiles__tile\" data-idx=\"4\">\r\n                    <div class=\"ia-tiles__tile-img\" style=\"background-image:url(https:\/\/gefaessmedizin.de\/wp-content\/uploads\/2022\/09\/Behandlung-Besenreiser.png)\"><\/div>\r\n                    <span class=\"ia-tiles__tile-label\">Treatment of smaller varicose veins (varicosis of lateral saphenous branches) and so-called spider veins<\/span>\r\n                <\/div>\r\n                    <\/div>\r\n        <div class=\"ia-tiles__cards\">\r\n                            <div class=\"ia-tiles__card\" data-idx=\"0\">\r\n                    <img decoding=\"async\" class=\"ia-tiles__card-close-icon\" width=\"40px\" height=\"40px\" alt=\"close-icon\" src=\"https:\/\/gefaessmedizin.de\/wp-content\/themes\/rankeffect\/images\/icons\/close-icon.svg\" loading=\"lazy\">\r\n                    <h4>Treatment of a vein thrombosis in the leg<\/h4>\r\n                    <img decoding=\"async\" class=\"ia-tiles__card-logo\" width=\"30px\" height=\"30px\" alt=\"logo-gefaessmedizin-muenchen\" src=\"https:\/\/gefaessmedizin.de\/wp-content\/themes\/rankeffect\/images\/logos\/logo-gefaesszentrum-muenchen.svg\" loading=\"lazy\">\r\n                    <div class=\"ia-tiles__card-text\"><p>For a specified period of time a blood-thinning agent in form of tablets or injections are applied on a daily basis, in order to prevent the progression and most importantly a pulmonary embolism. The blood-thinning treatment is maintained for another 3 to 6 months. In principle a compression bandage is applied to the affected leg until the swelling has reduced, then a compression stocking is to be worn and general measures to be carried out.<\/p><\/div>\r\n                                    <\/div>\r\n                            <div class=\"ia-tiles__card\" data-idx=\"1\">\r\n                    <img decoding=\"async\" class=\"ia-tiles__card-close-icon\" width=\"40px\" height=\"40px\" alt=\"close-icon\" src=\"https:\/\/gefaessmedizin.de\/wp-content\/themes\/rankeffect\/images\/icons\/close-icon.svg\" loading=\"lazy\">\r\n                    <h4>Treatment of an inflammation of a vein<\/h4>\r\n                    <img decoding=\"async\" class=\"ia-tiles__card-logo\" width=\"30px\" height=\"30px\" alt=\"logo-gefaessmedizin-muenchen\" src=\"https:\/\/gefaessmedizin.de\/wp-content\/themes\/rankeffect\/images\/logos\/logo-gefaesszentrum-muenchen.svg\" loading=\"lazy\">\r\n                    <div class=\"ia-tiles__card-text\"><p>First a deep vein thrombosis must be ruled out before further steps can be taken. A compression bandage is applied an if needed an anti-inflammatory is taken. Blood-thinning treatment is only rarely required. Finally, the actual cause for the inflammation of the vein, commonly a superficial varicose vein is at fault, must be treated.<\/p><\/div>\r\n                                    <\/div>\r\n                            <div class=\"ia-tiles__card\" data-idx=\"2\">\r\n                    <img decoding=\"async\" class=\"ia-tiles__card-close-icon\" width=\"40px\" height=\"40px\" alt=\"close-icon\" src=\"https:\/\/gefaessmedizin.de\/wp-content\/themes\/rankeffect\/images\/icons\/close-icon.svg\" loading=\"lazy\">\r\n                    <h4>Treatment of the great saphenous veins (saphenous varicosis)<\/h4>\r\n                    <img decoding=\"async\" class=\"ia-tiles__card-logo\" width=\"30px\" height=\"30px\" alt=\"logo-gefaessmedizin-muenchen\" src=\"https:\/\/gefaessmedizin.de\/wp-content\/themes\/rankeffect\/images\/logos\/logo-gefaesszentrum-muenchen.svg\" loading=\"lazy\">\r\n                    <div class=\"ia-tiles__card-text\"><p>International guidelines consider the catheter treatment of saphenous varicosis as the the number 1 treatment, in comparison to the earlier stripping method.<\/p>\n<p>For the catheter treatment the saphenous vein is punctured on the lower leg and then, under ultrasonic supervision, the catheter is painlessly pushed into the vein as far as the groin. All under local anesthesia, with the heating element at the end of the catheter the vein is closed from the inside, during its extraction it\u2019s slowly removed, sealing the vein from top to bottom. Thanks to this minimal invasive procedure, it\u2019s possible for the patient to leave immediately after the treatment. For the following three weeks compression stockings have to worn.<\/p><\/div>\r\n                                    <\/div>\r\n                            <div class=\"ia-tiles__card\" data-idx=\"3\">\r\n                    <img decoding=\"async\" class=\"ia-tiles__card-close-icon\" width=\"40px\" height=\"40px\" alt=\"close-icon\" src=\"https:\/\/gefaessmedizin.de\/wp-content\/themes\/rankeffect\/images\/icons\/close-icon.svg\" loading=\"lazy\">\r\n                    <h4>Treatment of chronic swelling of the leg and of the open leg (ulcus cruris)<\/h4>\r\n                    <img decoding=\"async\" class=\"ia-tiles__card-logo\" width=\"30px\" height=\"30px\" alt=\"logo-gefaessmedizin-muenchen\" src=\"https:\/\/gefaessmedizin.de\/wp-content\/themes\/rankeffect\/images\/logos\/logo-gefaesszentrum-muenchen.svg\" loading=\"lazy\">\r\n                    <div class=\"ia-tiles__card-text\"><p>The use of minimal-invasive treatments such as foam sclerotherapy, radio wave catheter, mini-phlebectomy are used to seal diseased veins in the superficial vein system. However damage to the deep veins often result in swelling of the leg, which is treated in a conservative manner by compression therapy, medication and other general measures.<\/p>\n<p>The ulcus cruris basically is a wound, that has to be disinfected. Compression therapy and the occasional improvement to the arterial oxygen supply is sometimes necessary.<\/p><\/div>\r\n                                    <\/div>\r\n                            <div class=\"ia-tiles__card\" data-idx=\"4\">\r\n                    <img decoding=\"async\" class=\"ia-tiles__card-close-icon\" width=\"40px\" height=\"40px\" alt=\"close-icon\" src=\"https:\/\/gefaessmedizin.de\/wp-content\/themes\/rankeffect\/images\/icons\/close-icon.svg\" loading=\"lazy\">\r\n                    <h4>Treatment of smaller varicose veins (varicosis of lateral saphenous branches) and so-called spider veins<\/h4>\r\n                    <img decoding=\"async\" class=\"ia-tiles__card-logo\" width=\"30px\" height=\"30px\" alt=\"logo-gefaessmedizin-muenchen\" src=\"https:\/\/gefaessmedizin.de\/wp-content\/themes\/rankeffect\/images\/logos\/logo-gefaesszentrum-muenchen.svg\" loading=\"lazy\">\r\n                    <div class=\"ia-tiles__card-text\"><p>Smaller lateral saphenous branch veins are sealed by foam sclerotherapy. Here a micro foam is injected into the vein, which closes the vein and breaks down the protein in the vascular wall. In the following weeks the body will resorb the sealed vein entirely.<\/p><\/div>\r\n                                    <\/div>\r\n                    <\/div>\r\n    <\/div>\r\n<\/div>\n\n<div class=\"text-content text-content--therapie\">\n    <div class=\"container\">\n\n                                \n                    \n        <div class=\"text-content__text\"><h4>Treatment methods for arterial circulatory disorders<\/h4>\n<p>\u00a0<\/p>\n<p><strong>Diagnostics and therapy of the existing risk factors<\/strong><br \/>Before invasive measures are taken, risk factors must be treated. Risk factors include smoking, high blood pressure, diabetes and increased blood fats. Apart from treating these risk factors with medication, a strict abstinence from nicotine, a diet and exercise, such as gait training, are required. Arterial vascular blockage can be treated by catheterization.<\/p><\/div>\n            <\/div>\n<\/div>\n\n<div class=\"ia-tiles\">\r\n    <div class=\"container\">\r\n        <h4 class=\"ia-tiles__heading\"><\/h4>\r\n        <div class=\"ia-tiles__tiles\">\r\n                            <div class=\"ia-tiles__tile\" data-idx=\"0\">\r\n                    <div class=\"ia-tiles__tile-img\" style=\"background-image:url(https:\/\/gefaessmedizin.de\/wp-content\/uploads\/2022\/09\/Behandlung-arterieller-Durchblutungsstoerungen.png)\"><\/div>\r\n                    <span class=\"ia-tiles__tile-label\">Examples of the treatment of arterial circulatory disorders<\/span>\r\n                <\/div>\r\n                    <\/div>\r\n        <div class=\"ia-tiles__cards\">\r\n                            <div class=\"ia-tiles__card\" data-idx=\"0\">\r\n                    <img decoding=\"async\" class=\"ia-tiles__card-close-icon\" width=\"40px\" height=\"40px\" alt=\"close-icon\" src=\"https:\/\/gefaessmedizin.de\/wp-content\/themes\/rankeffect\/images\/icons\/close-icon.svg\" loading=\"lazy\">\r\n                    <h4>Examples of the treatment of arterial circulatory disorders<\/h4>\r\n                    <img decoding=\"async\" class=\"ia-tiles__card-logo\" width=\"30px\" height=\"30px\" alt=\"logo-gefaessmedizin-muenchen\" src=\"https:\/\/gefaessmedizin.de\/wp-content\/themes\/rankeffect\/images\/logos\/logo-gefaesszentrum-muenchen.svg\" loading=\"lazy\">\r\n                    <div class=\"ia-tiles__card-text\"><p>The patient lies consciously on the surgery bench. Under local anesthesia, a thin plastic tube is inserted painlessly in to the groin artery. Thanks to a contrast agent and X-ray technology the diseased vessel can be made visible. The vascular blockage is usually unblocked by dilating the affected area with a catheter-aided balloon. So-called stents sometimes have to be used to ensure the vascular patency.<\/p><\/div>\r\n                                            <img decoding=\"async\" width=\"479\" height=\"261\" src=\"https:\/\/gefaessmedizin.de\/wp-content\/uploads\/2022\/09\/5-Gefaesszentrum-MuenchnerFreiheit_Katheterbehandlung-1-neu.jpg\" class=\"attachment-large size-large\" alt=\"PAVK Therapie \u2013 Katheterbehandlung\" srcset=\"https:\/\/gefaessmedizin.de\/wp-content\/uploads\/2022\/09\/5-Gefaesszentrum-MuenchnerFreiheit_Katheterbehandlung-1-neu.jpg 479w, https:\/\/gefaessmedizin.de\/wp-content\/uploads\/2022\/09\/5-Gefaesszentrum-MuenchnerFreiheit_Katheterbehandlung-1-neu-360x196.jpg 360w\" sizes=\"(max-width: 479px) 100vw, 479px\" \/>                                                                <img decoding=\"async\" width=\"479\" height=\"262\" src=\"https:\/\/gefaessmedizin.de\/wp-content\/uploads\/2022\/09\/5-Gefaesszentrum-MuenchnerFreiheit-Katheterbehandlung-2-neu.jpg\" class=\"attachment-large size-large\" alt=\"\" srcset=\"https:\/\/gefaessmedizin.de\/wp-content\/uploads\/2022\/09\/5-Gefaesszentrum-MuenchnerFreiheit-Katheterbehandlung-2-neu.jpg 479w, https:\/\/gefaessmedizin.de\/wp-content\/uploads\/2022\/09\/5-Gefaesszentrum-MuenchnerFreiheit-Katheterbehandlung-2-neu-360x197.jpg 360w\" sizes=\"(max-width: 479px) 100vw, 479px\" \/>                                                                <img loading=\"lazy\" decoding=\"async\" width=\"482\" height=\"346\" src=\"https:\/\/gefaessmedizin.de\/wp-content\/uploads\/2022\/09\/MF_Prostavasin-Behandlung.jpg\" class=\"attachment-large size-large\" alt=\"\" srcset=\"https:\/\/gefaessmedizin.de\/wp-content\/uploads\/2022\/09\/MF_Prostavasin-Behandlung.jpg 482w, https:\/\/gefaessmedizin.de\/wp-content\/uploads\/2022\/09\/MF_Prostavasin-Behandlung-360x258.jpg 360w\" sizes=\"(max-width: 482px) 100vw, 482px\" \/>                                                                                    <a class=\"btn\" href=\"https:\/\/gefaessmedizin.de\/therapie\/durchblutungsstoerungen-behandeln\/\">Mehr erfahren<\/a>\r\n                                    <\/div>\r\n                    <\/div>\r\n    <\/div>\r\n<\/div>\n\n<div class=\"img-and-text img-and-text--left\">\r\n    <div class=\"container\">\r\n        <div class=\"img-and-text__inner\">\r\n            <div class=\"img-and-text__item img-and-text__item--img\">\r\n                <img loading=\"lazy\" decoding=\"async\" width=\"800\" height=\"444\" src=\"https:\/\/gefaessmedizin.de\/wp-content\/uploads\/2022\/09\/MF_Leistungen_Erkrankungen.jpg\" class=\"attachment-full size-full\" alt=\"Querschnitt von Arterie und Vene\" onerror=\"this.srcset=&quot;&quot;\" srcset=\"https:\/\/gefaessmedizin.de\/wp-content\/uploads\/2022\/09\/MF_Leistungen_Erkrankungen.jpg 800w, https:\/\/gefaessmedizin.de\/wp-content\/uploads\/2022\/09\/MF_Leistungen_Erkrankungen-360x200.jpg 360w, https:\/\/gefaessmedizin.de\/wp-content\/uploads\/2022\/09\/MF_Leistungen_Erkrankungen-768x426.jpg 768w\" sizes=\"(max-width: 800px) 100vw, 800px\" \/>            <\/div>\r\n            <div class=\"img-and-text__item img-and-text__item--text\">\r\n                <div class=\"img-and-text__text\"><h4>Diseases<\/h4>\n<p>Vascular diseases can have any one of an array of causes. Our Vascular Centre combines the experience and competence of 13 doctors with decades of professional experience in their fields.<\/p><\/div>\r\n                                    <a class=\"btn\" href=\"https:\/\/gefaessmedizin.de\/en\/diseases\/\">Diseases<\/a>\r\n                            <\/div>\r\n        <\/div>\r\n    <\/div>\r\n<\/div>\n\n<div class=\"img-and-text img-and-text--right\">\r\n    <div class=\"container\">\r\n        <div class=\"img-and-text__inner\">\r\n            <div class=\"img-and-text__item img-and-text__item--img\">\r\n                <img loading=\"lazy\" decoding=\"async\" width=\"780\" height=\"524\" src=\"https:\/\/gefaessmedizin.de\/wp-content\/uploads\/2022\/09\/MF_Leistungen_Diagnose.jpg\" class=\"attachment-full size-full\" alt=\"Ger\u00e4t zum Blutdruck messen\" onerror=\"this.srcset=&quot;&quot;\" srcset=\"https:\/\/gefaessmedizin.de\/wp-content\/uploads\/2022\/09\/MF_Leistungen_Diagnose.jpg 780w, https:\/\/gefaessmedizin.de\/wp-content\/uploads\/2022\/09\/MF_Leistungen_Diagnose-360x242.jpg 360w, https:\/\/gefaessmedizin.de\/wp-content\/uploads\/2022\/09\/MF_Leistungen_Diagnose-768x516.jpg 768w\" sizes=\"(max-width: 780px) 100vw, 780px\" \/>            <\/div>\r\n            <div class=\"img-and-text__item img-and-text__item--text\">\r\n                <div class=\"img-and-text__text\"><h4>Diagnostics<\/h4>\n<p>Our specialists offer personal consultation, explain every single detail to you and recommend the best possible solution for your issue.<\/p><\/div>\r\n                                    <a class=\"btn\" href=\"https:\/\/gefaessmedizin.de\/en\/diagnostics\/\">Diagnostics<\/a>\r\n                            <\/div>\r\n        <\/div>\r\n    <\/div>\r\n<\/div>","protected":false},"excerpt":{"rendered":"","protected":false},"author":1,"featured_media":0,"parent":0,"menu_order":0,"comment_status":"closed","ping_status":"closed","template":"","meta":{"seo-data":"%5B%7B%22title-tag%22:%22Vascular%20Medicine%20Therapy%20%7C%20Minimally%20Invasive%20Treatments%22,%22meta-description%22:%22Treatment%20Methods%20in%20Munich%20%7C%20Leg%20vein%20thrombosis%20%E2%9C%93%20Vein%20inflammation%20%E2%9C%93%20Varicose%20veins%20%E2%9C%93%20Spider%20veins%20%E2%96%BA%20Read%20more%20now.%22,%22structured-data%22:%22%22%7D%5D","footnotes":""},"class_list":["post-5139","page","type-page","status-publish","hentry"],"yoast_head":"<!-- This site is optimized with the Yoast SEO plugin v25.9 - https:\/\/yoast.com\/wordpress\/plugins\/seo\/ -->\n<title>Therapy - Gef\u00e4\u00dfmedizin M\u00fcnchen<\/title>\n<meta name=\"robots\" content=\"index, follow, max-snippet:-1, max-image-preview:large, max-video-preview:-1\" \/>\n<link rel=\"canonical\" href=\"https:\/\/gefaessmedizin.de\/en\/therapy\/\" \/>\n<meta property=\"og:locale\" content=\"en_US\" \/>\n<meta property=\"og:type\" content=\"article\" \/>\n<meta property=\"og:title\" content=\"Therapy - Gef\u00e4\u00dfmedizin M\u00fcnchen\" \/>\n<meta property=\"og:url\" content=\"https:\/\/gefaessmedizin.de\/en\/therapy\/\" \/>\n<meta property=\"og:site_name\" content=\"Gef\u00e4\u00dfmedizin M\u00fcnchen\" \/>\n<meta property=\"article:modified_time\" content=\"2025-07-10T10:07:17+00:00\" \/>\n<meta name=\"twitter:card\" content=\"summary_large_image\" \/>\n<script type=\"application\/ld+json\" class=\"yoast-schema-graph\">{\"@context\":\"https:\/\/schema.org\",\"@graph\":[{\"@type\":\"WebPage\",\"@id\":\"https:\/\/gefaessmedizin.de\/en\/therapy\/\",\"url\":\"https:\/\/gefaessmedizin.de\/en\/therapy\/\",\"name\":\"Therapy - Gef\u00e4\u00dfmedizin M\u00fcnchen\",\"isPartOf\":{\"@id\":\"https:\/\/gefaessmedizin.de\/en\/#website\"},\"datePublished\":\"2022-09-15T15:28:17+00:00\",\"dateModified\":\"2025-07-10T10:07:17+00:00\",\"breadcrumb\":{\"@id\":\"https:\/\/gefaessmedizin.de\/en\/therapy\/#breadcrumb\"},\"inLanguage\":\"en-US\",\"potentialAction\":[{\"@type\":\"ReadAction\",\"target\":[\"https:\/\/gefaessmedizin.de\/en\/therapy\/\"]}]},{\"@type\":\"BreadcrumbList\",\"@id\":\"https:\/\/gefaessmedizin.de\/en\/therapy\/#breadcrumb\",\"itemListElement\":[{\"@type\":\"ListItem\",\"position\":1,\"name\":\"Startseite\",\"item\":\"https:\/\/gefaessmedizin.de\/en\/\"},{\"@type\":\"ListItem\",\"position\":2,\"name\":\"Therapy\"}]},{\"@type\":\"WebSite\",\"@id\":\"https:\/\/gefaessmedizin.de\/en\/#website\",\"url\":\"https:\/\/gefaessmedizin.de\/en\/\",\"name\":\"Gef\u00e4\u00dfmedizin M\u00fcnchen\",\"description\":\"Gef\u00e4\u00dfmedizin M\u00fcnchen | \u2713 Venen- und Arterienerkrankungen \u2713 Diagnostik \u2713 Therapie \u25ba Jetzt informieren.\",\"potentialAction\":[{\"@type\":\"SearchAction\",\"target\":{\"@type\":\"EntryPoint\",\"urlTemplate\":\"https:\/\/gefaessmedizin.de\/en\/?s={search_term_string}\"},\"query-input\":{\"@type\":\"PropertyValueSpecification\",\"valueRequired\":true,\"valueName\":\"search_term_string\"}}],\"inLanguage\":\"en-US\"}]}<\/script>\n<!-- \/ Yoast SEO plugin. -->","yoast_head_json":{"title":"Therapy - Gef\u00e4\u00dfmedizin M\u00fcnchen","robots":{"index":"index","follow":"follow","max-snippet":"max-snippet:-1","max-image-preview":"max-image-preview:large","max-video-preview":"max-video-preview:-1"},"canonical":"https:\/\/gefaessmedizin.de\/en\/therapy\/","og_locale":"en_US","og_type":"article","og_title":"Therapy - Gef\u00e4\u00dfmedizin M\u00fcnchen","og_url":"https:\/\/gefaessmedizin.de\/en\/therapy\/","og_site_name":"Gef\u00e4\u00dfmedizin M\u00fcnchen","article_modified_time":"2025-07-10T10:07:17+00:00","twitter_card":"summary_large_image","schema":{"@context":"https:\/\/schema.org","@graph":[{"@type":"WebPage","@id":"https:\/\/gefaessmedizin.de\/en\/therapy\/","url":"https:\/\/gefaessmedizin.de\/en\/therapy\/","name":"Therapy - Gef\u00e4\u00dfmedizin M\u00fcnchen","isPartOf":{"@id":"https:\/\/gefaessmedizin.de\/en\/#website"},"datePublished":"2022-09-15T15:28:17+00:00","dateModified":"2025-07-10T10:07:17+00:00","breadcrumb":{"@id":"https:\/\/gefaessmedizin.de\/en\/therapy\/#breadcrumb"},"inLanguage":"en-US","potentialAction":[{"@type":"ReadAction","target":["https:\/\/gefaessmedizin.de\/en\/therapy\/"]}]},{"@type":"BreadcrumbList","@id":"https:\/\/gefaessmedizin.de\/en\/therapy\/#breadcrumb","itemListElement":[{"@type":"ListItem","position":1,"name":"Startseite","item":"https:\/\/gefaessmedizin.de\/en\/"},{"@type":"ListItem","position":2,"name":"Therapy"}]},{"@type":"WebSite","@id":"https:\/\/gefaessmedizin.de\/en\/#website","url":"https:\/\/gefaessmedizin.de\/en\/","name":"Gef\u00e4\u00dfmedizin M\u00fcnchen","description":"Gef\u00e4\u00dfmedizin M\u00fcnchen | \u2713 Venen- und Arterienerkrankungen \u2713 Diagnostik \u2713 Therapie \u25ba Jetzt informieren.","potentialAction":[{"@type":"SearchAction","target":{"@type":"EntryPoint","urlTemplate":"https:\/\/gefaessmedizin.de\/en\/?s={search_term_string}"},"query-input":{"@type":"PropertyValueSpecification","valueRequired":true,"valueName":"search_term_string"}}],"inLanguage":"en-US"}]}},"_links":{"self":[{"href":"https:\/\/gefaessmedizin.de\/en\/wp-json\/wp\/v2\/pages\/5139","targetHints":{"allow":["GET"]}}],"collection":[{"href":"https:\/\/gefaessmedizin.de\/en\/wp-json\/wp\/v2\/pages"}],"about":[{"href":"https:\/\/gefaessmedizin.de\/en\/wp-json\/wp\/v2\/types\/page"}],"author":[{"embeddable":true,"href":"https:\/\/gefaessmedizin.de\/en\/wp-json\/wp\/v2\/users\/1"}],"replies":[{"embeddable":true,"href":"https:\/\/gefaessmedizin.de\/en\/wp-json\/wp\/v2\/comments?post=5139"}],"version-history":[{"count":5,"href":"https:\/\/gefaessmedizin.de\/en\/wp-json\/wp\/v2\/pages\/5139\/revisions"}],"predecessor-version":[{"id":5545,"href":"https:\/\/gefaessmedizin.de\/en\/wp-json\/wp\/v2\/pages\/5139\/revisions\/5545"}],"wp:attachment":[{"href":"https:\/\/gefaessmedizin.de\/en\/wp-json\/wp\/v2\/media?parent=5139"}],"curies":[{"name":"wp","href":"https:\/\/api.w.org\/{rel}","templated":true}]}}