{"id":7914,"date":"2025-06-20T12:01:14","date_gmt":"2025-06-20T10:01:14","guid":{"rendered":"https:\/\/gefaessmedizin.de\/doctors\/pd-dr-med-doris-schacherer\/"},"modified":"2025-07-10T12:06:37","modified_gmt":"2025-07-10T10:06:37","slug":"pd-dr-med-doris-schacherer","status":"publish","type":"page","link":"https:\/\/gefaessmedizin.de\/en\/doctors\/pd-dr-med-doris-schacherer\/","title":{"rendered":"PD Dr. med. Doris Schacherer"},"content":{"rendered":"\n\n<div class=\"hero\">\n    <div class=\"hero__imgs\" data-delay=\"4\">\n                     \n                <div class=\"hero__img\" style=\"background-image:url(https:\/\/gefaessmedizin.de\/wp-content\/uploads\/2025\/06\/Hero_Dr_Schacherer.webp)\"><\/div>\n                        <\/div>\n    <div class=\"hero__overlay\">\n        <div class=\"container\">\n\n            \n                                            <h1 class=\"hero__title\">\n                    <span class=\"hero__title-line hero__title-line--1\">PD Dr. med.<\/span>\n                    <span class=\"hero__title-line hero__title-line--2\">Doris Schacherer<\/span>\n                <\/h1>\n            \n            \n            \n            \n        <\/div>\n    <\/div>\n<\/div>\n\n<div class=\"text-content text-contentu002du002ddoc-1\">\n    <div class=\"container\">\n\n                                                                    <h2>Lebenslauf<\/h2>\n                            \n                            <h3>Internistin, Angiologin, Gastroenterologin, Sportmedizinerin<\/h3>\n                <img decoding=\"async\" class=\"text-content__logo\" width=\"30px\" height=\"30px\" alt=\"logo-gefaessmedizin-muenchen\" src=\"https:\/\/gefaessmedizin.de\/wp-content\/themes\/rankeffect\/images\/logos\/logo-gefaesszentrum-muenchen.svg\" loading=\"lazy\">\n                    \n        <div class=\"text-content__text\"><p><strong>1995-2001: <\/strong>Studium der Humanmedizin, Universit\u00e4ten Regensburg, W\u00fcrzburg, Cape Town\/South Africa<\/p>\n<p><strong>2001-2014:<\/strong> Innere Medizin, Universit\u00e4t Regensburg<\/p>\n<p><strong>2003:<\/strong> Approbation und Promotion<\/p>\n<p><strong>2010:<\/strong> Habilitation<\/p>\n<p><strong>Seit 2014:<\/strong> Ober\u00e4rztin Krankenhaus Barmherzige Br\u00fcder Regensburg, Abteilung f\u00fcr Angiologie<\/p>\n<p><strong>Seit 2025:<\/strong> Gef\u00e4\u00dfzentrum M\u00fcnchner Freiheit<\/p><\/div>\n            <\/div>\n<\/div>\n\n<div class=\"text-content text-contentu002du002ddoc-2\">\n    <div class=\"container\">\n\n                                \n                    \n        <div class=\"text-content__text\"><p><strong>Besondere Qualifikationen:<\/strong><\/p>\n<p>Psychosomatische Grundversorgung<br \/>Wundexpertin der Initiative Chronische Wunden (ICW)<br \/>Stufe II \u2013 Ausbilderin der Deutschen Gesellschaft f\u00fcr Ultraschall in der Medizin (DEGUM)<\/p>\n<p><!-- wp:lazyblock\/text-content {\"text\":\"\\u003cp\\u003e\\u003cstrong\\u003eBesondere Qualifikationen:\\u003c\/strong\\u003e\\u003cbr \/\\u003eEndovaskul\u00e4re, minimal-invasive Therapie von Gef\u00e4sserkrankungen, Kardiologie, \\u003cbr \/\\u003eDiabetologie DDG, Rheumatologie, Psychotherapie, Master of Science (Health Policy)\\u003c\/p\\u003e\\n\\u003ch4\\u003eWeitere \u00c4rzte am Gef\u00e4\u00dfzentrum M\u00fcnchen\\u003c\/h4\\u003e\",\"className\":\"text-content\\u002d\\u002ddoc-2\",\"blockId\":\"1LoWWU\",\"blockUniqueClass\":\"lazyblock-text-content-1LoWWU\"} \/--><\/p>\n<p><!-- wp:lazyblock\/text-content {\"text\":\"\\u003cp\\u003e\\u003cstrong\\u003eBesondere Qualifikationen:\\u003c\/strong\\u003e\\u003cbr \/\\u003eEndovaskul\u00e4re, minimal-invasive Therapie von Gef\u00e4sserkrankungen, Kardiologie, \\u003cbr \/\\u003eDiabetologie DDG, Rheumatologie, Psychotherapie, Master of Science (Health Policy)\\u003c\/p\\u003e\\n\\u003ch4\\u003eWeitere \u00c4rzte am Gef\u00e4\u00dfzentrum M\u00fcnchen\\u003c\/h4\\u003e\",\"className\":\"text-content\\u002d\\u002ddoc-2\",\"blockId\":\"1LoWWU\",\"blockUniqueClass\":\"lazyblock-text-content-1LoWWU\"} \/--><\/p>\n<h4>Weitere \u00c4rzte am Gef\u00e4\u00dfzentrum M\u00fcnchen<\/h4><\/div>\n            <\/div>\n<\/div>\n\n<div class=\"doc-galery\">\r\n    <div class=\"container\">\r\n        <div class=\"doc-galery__items\">\r\n                            <a class=\"doc-galery__item\" href=\"https:\/\/gefaessmedizin.de\/aerzte\/dr-med-ulrike-mager\/\">\r\n                    <img fetchpriority=\"high\" decoding=\"async\" width=\"320\" height=\"320\" src=\"https:\/\/gefaessmedizin.de\/wp-content\/uploads\/2022\/09\/2-Gefaesszentrum-MuenchnerFreiheit_Dr-Mager-320x320-3.jpg\" class=\"attachment-medium size-medium\" alt=\"Dr. med. Ulrike Mager\" onerror=\"this.srcset=&quot;&quot;\" srcset=\"https:\/\/gefaessmedizin.de\/wp-content\/uploads\/2022\/09\/2-Gefaesszentrum-MuenchnerFreiheit_Dr-Mager-320x320-3.jpg 320w, https:\/\/gefaessmedizin.de\/wp-content\/uploads\/2022\/09\/2-Gefaesszentrum-MuenchnerFreiheit_Dr-Mager-320x320-3-150x150.jpg 150w\" sizes=\"(max-width: 320px) 100vw, 320px\" \/>                    <span class=\"doc-galery__caption\">Dr. med.<br\/> Ulrike Mager<\/span>\r\n                <\/a>\r\n                            <a class=\"doc-galery__item\" href=\"https:\/\/gefaessmedizin.de\/aerzte\/dr-med-michaela-berten\/\">\r\n                    <img decoding=\"async\" width=\"320\" height=\"320\" src=\"https:\/\/gefaessmedizin.de\/wp-content\/uploads\/2022\/09\/2-Gefaesszentrum-MuenchnerFreiheit_Dr-Berten-320x320-3.jpg\" class=\"attachment-medium size-medium\" alt=\"Dr. med. Michaela Berten\" onerror=\"this.srcset=&quot;&quot;\" srcset=\"https:\/\/gefaessmedizin.de\/wp-content\/uploads\/2022\/09\/2-Gefaesszentrum-MuenchnerFreiheit_Dr-Berten-320x320-3.jpg 320w, https:\/\/gefaessmedizin.de\/wp-content\/uploads\/2022\/09\/2-Gefaesszentrum-MuenchnerFreiheit_Dr-Berten-320x320-3-150x150.jpg 150w\" sizes=\"(max-width: 320px) 100vw, 320px\" \/>                    <span class=\"doc-galery__caption\">Dr. med.<br\/> Michaela Berten<\/span>\r\n                <\/a>\r\n                            <a class=\"doc-galery__item\" href=\"https:\/\/gefaessmedizin.de\/aerzte\/dr-med-cornelia-eulenstein\/\">\r\n                    <img decoding=\"async\" width=\"320\" height=\"320\" src=\"https:\/\/gefaessmedizin.de\/wp-content\/uploads\/2022\/09\/2-Gefaesszentrum-MuenchnerFreiheit_Dr-Eulenstein-320x320-3.jpg\" class=\"attachment-medium size-medium\" alt=\"Dr. med. Cornelia Eulenstein\" onerror=\"this.srcset=&quot;&quot;\" srcset=\"https:\/\/gefaessmedizin.de\/wp-content\/uploads\/2022\/09\/2-Gefaesszentrum-MuenchnerFreiheit_Dr-Eulenstein-320x320-3.jpg 320w, https:\/\/gefaessmedizin.de\/wp-content\/uploads\/2022\/09\/2-Gefaesszentrum-MuenchnerFreiheit_Dr-Eulenstein-320x320-3-150x150.jpg 150w\" sizes=\"(max-width: 320px) 100vw, 320px\" \/>                    <span class=\"doc-galery__caption\">Dr. med.<br\/> Cornelia Eulenstein<\/span>\r\n                <\/a>\r\n                            <a class=\"doc-galery__item\" href=\"https:\/\/gefaessmedizin.de\/aerzte\/frieder-scheib\/\">\r\n                    <img loading=\"lazy\" decoding=\"async\" width=\"320\" height=\"320\" src=\"https:\/\/gefaessmedizin.de\/wp-content\/uploads\/2022\/09\/2-Gefaesszentrum-MuenchnerFreiheit_Scheib-320x320-3.jpg\" class=\"attachment-medium size-medium\" alt=\"Frieder Scheib\" onerror=\"this.srcset=&quot;&quot;\" srcset=\"https:\/\/gefaessmedizin.de\/wp-content\/uploads\/2022\/09\/2-Gefaesszentrum-MuenchnerFreiheit_Scheib-320x320-3.jpg 320w, https:\/\/gefaessmedizin.de\/wp-content\/uploads\/2022\/09\/2-Gefaesszentrum-MuenchnerFreiheit_Scheib-320x320-3-150x150.jpg 150w\" sizes=\"(max-width: 320px) 100vw, 320px\" \/>                    <span class=\"doc-galery__caption\">Frieder Scheib<\/span>\r\n                <\/a>\r\n                            <a class=\"doc-galery__item\" href=\"https:\/\/gefaessmedizin.de\/aerzte\/dr-med-vanessa-raab\/\">\r\n                    <img loading=\"lazy\" decoding=\"async\" width=\"320\" height=\"320\" src=\"https:\/\/gefaessmedizin.de\/wp-content\/uploads\/2022\/09\/2-Gefaesszentrum-MuenchnerFreiheit_Dr-Raab-320x320-3.jpg\" class=\"attachment-medium size-medium\" alt=\"Dr. med. Vanessa Raab\" onerror=\"this.srcset=&quot;&quot;\" srcset=\"https:\/\/gefaessmedizin.de\/wp-content\/uploads\/2022\/09\/2-Gefaesszentrum-MuenchnerFreiheit_Dr-Raab-320x320-3.jpg 320w, https:\/\/gefaessmedizin.de\/wp-content\/uploads\/2022\/09\/2-Gefaesszentrum-MuenchnerFreiheit_Dr-Raab-320x320-3-150x150.jpg 150w\" sizes=\"(max-width: 320px) 100vw, 320px\" \/>                    <span class=\"doc-galery__caption\">Dr. med.<br\/> Vanessa Raab<\/span>\r\n                <\/a>\r\n                            <a class=\"doc-galery__item\" href=\"https:\/\/gefaessmedizin.de\/aerzte\/dr-med-hubert-stiegler\/\">\r\n                    <img loading=\"lazy\" decoding=\"async\" width=\"320\" height=\"320\" src=\"https:\/\/gefaessmedizin.de\/wp-content\/uploads\/2022\/09\/2-Gefaesszentrum-MuenchnerFreiheit_Dr-Stiegler-320x320-3.jpg\" class=\"attachment-medium size-medium\" alt=\"Dr. med. Hubert Stiegler\" onerror=\"this.srcset=&quot;&quot;\" srcset=\"https:\/\/gefaessmedizin.de\/wp-content\/uploads\/2022\/09\/2-Gefaesszentrum-MuenchnerFreiheit_Dr-Stiegler-320x320-3.jpg 320w, https:\/\/gefaessmedizin.de\/wp-content\/uploads\/2022\/09\/2-Gefaesszentrum-MuenchnerFreiheit_Dr-Stiegler-320x320-3-150x150.jpg 150w\" sizes=\"(max-width: 320px) 100vw, 320px\" \/>                    <span class=\"doc-galery__caption\">Dr. med.<br\/> Hubert Stiegler<\/span>\r\n                <\/a>\r\n                            <a class=\"doc-galery__item\" href=\"https:\/\/gefaessmedizin.de\/aerzte\/dr-med-matthias-schmutterer\/\">\r\n                    <img loading=\"lazy\" decoding=\"async\" width=\"320\" height=\"320\" src=\"https:\/\/gefaessmedizin.de\/wp-content\/uploads\/2022\/09\/2-Gefaesszentrum-MuenchnerFreiheit_Dr-Schmutterer-320x320-3.jpg\" class=\"attachment-medium size-medium\" alt=\"Dr. med. Matthias Schmutterer\" onerror=\"this.srcset=&quot;&quot;\" srcset=\"https:\/\/gefaessmedizin.de\/wp-content\/uploads\/2022\/09\/2-Gefaesszentrum-MuenchnerFreiheit_Dr-Schmutterer-320x320-3.jpg 320w, https:\/\/gefaessmedizin.de\/wp-content\/uploads\/2022\/09\/2-Gefaesszentrum-MuenchnerFreiheit_Dr-Schmutterer-320x320-3-150x150.jpg 150w\" sizes=\"(max-width: 320px) 100vw, 320px\" \/>                    <span class=\"doc-galery__caption\">Dr. med.<br\/> Matthias Schmutterer<\/span>\r\n                <\/a>\r\n                            <a class=\"doc-galery__item\" href=\"https:\/\/gefaessmedizin.de\/aerzte\/dr-med-julia-singer\/\">\r\n                    <img loading=\"lazy\" decoding=\"async\" width=\"320\" height=\"320\" src=\"https:\/\/gefaessmedizin.de\/wp-content\/uploads\/2024\/12\/6-Gefaesszentrum-MuenchnerFreiheit_Dr-Singer-xs-2.webp\" class=\"attachment-medium size-medium\" alt=\"Dr. med. Julia Singer\" onerror=\"this.srcset=&quot;&quot;\" \/>                    <span class=\"doc-galery__caption\">Dr. med.<br\/> Julia Singer<\/span>\r\n                <\/a>\r\n                            <a class=\"doc-galery__item\" href=\"https:\/\/gefaessmedizin.de\/aerzte\/anastasiya-stelmakh\/\">\r\n                    <img loading=\"lazy\" decoding=\"async\" width=\"218\" height=\"218\" src=\"https:\/\/gefaessmedizin.de\/wp-content\/uploads\/2024\/12\/Teaser_Dr_Anastasiya_Stelmakh.webp\" class=\"attachment-medium size-medium\" alt=\"Anastasiya Stelmakh\" onerror=\"this.srcset=&quot;&quot;\" \/>                    <span class=\"doc-galery__caption\">Anastasiya Stelmakh<\/span>\r\n                <\/a>\r\n                            <a class=\"doc-galery__item\" href=\"https:\/\/gefaessmedizin.de\/aerzte\/dr-irma-coralic\/\">\r\n                    <img loading=\"lazy\" decoding=\"async\" width=\"218\" height=\"218\" src=\"https:\/\/gefaessmedizin.de\/wp-content\/uploads\/2024\/12\/Dr.-Irma-Coralic.webp\" class=\"attachment-medium size-medium\" alt=\"Dr. Irma Coralic\" onerror=\"this.srcset=&quot;&quot;\" \/>                    <span class=\"doc-galery__caption\">Dr. Irma Coralic<\/span>\r\n                <\/a>\r\n                    <\/div>\r\n            <\/div>\r\n<\/div>\n\n<div class=\"img-container\">\r\n    <div class=\"container\">\r\n        <img loading=\"lazy\" decoding=\"async\" width=\"1598\" height=\"300\" src=\"https:\/\/gefaessmedizin.de\/wp-content\/uploads\/2022\/09\/6-Gefaesszentrum-MuenchnerFreiheit_Dr-Rauh-Bildband.jpg\" class=\"attachment-full size-full\" alt=\"Gef\u00e4\u00dfzentrum M\u00fcnchner Freiheit Bildband von Prof. Dr. med. G\u00fcnther Rauh\" srcset=\"https:\/\/gefaessmedizin.de\/wp-content\/uploads\/2022\/09\/6-Gefaesszentrum-MuenchnerFreiheit_Dr-Rauh-Bildband.jpg 1598w, https:\/\/gefaessmedizin.de\/wp-content\/uploads\/2022\/09\/6-Gefaesszentrum-MuenchnerFreiheit_Dr-Rauh-Bildband-360x68.jpg 360w, https:\/\/gefaessmedizin.de\/wp-content\/uploads\/2022\/09\/6-Gefaesszentrum-MuenchnerFreiheit_Dr-Rauh-Bildband-1024x192.jpg 1024w, https:\/\/gefaessmedizin.de\/wp-content\/uploads\/2022\/09\/6-Gefaesszentrum-MuenchnerFreiheit_Dr-Rauh-Bildband-768x144.jpg 768w, https:\/\/gefaessmedizin.de\/wp-content\/uploads\/2022\/09\/6-Gefaesszentrum-MuenchnerFreiheit_Dr-Rauh-Bildband-1536x288.jpg 1536w\" sizes=\"(max-width: 1598px) 100vw, 1598px\" \/>    <\/div>\r\n<\/div>","protected":false},"excerpt":{"rendered":"","protected":false},"author":2,"featured_media":0,"parent":5056,"menu_order":0,"comment_status":"closed","ping_status":"closed","template":"","meta":{"seo-data":"%5B%7B%22title-tag%22:%22Doris%20Schacherer,%20MD%20%7C%20Gef%C3%A4%C3%9Fmedizin%20M%C3%BCnchen%22,%22meta-description%22:%22Our%20Doctors%20%7C%20PD%20Dr.%20med.%20Doris%20Schacherer:%20Internistin,%20Angiologin,%20Gastroenterologin,%20Sportmedizinerin%20%E2%9C%93%20Education%20and%20Curriculum%20Vitae%20%E2%96%BA%20Learn%20More.%22,%22structured-data%22:%22%22%7D%5D","footnotes":""},"class_list":["post-7914","page","type-page","status-publish","hentry"],"yoast_head":"<!-- This site is optimized with the Yoast SEO plugin v25.9 - https:\/\/yoast.com\/wordpress\/plugins\/seo\/ -->\n<title>PD Dr. med. Doris Schacherer - Gef\u00e4\u00dfmedizin M\u00fcnchen<\/title>\n<meta name=\"robots\" content=\"index, follow, max-snippet:-1, max-image-preview:large, max-video-preview:-1\" \/>\n<link rel=\"canonical\" href=\"https:\/\/gefaessmedizin.de\/aerzte\/pd-dr-med-doris-schacherer\/\" \/>\n<meta property=\"og:locale\" content=\"en_US\" \/>\n<meta property=\"og:type\" content=\"article\" \/>\n<meta property=\"og:title\" content=\"PD Dr. med. Doris Schacherer - Gef\u00e4\u00dfmedizin M\u00fcnchen\" \/>\n<meta property=\"og:url\" content=\"https:\/\/gefaessmedizin.de\/aerzte\/pd-dr-med-doris-schacherer\/\" \/>\n<meta property=\"og:site_name\" content=\"Gef\u00e4\u00dfmedizin M\u00fcnchen\" \/>\n<meta property=\"article:modified_time\" content=\"2025-07-10T10:06:37+00:00\" \/>\n<meta name=\"twitter:card\" content=\"summary_large_image\" \/>\n<script type=\"application\/ld+json\" class=\"yoast-schema-graph\">{\"@context\":\"https:\/\/schema.org\",\"@graph\":[{\"@type\":\"WebPage\",\"@id\":\"https:\/\/gefaessmedizin.de\/aerzte\/pd-dr-med-doris-schacherer\/\",\"url\":\"https:\/\/gefaessmedizin.de\/aerzte\/pd-dr-med-doris-schacherer\/\",\"name\":\"PD Dr. med. Doris Schacherer - Gef\u00e4\u00dfmedizin M\u00fcnchen\",\"isPartOf\":{\"@id\":\"https:\/\/gefaessmedizin.de\/en\/#website\"},\"datePublished\":\"2025-06-20T10:01:14+00:00\",\"dateModified\":\"2025-07-10T10:06:37+00:00\",\"breadcrumb\":{\"@id\":\"https:\/\/gefaessmedizin.de\/aerzte\/pd-dr-med-doris-schacherer\/#breadcrumb\"},\"inLanguage\":\"en-US\",\"potentialAction\":[{\"@type\":\"ReadAction\",\"target\":[\"https:\/\/gefaessmedizin.de\/aerzte\/pd-dr-med-doris-schacherer\/\"]}]},{\"@type\":\"BreadcrumbList\",\"@id\":\"https:\/\/gefaessmedizin.de\/aerzte\/pd-dr-med-doris-schacherer\/#breadcrumb\",\"itemListElement\":[{\"@type\":\"ListItem\",\"position\":1,\"name\":\"Startseite\",\"item\":\"https:\/\/gefaessmedizin.de\/en\/\"},{\"@type\":\"ListItem\",\"position\":2,\"name\":\"Doctors\",\"item\":\"https:\/\/gefaessmedizin.de\/en\/doctors\/\"},{\"@type\":\"ListItem\",\"position\":3,\"name\":\"PD Dr. med. Doris Schacherer\"}]},{\"@type\":\"WebSite\",\"@id\":\"https:\/\/gefaessmedizin.de\/en\/#website\",\"url\":\"https:\/\/gefaessmedizin.de\/en\/\",\"name\":\"Gef\u00e4\u00dfmedizin M\u00fcnchen\",\"description\":\"Gef\u00e4\u00dfmedizin M\u00fcnchen | \u2713 Venen- und Arterienerkrankungen \u2713 Diagnostik \u2713 Therapie \u25ba Jetzt informieren.\",\"potentialAction\":[{\"@type\":\"SearchAction\",\"target\":{\"@type\":\"EntryPoint\",\"urlTemplate\":\"https:\/\/gefaessmedizin.de\/en\/?s={search_term_string}\"},\"query-input\":{\"@type\":\"PropertyValueSpecification\",\"valueRequired\":true,\"valueName\":\"search_term_string\"}}],\"inLanguage\":\"en-US\"}]}<\/script>\n<!-- \/ Yoast SEO plugin. -->","yoast_head_json":{"title":"PD Dr. med. Doris Schacherer - Gef\u00e4\u00dfmedizin M\u00fcnchen","robots":{"index":"index","follow":"follow","max-snippet":"max-snippet:-1","max-image-preview":"max-image-preview:large","max-video-preview":"max-video-preview:-1"},"canonical":"https:\/\/gefaessmedizin.de\/aerzte\/pd-dr-med-doris-schacherer\/","og_locale":"en_US","og_type":"article","og_title":"PD Dr. med. Doris Schacherer - Gef\u00e4\u00dfmedizin M\u00fcnchen","og_url":"https:\/\/gefaessmedizin.de\/aerzte\/pd-dr-med-doris-schacherer\/","og_site_name":"Gef\u00e4\u00dfmedizin M\u00fcnchen","article_modified_time":"2025-07-10T10:06:37+00:00","twitter_card":"summary_large_image","schema":{"@context":"https:\/\/schema.org","@graph":[{"@type":"WebPage","@id":"https:\/\/gefaessmedizin.de\/aerzte\/pd-dr-med-doris-schacherer\/","url":"https:\/\/gefaessmedizin.de\/aerzte\/pd-dr-med-doris-schacherer\/","name":"PD Dr. med. Doris Schacherer - Gef\u00e4\u00dfmedizin M\u00fcnchen","isPartOf":{"@id":"https:\/\/gefaessmedizin.de\/en\/#website"},"datePublished":"2025-06-20T10:01:14+00:00","dateModified":"2025-07-10T10:06:37+00:00","breadcrumb":{"@id":"https:\/\/gefaessmedizin.de\/aerzte\/pd-dr-med-doris-schacherer\/#breadcrumb"},"inLanguage":"en-US","potentialAction":[{"@type":"ReadAction","target":["https:\/\/gefaessmedizin.de\/aerzte\/pd-dr-med-doris-schacherer\/"]}]},{"@type":"BreadcrumbList","@id":"https:\/\/gefaessmedizin.de\/aerzte\/pd-dr-med-doris-schacherer\/#breadcrumb","itemListElement":[{"@type":"ListItem","position":1,"name":"Startseite","item":"https:\/\/gefaessmedizin.de\/en\/"},{"@type":"ListItem","position":2,"name":"Doctors","item":"https:\/\/gefaessmedizin.de\/en\/doctors\/"},{"@type":"ListItem","position":3,"name":"PD Dr. med. Doris Schacherer"}]},{"@type":"WebSite","@id":"https:\/\/gefaessmedizin.de\/en\/#website","url":"https:\/\/gefaessmedizin.de\/en\/","name":"Gef\u00e4\u00dfmedizin M\u00fcnchen","description":"Gef\u00e4\u00dfmedizin M\u00fcnchen | \u2713 Venen- und Arterienerkrankungen \u2713 Diagnostik \u2713 Therapie \u25ba Jetzt informieren.","potentialAction":[{"@type":"SearchAction","target":{"@type":"EntryPoint","urlTemplate":"https:\/\/gefaessmedizin.de\/en\/?s={search_term_string}"},"query-input":{"@type":"PropertyValueSpecification","valueRequired":true,"valueName":"search_term_string"}}],"inLanguage":"en-US"}]}},"_links":{"self":[{"href":"https:\/\/gefaessmedizin.de\/en\/wp-json\/wp\/v2\/pages\/7914","targetHints":{"allow":["GET"]}}],"collection":[{"href":"https:\/\/gefaessmedizin.de\/en\/wp-json\/wp\/v2\/pages"}],"about":[{"href":"https:\/\/gefaessmedizin.de\/en\/wp-json\/wp\/v2\/types\/page"}],"author":[{"embeddable":true,"href":"https:\/\/gefaessmedizin.de\/en\/wp-json\/wp\/v2\/users\/2"}],"replies":[{"embeddable":true,"href":"https:\/\/gefaessmedizin.de\/en\/wp-json\/wp\/v2\/comments?post=7914"}],"version-history":[{"count":1,"href":"https:\/\/gefaessmedizin.de\/en\/wp-json\/wp\/v2\/pages\/7914\/revisions"}],"predecessor-version":[{"id":7915,"href":"https:\/\/gefaessmedizin.de\/en\/wp-json\/wp\/v2\/pages\/7914\/revisions\/7915"}],"up":[{"embeddable":true,"href":"https:\/\/gefaessmedizin.de\/en\/wp-json\/wp\/v2\/pages\/5056"}],"wp:attachment":[{"href":"https:\/\/gefaessmedizin.de\/en\/wp-json\/wp\/v2\/media?parent=7914"}],"curies":[{"name":"wp","href":"https:\/\/api.w.org\/{rel}","templated":true}]}}